{"id":4720,"date":"2024-05-17T08:40:10","date_gmt":"2024-05-17T08:40:10","guid":{"rendered":"https:\/\/23b13e8ab3.nxcli.io\/sweden\/?post_type=product&#038;p=4720"},"modified":"2024-08-23T13:26:24","modified_gmt":"2024-08-23T13:26:24","slug":"energizer-universal-charger","status":"publish","type":"product","link":"https:\/\/energizer.com\/eu\/sweden\/product\/energizer-universal-charger\/","title":{"rendered":"ENERGIZER\u00ae UNIVERSAL CHARGER"},"content":{"rendered":"<ul>\n<li>Universal batteriladdare f\u00f6r alla uppladdningsbara batterier i standardstorlekar (AA, AAA, C, D och 9V)<\/li>\n<li>Laddar 4 AA-batterier helt p\u00e5 5 timmar *<\/li>\n<li>I LED-displayf\u00e4ltet visas laddningsstatusen f\u00f6r batterierna<\/li>\n<li>Laddar 2 eller 4 uppladdningsbara AA-, AAA-, C- eller D-batterier eller 1 eller 2 9V-batterier samtidigt<\/li>\n<li>Integrerad adapter och l\u00f6stagbar kabel som \u00e4r enkla att f\u00f6rvara n\u00e4r de inte anv\u00e4nds. F\u00f6r att maximera batteriprestandan och skydda mot \u00f6verladdning st\u00e4ngs enheten av automatiskt n\u00e4r batterierna \u00e4r f\u00e4rdigladdade<\/li>\n<li>Kompatibel med AAA, AA, C, D och 9V NiMH-batterier (Energizer Recharge-batterier rekommenderas)<\/li>\n<\/ul>\n","protected":false},"excerpt":{"rendered":"<p>Letar du efter ett enkelt s\u00e4tt att ladda ALLA dina batterier? Med Energizer universalladdare kan du ladda standarduppladdningsbara batterier av alla storlekar &#8211; fr\u00e5n AAA till 9V NiMH &#8211; med bara en enhet. LED-statusf\u00e4ltet visar slutet av laddningsprocessen i realtid. F\u00f6r att maximera batteriprestandan avslutar laddaren automatiskt laddningsprocessen s\u00e5 snart batterierna \u00e4r fulladdade. Tack vare m\u00e5nga s\u00e4kerhetsfunktioner, s\u00e5som detektering av felaktiga och prim\u00e4ra batterier, skydd mot omv\u00e4nd polaritet och en timer f\u00f6r att skydda mot \u00f6verladdning, laddas dina batterier tillf\u00f6rlitligt och utan problem, varje g\u00e5ng.<\/p>\n","protected":false},"featured_media":0,"comment_status":"open","ping_status":"closed","template":"","meta":{"_acf_changed":false},"product_brand":[],"product_cat":[82],"product_tag":[],"class_list":{"0":"post-4720","1":"product","2":"type-product","3":"status-publish","5":"product_cat-recharge-battery-chargers","7":"first","8":"instock","9":"shipping-taxable","10":"product-type-simple"},"acf":[],"_links":{"self":[{"href":"https:\/\/energizer.com\/eu\/sweden\/wp-json\/wp\/v2\/product\/4720","targetHints":{"allow":["GET"]}}],"collection":[{"href":"https:\/\/energizer.com\/eu\/sweden\/wp-json\/wp\/v2\/product"}],"about":[{"href":"https:\/\/energizer.com\/eu\/sweden\/wp-json\/wp\/v2\/types\/product"}],"replies":[{"embeddable":true,"href":"https:\/\/energizer.com\/eu\/sweden\/wp-json\/wp\/v2\/comments?post=4720"}],"version-history":[{"count":9,"href":"https:\/\/energizer.com\/eu\/sweden\/wp-json\/wp\/v2\/product\/4720\/revisions"}],"predecessor-version":[{"id":9931,"href":"https:\/\/energizer.com\/eu\/sweden\/wp-json\/wp\/v2\/product\/4720\/revisions\/9931"}],"wp:attachment":[{"href":"https:\/\/energizer.com\/eu\/sweden\/wp-json\/wp\/v2\/media?parent=4720"}],"wp:term":[{"taxonomy":"product_brand","embeddable":true,"href":"https:\/\/energizer.com\/eu\/sweden\/wp-json\/wp\/v2\/product_brand?post=4720"},{"taxonomy":"product_cat","embeddable":true,"href":"https:\/\/energizer.com\/eu\/sweden\/wp-json\/wp\/v2\/product_cat?post=4720"},{"taxonomy":"product_tag","embeddable":true,"href":"https:\/\/energizer.com\/eu\/sweden\/wp-json\/wp\/v2\/product_tag?post=4720"}],"curies":[{"name":"wp","href":"https:\/\/api.w.org\/{rel}","templated":true}]}}