{"id":4815,"date":"2024-05-13T07:35:22","date_gmt":"2024-05-13T07:35:22","guid":{"rendered":"https:\/\/23b13e8ab3.nxcli.io\/sweden\/?post_type=product&#038;p=4815"},"modified":"2025-08-04T12:33:30","modified_gmt":"2025-08-04T12:33:30","slug":"energizer-max-plus-aa","status":"publish","type":"product","link":"https:\/\/energizer.com\/eu\/sweden\/product\/energizer-max-plus-aa\/","title":{"rendered":"ENERGIZER\u00ae MAX PLUS \u2122 &#8211; AA"},"content":{"rendered":"<ul>\n<li>Energizer Max Plus AA-batterier, alkaliska<\/li>\n<li>R\u00e4cker l\u00e4ngst: Detta #1 alkaliska batteri som r\u00e4cker l\u00e4ngre fr\u00e5n Energizer varar upp till 200 % l\u00e4ngre \u00e4n Energizer basic alkaliska i digitalkameror<\/li>\n<li>Trusted Power: Energizer alkaliska batterier f\u00f6r fj\u00e4rrkontroller, klockor, kameror och mer av dina vardagliga enheter<\/li>\n<li>L\u00e4ckageskydd: AA-batterier med l\u00e4ckagebest\u00e4ndig konstruktion f\u00f6r att skydda dina enheter mot l\u00e4ckor och t\u00e4ckta av Energizer No Leak Guarantee<\/li>\n<li>P\u00e5litlig: Varje Energizer alkaliska AA-batteri bevarar kraften i upp till 10 \u00e5r vid f\u00f6rvaring, s\u00e5 de \u00e4r redo n\u00e4r du beh\u00f6ver dem<\/li>\n<li>Energizer Innovation: Fr\u00e5n tillverkarna av AA-batteriet med v\u00e4rldens l\u00e4ngsta livsl\u00e4ngd, Energizer Ultimate Lithium<\/li>\n<\/ul>\n","protected":false},"excerpt":{"rendered":"<p>F\u00e5 ut det mesta av dina viktiga enheter med den p\u00e5litliga, l\u00e5nglivade kraften du kan f\u00f6rv\u00e4nta dig av Energizer-batterier. Fyll p\u00e5 AA-spelkontrollbatterier och alkaliska AA-batterier f\u00f6r lampor, fj\u00e4rrkontroller, klockor och leksaker. Detta AA-batteripaket \u00e4r ocks\u00e5 ett utm\u00e4rkt val om du beh\u00f6ver p\u00e5litliga LED-ljusbatterier. Energizer Max Plus AA, bevarar kraften i upp till 10 \u00e5r vid f\u00f6rvaring och deras l\u00e4ckages\u00e4kra konstruktion skyddar dina enheter mot l\u00e4ckor. Med Energizer \u00e4r kraften redo n\u00e4r du \u00e4r. Energizer Max Plus-serien inkluderar AA- och AAA-batterier, samt C-, D- och 9V-batterier, s\u00e5 det \u00e4r l\u00e4tt att hitta p\u00e5litlig kraft i den storlek du beh\u00f6ver.<\/p>\n","protected":false},"featured_media":10502,"comment_status":"open","ping_status":"closed","template":"","meta":{"_acf_changed":false},"product_brand":[],"product_cat":[87],"product_tag":[],"class_list":{"0":"post-4815","1":"product","2":"type-product","3":"status-publish","4":"has-post-thumbnail","6":"product_cat-energizer-max-plus","8":"first","9":"instock","10":"shipping-taxable","11":"product-type-simple"},"acf":[],"_links":{"self":[{"href":"https:\/\/energizer.com\/eu\/sweden\/wp-json\/wp\/v2\/product\/4815","targetHints":{"allow":["GET"]}}],"collection":[{"href":"https:\/\/energizer.com\/eu\/sweden\/wp-json\/wp\/v2\/product"}],"about":[{"href":"https:\/\/energizer.com\/eu\/sweden\/wp-json\/wp\/v2\/types\/product"}],"replies":[{"embeddable":true,"href":"https:\/\/energizer.com\/eu\/sweden\/wp-json\/wp\/v2\/comments?post=4815"}],"version-history":[{"count":13,"href":"https:\/\/energizer.com\/eu\/sweden\/wp-json\/wp\/v2\/product\/4815\/revisions"}],"predecessor-version":[{"id":10503,"href":"https:\/\/energizer.com\/eu\/sweden\/wp-json\/wp\/v2\/product\/4815\/revisions\/10503"}],"wp:featuredmedia":[{"embeddable":true,"href":"https:\/\/energizer.com\/eu\/sweden\/wp-json\/wp\/v2\/media\/10502"}],"wp:attachment":[{"href":"https:\/\/energizer.com\/eu\/sweden\/wp-json\/wp\/v2\/media?parent=4815"}],"wp:term":[{"taxonomy":"product_brand","embeddable":true,"href":"https:\/\/energizer.com\/eu\/sweden\/wp-json\/wp\/v2\/product_brand?post=4815"},{"taxonomy":"product_cat","embeddable":true,"href":"https:\/\/energizer.com\/eu\/sweden\/wp-json\/wp\/v2\/product_cat?post=4815"},{"taxonomy":"product_tag","embeddable":true,"href":"https:\/\/energizer.com\/eu\/sweden\/wp-json\/wp\/v2\/product_tag?post=4815"}],"curies":[{"name":"wp","href":"https:\/\/api.w.org\/{rel}","templated":true}]}}