{"id":5056,"date":"2024-05-21T05:08:35","date_gmt":"2024-05-21T05:08:35","guid":{"rendered":"https:\/\/23b13e8ab3.nxcli.io\/sweden\/?post_type=product&#038;p=5056"},"modified":"2024-11-06T13:07:19","modified_gmt":"2024-11-06T13:07:19","slug":"energizer-recharge-extreme-aaa","status":"publish","type":"product","link":"https:\/\/energizer.com\/eu\/sweden\/product\/energizer-recharge-extreme-aaa\/","title":{"rendered":"ENERGIZER\u00ae RECHARGE EXTREME \u2013 AAA"},"content":{"rendered":"<ul>\n<li>4-pack Energizer Accu Recharge Extreme uppladdningsbara AAA-batterier<\/li>\n<li>R\u00e4cker l\u00e4ngre: Dessa Energizer uppladdningsbara batterier r\u00e4cker upp till 5 g\u00e5nger l\u00e4ngre i digitalkameror \u00e4n EVEREADY GOLD\u00ae \u2013 resultaten kan variera beroende p\u00e5 enhet<\/li>\n<li>Trusted Power: Idealisk f\u00f6r kr\u00e4vande enheter som digitalkameror, spelkontroller, fj\u00e4rrkontroller och ficklampor<\/li>\n<li>L\u00e4ckageskydd: AAA uppladdningsbara batterier \u00e4r designade f\u00f6r att skydda dina viktiga enheter fr\u00e5n skadliga l\u00e4ckor under normala anv\u00e4ndningsf\u00f6rh\u00e5llanden<\/li>\n<li>Uppladdningsbart: Varje AAA-batteri kan laddas upp hundratals g\u00e5nger, och bevarar kraften i upp till 12 m\u00e5nader vid f\u00f6rvaring.<\/li>\n<li>Kundernas val: Energizer \u00e4r v\u00e4rldens fr\u00e4msta uppladdningsbara varum\u00e4rke, baserat p\u00e5 f\u00f6rs\u00e4ljning av skanningar<\/li>\n<li>Energizer Innovation: V\u00e4rldens f\u00f6rsta laddningsbara AAA-batteri tillverkat av 22 % \u00e5tervunnet material<\/li>\n<\/ul>\n","protected":false},"excerpt":{"rendered":"<p>F\u00e5 ut det mesta av dina vardagliga och h\u00f6gteknologiska enheter med den p\u00e5litliga kraften hos Energizer Accu Recharge Extreme uppladdningsbara AAA-batterier. Fyll p\u00e5 Energizer uppladdningsbara batterier f\u00f6r kameror och spelkontroller, samt batterier f\u00f6r lampor, ficklampor, klockor och andra tr\u00e5dl\u00f6sa enheter. Detta batteripaket \u00e4r ocks\u00e5 ett utm\u00e4rkt val om du beh\u00f6ver ett l\u00e5nglivat AAA Recharge spelkontrollbatteri. Alltid redo n\u00e4r du \u00e4r, Energizer Recharge AAA-batterier \u00e4r fulladdade och bevarar kraften i upp till 12 m\u00e5nader vid f\u00f6rvaring. Varje batteri kan laddas cirka 500 g\u00e5nger med valfri Energizer Recharge Charger. Batterierna \u00e4r designade f\u00f6r att skydda dina viktiga enheter fr\u00e5n skadliga l\u00e4ckor under normala anv\u00e4ndningsf\u00f6rh\u00e5llanden. Denna Energizer Accu Recharge Extreme-serie inneh\u00e5ller ocks\u00e5 AA-batterier, s\u00e5 det \u00e4r l\u00e4tt att hitta p\u00e5litlig kraft i den storlek du beh\u00f6ver. Sedan Energizer skapade v\u00e4rldens originalbatteri f\u00f6r konsumenter 1896, har Energizer lett satsningen inom industriinnovation med en stolt historia av de f\u00f6rsta, inklusive v\u00e4rldens f\u00f6rsta batteritestare. Varum\u00e4rket f\u00f6r detta fram\u00e5tt\u00e4nkande \u00e4ven till milj\u00f6initiativ, utvecklade det f\u00f6rsta uppladdningsbara batterisystemet n\u00e5gonsin 1958 och introducerade det f\u00f6rsta nolltillsatta kvicksilverbatteriet 1989. Energizer Recharge-batterier var ocks\u00e5 de f\u00f6rsta uppladdningsbara som inneh\u00f6ll \u00e5tervunna batterier. F\u00f6retaget samarbetar med organisationer som uppmuntrar, informerar och ger konsumenter m\u00f6jlighet att \u00e5tervinna icke-uppladdningsbara batterier, s\u00e5v\u00e4l som batterif\u00f6rpackningar. Beror p\u00e5 kraften hos Energizer-batterier.<\/p>\n","protected":false},"featured_media":0,"comment_status":"open","ping_status":"closed","template":"","meta":{"_acf_changed":false},"product_brand":[],"product_cat":[31],"product_tag":[],"class_list":{"0":"post-5056","1":"product","2":"type-product","3":"status-publish","5":"product_cat-energizer-recharge","7":"first","8":"instock","9":"shipping-taxable","10":"product-type-simple"},"acf":[],"_links":{"self":[{"href":"https:\/\/energizer.com\/eu\/sweden\/wp-json\/wp\/v2\/product\/5056","targetHints":{"allow":["GET"]}}],"collection":[{"href":"https:\/\/energizer.com\/eu\/sweden\/wp-json\/wp\/v2\/product"}],"about":[{"href":"https:\/\/energizer.com\/eu\/sweden\/wp-json\/wp\/v2\/types\/product"}],"replies":[{"embeddable":true,"href":"https:\/\/energizer.com\/eu\/sweden\/wp-json\/wp\/v2\/comments?post=5056"}],"version-history":[{"count":11,"href":"https:\/\/energizer.com\/eu\/sweden\/wp-json\/wp\/v2\/product\/5056\/revisions"}],"predecessor-version":[{"id":10178,"href":"https:\/\/energizer.com\/eu\/sweden\/wp-json\/wp\/v2\/product\/5056\/revisions\/10178"}],"wp:attachment":[{"href":"https:\/\/energizer.com\/eu\/sweden\/wp-json\/wp\/v2\/media?parent=5056"}],"wp:term":[{"taxonomy":"product_brand","embeddable":true,"href":"https:\/\/energizer.com\/eu\/sweden\/wp-json\/wp\/v2\/product_brand?post=5056"},{"taxonomy":"product_cat","embeddable":true,"href":"https:\/\/energizer.com\/eu\/sweden\/wp-json\/wp\/v2\/product_cat?post=5056"},{"taxonomy":"product_tag","embeddable":true,"href":"https:\/\/energizer.com\/eu\/sweden\/wp-json\/wp\/v2\/product_tag?post=5056"}],"curies":[{"name":"wp","href":"https:\/\/api.w.org\/{rel}","templated":true}]}}