{"id":5062,"date":"2024-05-21T05:13:59","date_gmt":"2024-05-21T05:13:59","guid":{"rendered":"https:\/\/23b13e8ab3.nxcli.io\/sweden\/?post_type=product&#038;p=5062"},"modified":"2024-11-07T04:45:23","modified_gmt":"2024-11-07T04:45:23","slug":"energizer-recharge-power-plus-d","status":"publish","type":"product","link":"https:\/\/energizer.com\/eu\/sweden\/product\/energizer-recharge-power-plus-d\/","title":{"rendered":"ENERGIZER\u00ae RECHARGE POWER PLUS \u2013 D"},"content":{"rendered":"<ul>\n<li>Energizer Recharge Power Plus D-batterier<\/li>\n<li>L\u00e5nglivad: Energizer uppladdningsbara D-batterier levererar l\u00e5nglivad kraft till dina enheter<\/li>\n<li>P\u00e5litlig kraft: Perfekt f\u00f6r vardagliga och h\u00f6gteknologiska enheter, som leksaker, s\u00e4kerhetslampor och ficklampor<\/li>\n<li>L\u00e4ckageskydd: Energizer uppladdningsbara batterier \u00e4r designade f\u00f6r att skydda dina viktiga enheter fr\u00e5n skadliga l\u00e4ckor under normala anv\u00e4ndningsf\u00f6rh\u00e5llanden<\/li>\n<li>Uppladdningsbart: Varje batteri kan laddas hundratals g\u00e5nger, med upp till 3 \u00e5rs anv\u00e4ndbar batteritid<\/li>\n<li>Kundernas val: Energizer \u00e4r v\u00e4rldens fr\u00e4msta uppladdningsbara varum\u00e4rke, baserat p\u00e5 f\u00f6rs\u00e4ljning av skanningar<\/li>\n<li>Energizer Innovation: V\u00e4rldens f\u00f6rsta uppladdningsbara D-batteri tillverkat med 7 % \u00e5tervunna batterier<\/li>\n<li>100 % \u00e5tervinningsbar f\u00f6rpackning: Energizer-f\u00f6rpackningen \u00e4r 100 % \u00e5tervinningsbar, st\u00f6der ansvarsfullt skogsbruk och \u00e4r plastfri, exklusive f\u00f6rsegling p\u00e5 utvalda f\u00f6rpackningar<\/li>\n<\/ul>\n","protected":false},"excerpt":{"rendered":"<p>F\u00e5 ut det mesta av dina vardagliga och h\u00f6gteknologiska enheter med den p\u00e5litliga kraften hos Energizer Accu Recharge Power Plus D-batterier. Fyll p\u00e5 Energizer uppladdningsbara batterier f\u00f6r lampor och klockor, samt batterier f\u00f6r d\u00f6rrklockor, fj\u00e4rrkontroller, ljudenheter och annan tr\u00e5dl\u00f6s elektronik. Detta D-batteripaket \u00e4r ocks\u00e5 ett utm\u00e4rkt val om du beh\u00f6ver l\u00e5nglivade laddningsbara D-batterier f\u00f6r kameror, med bara en laddning som r\u00e4cker upp till 349 bilder. Alltid redo n\u00e4r du \u00e4r, Energizer Accu Recharge Power Plus D-batterier \u00e4r fulladdade och bevarar kraften i upp till 12 m\u00e5nader vid f\u00f6rvaring.<\/p>\n","protected":false},"featured_media":0,"comment_status":"open","ping_status":"closed","template":"","meta":{"_acf_changed":false},"product_brand":[],"product_cat":[31],"product_tag":[],"class_list":{"0":"post-5062","1":"product","2":"type-product","3":"status-publish","5":"product_cat-energizer-recharge","7":"first","8":"instock","9":"shipping-taxable","10":"product-type-simple"},"acf":[],"_links":{"self":[{"href":"https:\/\/energizer.com\/eu\/sweden\/wp-json\/wp\/v2\/product\/5062","targetHints":{"allow":["GET"]}}],"collection":[{"href":"https:\/\/energizer.com\/eu\/sweden\/wp-json\/wp\/v2\/product"}],"about":[{"href":"https:\/\/energizer.com\/eu\/sweden\/wp-json\/wp\/v2\/types\/product"}],"replies":[{"embeddable":true,"href":"https:\/\/energizer.com\/eu\/sweden\/wp-json\/wp\/v2\/comments?post=5062"}],"version-history":[{"count":16,"href":"https:\/\/energizer.com\/eu\/sweden\/wp-json\/wp\/v2\/product\/5062\/revisions"}],"predecessor-version":[{"id":10186,"href":"https:\/\/energizer.com\/eu\/sweden\/wp-json\/wp\/v2\/product\/5062\/revisions\/10186"}],"wp:attachment":[{"href":"https:\/\/energizer.com\/eu\/sweden\/wp-json\/wp\/v2\/media?parent=5062"}],"wp:term":[{"taxonomy":"product_brand","embeddable":true,"href":"https:\/\/energizer.com\/eu\/sweden\/wp-json\/wp\/v2\/product_brand?post=5062"},{"taxonomy":"product_cat","embeddable":true,"href":"https:\/\/energizer.com\/eu\/sweden\/wp-json\/wp\/v2\/product_cat?post=5062"},{"taxonomy":"product_tag","embeddable":true,"href":"https:\/\/energizer.com\/eu\/sweden\/wp-json\/wp\/v2\/product_tag?post=5062"}],"curies":[{"name":"wp","href":"https:\/\/api.w.org\/{rel}","templated":true}]}}