{"id":5187,"date":"2024-05-21T13:21:03","date_gmt":"2024-05-21T13:21:03","guid":{"rendered":"https:\/\/23b13e8ab3.nxcli.io\/sweden\/?post_type=product&#038;p=5187"},"modified":"2024-11-07T10:39:50","modified_gmt":"2024-11-07T10:39:50","slug":"energizer-2d-metal-torch","status":"publish","type":"product","link":"https:\/\/energizer.com\/eu\/sweden\/product\/energizer-2d-metal-torch\/","title":{"rendered":"Energizer 2D Metal Torch"},"content":{"rendered":"<ul>\n<li>Stor tryckknappsbrytare<\/li>\n<li>Strukturerad yta f\u00f6r stadigt grepp<\/li>\n<li>Mycket robust struktur f\u00f6r grova, tuffa jobb<\/li>\n<li>3 Nichia lysdioder<\/li>\n<li>Stark ljusstyrka<\/li>\n<li>Slagt\u00e5lig<\/li>\n<li>2 x D alkaliska batterier ing\u00e5r<\/li>\n<\/ul>\n","protected":false},"excerpt":{"rendered":"<p>Denna ljusa och h\u00e5llbara Energizer Metal LED ficklampa \u00e4r ett p\u00e5litligt val f\u00f6r hush\u00e5lls- och arbetsbehov. Med en robust metallkonstruktion och dagens LED-belysning, lyser denna ergonomiska l\u00f6sning ocks\u00e5 upp till 4X starkare \u00e4n standard LED-belysning. Den ger timmar och timmar av klart, enhetligt ljus f\u00f6r en m\u00e4ngd olika hush\u00e5lls- och arbetsuppgifter.<\/p>\n","protected":false},"featured_media":0,"comment_status":"open","ping_status":"closed","template":"","meta":{"_acf_changed":false},"product_brand":[],"product_cat":[97],"product_tag":[],"class_list":{"0":"post-5187","1":"product","2":"type-product","3":"status-publish","5":"product_cat-handheld","7":"first","8":"instock","9":"shipping-taxable","10":"product-type-simple"},"acf":[],"_links":{"self":[{"href":"https:\/\/energizer.com\/eu\/sweden\/wp-json\/wp\/v2\/product\/5187","targetHints":{"allow":["GET"]}}],"collection":[{"href":"https:\/\/energizer.com\/eu\/sweden\/wp-json\/wp\/v2\/product"}],"about":[{"href":"https:\/\/energizer.com\/eu\/sweden\/wp-json\/wp\/v2\/types\/product"}],"replies":[{"embeddable":true,"href":"https:\/\/energizer.com\/eu\/sweden\/wp-json\/wp\/v2\/comments?post=5187"}],"version-history":[{"count":6,"href":"https:\/\/energizer.com\/eu\/sweden\/wp-json\/wp\/v2\/product\/5187\/revisions"}],"predecessor-version":[{"id":10274,"href":"https:\/\/energizer.com\/eu\/sweden\/wp-json\/wp\/v2\/product\/5187\/revisions\/10274"}],"wp:attachment":[{"href":"https:\/\/energizer.com\/eu\/sweden\/wp-json\/wp\/v2\/media?parent=5187"}],"wp:term":[{"taxonomy":"product_brand","embeddable":true,"href":"https:\/\/energizer.com\/eu\/sweden\/wp-json\/wp\/v2\/product_brand?post=5187"},{"taxonomy":"product_cat","embeddable":true,"href":"https:\/\/energizer.com\/eu\/sweden\/wp-json\/wp\/v2\/product_cat?post=5187"},{"taxonomy":"product_tag","embeddable":true,"href":"https:\/\/energizer.com\/eu\/sweden\/wp-json\/wp\/v2\/product_tag?post=5187"}],"curies":[{"name":"wp","href":"https:\/\/api.w.org\/{rel}","templated":true}]}}