{"id":5193,"date":"2024-05-21T13:32:31","date_gmt":"2024-05-21T13:32:31","guid":{"rendered":"https:\/\/23b13e8ab3.nxcli.io\/sweden\/?post_type=product&#038;p=5193"},"modified":"2024-11-07T11:02:58","modified_gmt":"2024-11-07T11:02:58","slug":"energizer-hybrid-tactical-1200","status":"publish","type":"product","link":"https:\/\/energizer.com\/eu\/sweden\/product\/energizer-hybrid-tactical-1200\/","title":{"rendered":"Energizer HYBRID TACTICAL 1200"},"content":{"rendered":"<ul>\n<li>Energizer Hybrid Tactical LED-ficklampa<\/li>\n<li>Ett tufft taktisk metallficklampa som kombinerar kraftfull ljusstyrka och robust konstruktion<\/li>\n<li>Perfekt som n\u00f6dljus, campingficklampa och LED-arbetslampa<\/li>\n<li>Kraftfullt ljust LED-ljus ger upp till 1200 lumen i 4 timmar i h\u00f6gt l\u00e4ge<\/li>\n<li>IPX4 vattent\u00e4t och slagt\u00e5lig upp till 0.9 meter<\/li>\n<li>Drivs med ett uppladdningsbart batteripaket (medf\u00f6ljer) eller 6 AA-batterier f\u00f6r en m\u00e5ngsidig batteridriven lampa<\/li>\n<li>Lita p\u00e5 Energizer f\u00f6r p\u00e5litlig prestanda i alla situationer<\/li>\n<\/ul>\n","protected":false},"excerpt":{"rendered":"<p>Lys ett starkt ljus i m\u00f6rka situationer med Energizer Hybrid Tactical ficklampa. Kraftfull prestanda och robust konstruktion f\u00f6renas i denna tuffa LED-ficklampa i metall. F\u00f6rvara en i din ryggs\u00e4ck som ett campingljus, eller placera en i ditt hem som en n\u00f6dficklampa. Upp till 15 g\u00e5nger ljusare \u00e4n standard LED-belysningsteknik, kastar den uppladdningsbara ficklampan en str\u00e5le som n\u00e5r \u00f6ver 198 meter. H\u00f6ga och l\u00e5ga l\u00e4gen ger r\u00e4tt m\u00e4ngd ljus f\u00f6r din uppgift, och stroboskopljus hj\u00e4lper dig att h\u00e5lla dig redo f\u00f6r en n\u00f6dsituation. Utomhuslampan anv\u00e4nder antingen AA-batterier eller det laddningsbara batteripaketet som medf\u00f6ljer. Denna uppladdningsbara lampa laddas helt p\u00e5 8 timmar via en USB-laddningskabel och har en USB-port som g\u00f6r att den kan ladda dina andra enheter. En kropp av aluminium av flygplanskvalitet och en splitters\u00e4ker lins ger robust h\u00e5llbarhet, och en bakre tryckknapp g\u00f6r denna Energizer-ficklampa l\u00e4tt att anv\u00e4nda. Lita p\u00e5 Energizer f\u00f6r p\u00e5litlig prestanda i alla situationer.<\/p>\n","protected":false},"featured_media":0,"comment_status":"open","ping_status":"closed","template":"","meta":{"_acf_changed":false},"product_brand":[],"product_cat":[97],"product_tag":[],"class_list":{"0":"post-5193","1":"product","2":"type-product","3":"status-publish","5":"product_cat-handheld","7":"first","8":"instock","9":"shipping-taxable","10":"product-type-simple"},"acf":[],"_links":{"self":[{"href":"https:\/\/energizer.com\/eu\/sweden\/wp-json\/wp\/v2\/product\/5193","targetHints":{"allow":["GET"]}}],"collection":[{"href":"https:\/\/energizer.com\/eu\/sweden\/wp-json\/wp\/v2\/product"}],"about":[{"href":"https:\/\/energizer.com\/eu\/sweden\/wp-json\/wp\/v2\/types\/product"}],"replies":[{"embeddable":true,"href":"https:\/\/energizer.com\/eu\/sweden\/wp-json\/wp\/v2\/comments?post=5193"}],"version-history":[{"count":6,"href":"https:\/\/energizer.com\/eu\/sweden\/wp-json\/wp\/v2\/product\/5193\/revisions"}],"predecessor-version":[{"id":10275,"href":"https:\/\/energizer.com\/eu\/sweden\/wp-json\/wp\/v2\/product\/5193\/revisions\/10275"}],"wp:attachment":[{"href":"https:\/\/energizer.com\/eu\/sweden\/wp-json\/wp\/v2\/media?parent=5193"}],"wp:term":[{"taxonomy":"product_brand","embeddable":true,"href":"https:\/\/energizer.com\/eu\/sweden\/wp-json\/wp\/v2\/product_brand?post=5193"},{"taxonomy":"product_cat","embeddable":true,"href":"https:\/\/energizer.com\/eu\/sweden\/wp-json\/wp\/v2\/product_cat?post=5193"},{"taxonomy":"product_tag","embeddable":true,"href":"https:\/\/energizer.com\/eu\/sweden\/wp-json\/wp\/v2\/product_tag?post=5193"}],"curies":[{"name":"wp","href":"https:\/\/api.w.org\/{rel}","templated":true}]}}