{"id":5199,"date":"2024-05-21T13:54:58","date_gmt":"2024-05-21T13:54:58","guid":{"rendered":"https:\/\/23b13e8ab3.nxcli.io\/sweden\/?post_type=product&#038;p=5199"},"modified":"2024-11-07T11:11:36","modified_gmt":"2024-11-07T11:11:36","slug":"energizer-x-focus-2aa-torch","status":"publish","type":"product","link":"https:\/\/energizer.com\/eu\/sweden\/product\/energizer-x-focus-2aa-torch\/","title":{"rendered":"Energizer X Focus 2AA Torch"},"content":{"rendered":"<ul>\n<li>Justerbar fokuseringsljusstr\u00e5le<\/li>\n<li>Utrustndstr\u00f6mbrytare trykknapp baktill till 10 g\u00e5nger ljusare starkare j\u00e4mf\u00f6rt med standard LED-teknik<\/li>\n<li>Kompakt och l\u00e4tt<\/li>\n<li>Halkfritt grepp och inbyggd snodd\u00f6gla<\/li>\n<li>L\u00e5ngvarig prestanda<\/li>\n<li>Vattent\u00e5lig f\u00f6r utomhusbruk<\/li>\n<li>Drivs med 2 AA-batterier<\/li>\n<\/ul>\n","protected":false},"excerpt":{"rendered":"<p>Energizer X-Focus har en kompakt och l\u00e4tt design och ger ett starkt ljus med det senaste inom LED-teknik. Ljuset har exceptionell str\u00e5lflexibilitet genom en justerbar fokuseringslins. En enkel vridning g\u00f6r det m\u00f6jligt f\u00f6r anv\u00e4ndare att justera ljusstr\u00e5len till antingen en kraftfull punktstr\u00e5le eller bred flodljus f\u00f6r att m\u00f6ta alla belysningsbehov. Ljuset \u00e4r konstruerat med ett halkfritt grepp, snodd\u00f6gla och en splitters\u00e4ker lins f\u00f6r att f\u00f6rb\u00e4ttra h\u00e5llbarheten. Energizer X-Focus \u00e4r ett verkligt kraftfullt ljus f\u00f6r alla behov av belysning inomhus och utomhus.<\/p>\n","protected":false},"featured_media":0,"comment_status":"open","ping_status":"closed","template":"","meta":{"_acf_changed":false},"product_brand":[],"product_cat":[97],"product_tag":[],"class_list":{"0":"post-5199","1":"product","2":"type-product","3":"status-publish","5":"product_cat-handheld","7":"first","8":"instock","9":"shipping-taxable","10":"product-type-simple"},"acf":[],"_links":{"self":[{"href":"https:\/\/energizer.com\/eu\/sweden\/wp-json\/wp\/v2\/product\/5199","targetHints":{"allow":["GET"]}}],"collection":[{"href":"https:\/\/energizer.com\/eu\/sweden\/wp-json\/wp\/v2\/product"}],"about":[{"href":"https:\/\/energizer.com\/eu\/sweden\/wp-json\/wp\/v2\/types\/product"}],"replies":[{"embeddable":true,"href":"https:\/\/energizer.com\/eu\/sweden\/wp-json\/wp\/v2\/comments?post=5199"}],"version-history":[{"count":7,"href":"https:\/\/energizer.com\/eu\/sweden\/wp-json\/wp\/v2\/product\/5199\/revisions"}],"predecessor-version":[{"id":10277,"href":"https:\/\/energizer.com\/eu\/sweden\/wp-json\/wp\/v2\/product\/5199\/revisions\/10277"}],"wp:attachment":[{"href":"https:\/\/energizer.com\/eu\/sweden\/wp-json\/wp\/v2\/media?parent=5199"}],"wp:term":[{"taxonomy":"product_brand","embeddable":true,"href":"https:\/\/energizer.com\/eu\/sweden\/wp-json\/wp\/v2\/product_brand?post=5199"},{"taxonomy":"product_cat","embeddable":true,"href":"https:\/\/energizer.com\/eu\/sweden\/wp-json\/wp\/v2\/product_cat?post=5199"},{"taxonomy":"product_tag","embeddable":true,"href":"https:\/\/energizer.com\/eu\/sweden\/wp-json\/wp\/v2\/product_tag?post=5199"}],"curies":[{"name":"wp","href":"https:\/\/api.w.org\/{rel}","templated":true}]}}