{"id":5201,"date":"2024-05-21T13:59:06","date_gmt":"2024-05-21T13:59:06","guid":{"rendered":"https:\/\/23b13e8ab3.nxcli.io\/sweden\/?post_type=product&#038;p=5201"},"modified":"2024-11-07T11:15:24","modified_gmt":"2024-11-07T11:15:24","slug":"energizer-x-focus-small-torch","status":"publish","type":"product","link":"https:\/\/energizer.com\/eu\/sweden\/product\/energizer-x-focus-small-torch\/","title":{"rendered":"Energizer X Focus (small) Torch"},"content":{"rendered":"<ul>\n<li>Justerbar fokuseringsljusstr\u00e5le<\/li>\n<li>\u00a0Utrusttare p\u00e5 \u00e4nden trykknapp baktill<\/li>\n<li>Halkfritt grepp och inbyggd \u00f6gla f\u00f6r lanyard Kompakt oc<\/li>\n<li>Upp till 10 g\u00e5nger ljusare starka med vanlig LED-teknik<\/li>\n<li>L\u00e5ngvarig prestanda<\/li>\n<li>Utm\u00e4rkt str\u00e5lkastaravst\u00e5nd<\/li>\n<li>Vattenresistent f\u00f6r utomhusbruk<\/li>\n<\/ul>\n","protected":false},"excerpt":{"rendered":"<p>Energizer X-Focus har en kompakt och l\u00e4tt design och \u00e4r ett starkt personligt ljus med det senaste inom LED-teknik. Ljuset har exceptionell str\u00e5lflexibilitet genom en justerbar fokuseringslins. En enkel vridning g\u00f6r det m\u00f6jligt f\u00f6r anv\u00e4ndare att justera ljusstr\u00e5len till antingen en kraftfull punktstr\u00e5le eller bred flodljus f\u00f6r att m\u00f6ta alla belysningsbehov. Ljuset \u00e4r konstruerat med ett halkfritt grepp, snodd\u00f6gla och en splitters\u00e4ker lins f\u00f6r att f\u00f6rb\u00e4ttra h\u00e5llbarheten. Energizer X-Focus \u00e4r en verkligt kraftfull men \u00e4nd\u00e5 kompakt lampa f\u00f6r alla behov av belysning inomhus och utomhus.<\/p>\n","protected":false},"featured_media":0,"comment_status":"open","ping_status":"closed","template":"","meta":{"_acf_changed":false},"product_brand":[],"product_cat":[97],"product_tag":[],"class_list":{"0":"post-5201","1":"product","2":"type-product","3":"status-publish","5":"product_cat-handheld","7":"first","8":"instock","9":"shipping-taxable","10":"product-type-simple"},"acf":[],"_links":{"self":[{"href":"https:\/\/energizer.com\/eu\/sweden\/wp-json\/wp\/v2\/product\/5201","targetHints":{"allow":["GET"]}}],"collection":[{"href":"https:\/\/energizer.com\/eu\/sweden\/wp-json\/wp\/v2\/product"}],"about":[{"href":"https:\/\/energizer.com\/eu\/sweden\/wp-json\/wp\/v2\/types\/product"}],"replies":[{"embeddable":true,"href":"https:\/\/energizer.com\/eu\/sweden\/wp-json\/wp\/v2\/comments?post=5201"}],"version-history":[{"count":7,"href":"https:\/\/energizer.com\/eu\/sweden\/wp-json\/wp\/v2\/product\/5201\/revisions"}],"predecessor-version":[{"id":10279,"href":"https:\/\/energizer.com\/eu\/sweden\/wp-json\/wp\/v2\/product\/5201\/revisions\/10279"}],"wp:attachment":[{"href":"https:\/\/energizer.com\/eu\/sweden\/wp-json\/wp\/v2\/media?parent=5201"}],"wp:term":[{"taxonomy":"product_brand","embeddable":true,"href":"https:\/\/energizer.com\/eu\/sweden\/wp-json\/wp\/v2\/product_brand?post=5201"},{"taxonomy":"product_cat","embeddable":true,"href":"https:\/\/energizer.com\/eu\/sweden\/wp-json\/wp\/v2\/product_cat?post=5201"},{"taxonomy":"product_tag","embeddable":true,"href":"https:\/\/energizer.com\/eu\/sweden\/wp-json\/wp\/v2\/product_tag?post=5201"}],"curies":[{"name":"wp","href":"https:\/\/api.w.org\/{rel}","templated":true}]}}