{"id":5203,"date":"2024-05-21T14:02:51","date_gmt":"2024-05-21T14:02:51","guid":{"rendered":"https:\/\/23b13e8ab3.nxcli.io\/sweden\/?post_type=product&#038;p=5203"},"modified":"2024-08-22T07:12:10","modified_gmt":"2024-08-22T07:12:10","slug":"energizer-head-torch-vision-headlight","status":"publish","type":"product","link":"https:\/\/energizer.com\/eu\/sweden\/product\/energizer-head-torch-vision-headlight\/","title":{"rendered":"Energizer Head Torch, Vision Headlight"},"content":{"rendered":"<ul>\n<li>Energizer Vision huvudlampa med 3 lysdioder och justerbart elastiskt huvudband, 3 AAA alkaliska batterier ing\u00e5r<\/li>\n<li>LED-teknik: Denna kraftfulla 200-lumen LED-huvudlampa har en imponerande r\u00e4ckvidd p\u00e5 50 meter<\/li>\n<li>H\u00e5llbar konstruktion: Idealisk f\u00f6r l\u00e5ngvarig anv\u00e4ndning, denna h\u00e5llbara huvudlampa klarar falltestet p\u00e5 1 meter och har en splitters\u00e4ker lins<\/li>\n<li>M\u00e5ngsidig lampa f\u00f6r handsfree anv\u00e4ndning: Den l\u00e4ttanv\u00e4nda, kompakta handsfree ficklampan \u00e4r perfekt f\u00f6r str\u00f6mavbrott, g\u00f6r-det-sj\u00e4lv och mer<\/li>\n<li>Bekv\u00e4m design: Direkt ljus d\u00e4r du beh\u00f6ver det med denna vattent\u00e4ta l\u00e4tta pannlampa, som erbjuder en fast passform med ett justerbart pannband och bekv\u00e4mt st\u00f6d<\/li>\n<li>Drifttid: Denna l\u00e5ngvariga och effektiva pannlampa kan lysa i upp till 7 timmar i h\u00f6gt l\u00e4ge<\/li>\n<li>P\u00e5litlig kraft: Lita p\u00e5 Energizer f\u00f6r att leverera den kraftfulla prestanda vi lovar \u2013 alla Energizer-lyktor \u00e4r testade och f\u00f6ljer strikta, p\u00e5litliga ANSI-standarder<\/li>\n<\/ul>\n","protected":false},"excerpt":{"rendered":"<p>H\u00e5ll h\u00e4nderna fria och njut av varje \u00e4ventyr till fullo med denna l\u00e4tta och m\u00e5ngsidiga pannlampa. Energizer Vision-pannlampan \u00e4r kompakt och handsfree \u2013 perfekt f\u00f6r g\u00f6r-det-sj\u00e4lv och aktiviteter som kr\u00e4ver b\u00e5da h\u00e4nderna. Och den kommer att belysa din v\u00e4g p\u00e5 alla eskapader efter m\u00f6rkrets inbrott, oavsett om du campar, vandrar eller \u00e4r ute och springer. Denna 200-lumen LED-huvudlampa kommer att lysa upp \u00e4ven de m\u00f6rkaste utrymmena och lyser upp till 50 meter i h\u00f6gt l\u00e4ge f\u00f6r mycket ljus precis d\u00e4r du beh\u00f6ver det. V\u00e4lj l\u00e5g eller h\u00f6g effekt f\u00f6r det perfekta ljusl\u00e4get f\u00f6r din aktivitet, njut av det senaste inom LED-teknik och riklig drifttid.<\/p>\n","protected":false},"featured_media":0,"comment_status":"open","ping_status":"closed","template":"","meta":{"_acf_changed":false},"product_brand":[],"product_cat":[43],"product_tag":[],"class_list":{"0":"post-5203","1":"product","2":"type-product","3":"status-publish","5":"product_cat-hands-free","7":"first","8":"instock","9":"shipping-taxable","10":"product-type-simple"},"acf":[],"_links":{"self":[{"href":"https:\/\/energizer.com\/eu\/sweden\/wp-json\/wp\/v2\/product\/5203","targetHints":{"allow":["GET"]}}],"collection":[{"href":"https:\/\/energizer.com\/eu\/sweden\/wp-json\/wp\/v2\/product"}],"about":[{"href":"https:\/\/energizer.com\/eu\/sweden\/wp-json\/wp\/v2\/types\/product"}],"replies":[{"embeddable":true,"href":"https:\/\/energizer.com\/eu\/sweden\/wp-json\/wp\/v2\/comments?post=5203"}],"version-history":[{"count":5,"href":"https:\/\/energizer.com\/eu\/sweden\/wp-json\/wp\/v2\/product\/5203\/revisions"}],"predecessor-version":[{"id":9213,"href":"https:\/\/energizer.com\/eu\/sweden\/wp-json\/wp\/v2\/product\/5203\/revisions\/9213"}],"wp:attachment":[{"href":"https:\/\/energizer.com\/eu\/sweden\/wp-json\/wp\/v2\/media?parent=5203"}],"wp:term":[{"taxonomy":"product_brand","embeddable":true,"href":"https:\/\/energizer.com\/eu\/sweden\/wp-json\/wp\/v2\/product_brand?post=5203"},{"taxonomy":"product_cat","embeddable":true,"href":"https:\/\/energizer.com\/eu\/sweden\/wp-json\/wp\/v2\/product_cat?post=5203"},{"taxonomy":"product_tag","embeddable":true,"href":"https:\/\/energizer.com\/eu\/sweden\/wp-json\/wp\/v2\/product_tag?post=5203"}],"curies":[{"name":"wp","href":"https:\/\/api.w.org\/{rel}","templated":true}]}}