{"id":5210,"date":"2024-05-21T18:35:17","date_gmt":"2024-05-21T18:35:17","guid":{"rendered":"https:\/\/23b13e8ab3.nxcli.io\/sweden\/?post_type=product&#038;p=5210"},"modified":"2024-11-07T11:44:34","modified_gmt":"2024-11-07T11:44:34","slug":"energizer-rubber-impact-torch","status":"publish","type":"product","link":"https:\/\/energizer.com\/eu\/sweden\/product\/energizer-rubber-impact-torch\/","title":{"rendered":"Energizer Rubber Impact Torch"},"content":{"rendered":"<ul>\n<li>Drivs av tv\u00e5 AAA-batterier (ing\u00e5r)<\/li>\n<li>Slitstark gummikonstruktion med halkfritt grepp<\/li>\n<li>F\u00e4sts p\u00e5 en snodd eller karbinhake<\/li>\n<li>Upp till tio g\u00e5nger ljusare starkare i [appropriate context\/reference]<\/li>\n<li>J\u00e4mf\u00f6rt med konventionell LED-teknik<\/li>\n<li>Bekv\u00e4mt inbyggt stativ<\/li>\n<li>Har 60 lumen och en r\u00e4ckvidd p\u00e5 upp till 50 m under en drifttid p\u00e5 18 timmar<\/li>\n<\/ul>\n","protected":false},"excerpt":{"rendered":"<p>Energizer Compact Rubber ficklampa har ljusstark LED-teknik och en h\u00e5llbar, ergonomisk design. Denna lampa har ett halkfritt, strukturerat gummigrepp f\u00f6r ergonomi och st\u00f6rre h\u00e5llbarhet. Med det praktiska integrerade stativet kan ficklampan anv\u00e4ndas handsfree n\u00e4r det beh\u00f6vs. Den integrerade \u00f6glan g\u00f6r den l\u00e4tt att f\u00e4sta p\u00e5 en snodd eller karbinhake. Den h\u00e5llbara tryckknappsbrytaren \u00e4r oksossbar. Energizer Compact Rubber Torch \u00e4r den ultimata g\u00f6r-det-sj\u00e4lv-ficklampan med utm\u00e4rkt ljuseffekt och tillf\u00f6rlitlighet f\u00f6r alla typer av projekt.<\/p>\n","protected":false},"featured_media":0,"comment_status":"open","ping_status":"closed","template":"","meta":{"_acf_changed":false},"product_brand":[],"product_cat":[97],"product_tag":[],"class_list":{"0":"post-5210","1":"product","2":"type-product","3":"status-publish","5":"product_cat-handheld","7":"first","8":"instock","9":"shipping-taxable","10":"product-type-simple"},"acf":[],"_links":{"self":[{"href":"https:\/\/energizer.com\/eu\/sweden\/wp-json\/wp\/v2\/product\/5210","targetHints":{"allow":["GET"]}}],"collection":[{"href":"https:\/\/energizer.com\/eu\/sweden\/wp-json\/wp\/v2\/product"}],"about":[{"href":"https:\/\/energizer.com\/eu\/sweden\/wp-json\/wp\/v2\/types\/product"}],"replies":[{"embeddable":true,"href":"https:\/\/energizer.com\/eu\/sweden\/wp-json\/wp\/v2\/comments?post=5210"}],"version-history":[{"count":7,"href":"https:\/\/energizer.com\/eu\/sweden\/wp-json\/wp\/v2\/product\/5210\/revisions"}],"predecessor-version":[{"id":10283,"href":"https:\/\/energizer.com\/eu\/sweden\/wp-json\/wp\/v2\/product\/5210\/revisions\/10283"}],"wp:attachment":[{"href":"https:\/\/energizer.com\/eu\/sweden\/wp-json\/wp\/v2\/media?parent=5210"}],"wp:term":[{"taxonomy":"product_brand","embeddable":true,"href":"https:\/\/energizer.com\/eu\/sweden\/wp-json\/wp\/v2\/product_brand?post=5210"},{"taxonomy":"product_cat","embeddable":true,"href":"https:\/\/energizer.com\/eu\/sweden\/wp-json\/wp\/v2\/product_cat?post=5210"},{"taxonomy":"product_tag","embeddable":true,"href":"https:\/\/energizer.com\/eu\/sweden\/wp-json\/wp\/v2\/product_tag?post=5210"}],"curies":[{"name":"wp","href":"https:\/\/api.w.org\/{rel}","templated":true}]}}