{"id":5212,"date":"2024-05-21T18:37:35","date_gmt":"2024-05-21T18:37:35","guid":{"rendered":"https:\/\/23b13e8ab3.nxcli.io\/sweden\/?post_type=product&#038;p=5212"},"modified":"2024-08-22T07:11:55","modified_gmt":"2024-08-22T07:11:55","slug":"energizer-led-pocket-torch","status":"publish","type":"product","link":"https:\/\/energizer.com\/eu\/sweden\/product\/energizer-led-pocket-torch\/","title":{"rendered":"Energizer LED Pocket Torch"},"content":{"rendered":"<ul>\n<li>Kompakt och l\u00e4tt LED-ficklampa fungerar p\u00e5 2 Energizer MAX AAA-batterier (ing\u00e5r)<\/li>\n<li>Ficklampa ger upp till 19 timmars drifttid och upp till 45 lumen, 10X starkare ljus j\u00e4mf\u00f6rt med standard LED-teknik<\/li>\n<li>Lyser upp till 44 meter, vilket g\u00f6r den idealisk f\u00f6r allt fr\u00e5n g\u00f6r-det-sj\u00e4lv-projekt hemma till utomhusaktiviteter som nattliga hundpromenader<\/li>\n<li>Denna mini-LED-ficklampa \u00e4r slagt\u00e5lig mot fall upp till 1 meter och \u00e4r gjord f\u00f6r fickor, handv\u00e4skor och ryggs\u00e4ckar<\/li>\n<li>Den h\u00e4r lilla ficklampan har en texturerad str\u00f6mbrytare som \u00e4r l\u00e4tt att hitta och en slinga f\u00f6r nyckelband eller nyckelringar<\/li>\n<\/ul>\n","protected":false},"excerpt":{"rendered":"<p>Kompakt, l\u00e4tt, en p\u00e5litlig presterare. Det beskriver Energizer LED Pocket Torch perfekt. Ta fram den h\u00e4r lilla ficklampan och f\u00e5 upp till 45 lumen med 10 g\u00e5nger starkare ljus j\u00e4mf\u00f6rt med vanlig LED-teknik. Den har en drifttid p\u00e5 upp till 19 timmar, s\u00e5 du beh\u00f6ver inte anv\u00e4nda den sparsamt. Det \u00e4r en p\u00e5litlig ficklampa med slagt\u00e5lighet mot fall p\u00e5 upp till 1 meter. Den h\u00e4r mini-LED-lampan har naturligtvis en str\u00f6mbrytare, och den har en strukturerad yta s\u00e5 att du kan hitta och anv\u00e4nda den p\u00e5 k\u00e4nsla. Ha en i n\u00e4rheten f\u00f6r g\u00f6r-det-sj\u00e4lv-projekt \u2013 med en platt bas fungerar den bra som arbetslampa. L\u00e4gg en i handv\u00e4skan f\u00f6r n\u00f6dsituationer. Den f\u00e5r plats i barnens ryggs\u00e4ckar (de tycker om ficklampor).<\/p>\n","protected":false},"featured_media":0,"comment_status":"open","ping_status":"closed","template":"","meta":{"_acf_changed":false},"product_brand":[],"product_cat":[97],"product_tag":[],"class_list":{"0":"post-5212","1":"product","2":"type-product","3":"status-publish","5":"product_cat-handheld","7":"first","8":"instock","9":"shipping-taxable","10":"product-type-simple"},"acf":[],"_links":{"self":[{"href":"https:\/\/energizer.com\/eu\/sweden\/wp-json\/wp\/v2\/product\/5212","targetHints":{"allow":["GET"]}}],"collection":[{"href":"https:\/\/energizer.com\/eu\/sweden\/wp-json\/wp\/v2\/product"}],"about":[{"href":"https:\/\/energizer.com\/eu\/sweden\/wp-json\/wp\/v2\/types\/product"}],"replies":[{"embeddable":true,"href":"https:\/\/energizer.com\/eu\/sweden\/wp-json\/wp\/v2\/comments?post=5212"}],"version-history":[{"count":5,"href":"https:\/\/energizer.com\/eu\/sweden\/wp-json\/wp\/v2\/product\/5212\/revisions"}],"predecessor-version":[{"id":9216,"href":"https:\/\/energizer.com\/eu\/sweden\/wp-json\/wp\/v2\/product\/5212\/revisions\/9216"}],"wp:attachment":[{"href":"https:\/\/energizer.com\/eu\/sweden\/wp-json\/wp\/v2\/media?parent=5212"}],"wp:term":[{"taxonomy":"product_brand","embeddable":true,"href":"https:\/\/energizer.com\/eu\/sweden\/wp-json\/wp\/v2\/product_brand?post=5212"},{"taxonomy":"product_cat","embeddable":true,"href":"https:\/\/energizer.com\/eu\/sweden\/wp-json\/wp\/v2\/product_cat?post=5212"},{"taxonomy":"product_tag","embeddable":true,"href":"https:\/\/energizer.com\/eu\/sweden\/wp-json\/wp\/v2\/product_tag?post=5212"}],"curies":[{"name":"wp","href":"https:\/\/api.w.org\/{rel}","templated":true}]}}