{"id":5215,"date":"2024-05-21T18:40:19","date_gmt":"2024-05-21T18:40:19","guid":{"rendered":"https:\/\/23b13e8ab3.nxcli.io\/sweden\/?post_type=product&#038;p=5215"},"modified":"2024-11-07T11:45:39","modified_gmt":"2024-11-07T11:45:39","slug":"energizer-led-torch","status":"publish","type":"product","link":"https:\/\/energizer.com\/eu\/sweden\/product\/energizer-led-torch\/","title":{"rendered":"Energizer LED Torch 90"},"content":{"rendered":"<ul>\n<li>Energizer Metal Torch med 1 vit lysdiod och 2 alkaliska AA-batterier inkluderade<\/li>\n<li>Superljus ficklampa: Denna LED-ficklampa p\u00e5 90 lumen erbjuder exceptionell ljusstyrka och h\u00f6g prestanda, vilket g\u00f6r att du kan se upp till 45<\/li>\n<li>Meter, vilket ger 4 g\u00e5nger starkare ljus \u00e4n vanlig LED-teknik<\/li>\n<li>Mycket m\u00e5ngsidig: Denna l\u00e4ttanv\u00e4nda, kompakta LED-ficklampa \u00e4r perfekt f\u00f6r str\u00f6mavbrott, g\u00f6r-det-sj\u00e4lv och mer<\/li>\n<li>\u00a0H\u00e5llbar konstruktion: Idealisk f\u00f6r l\u00e5ngvarig anv\u00e4ndning, denna robusta ficklampa \u00e4r slagt\u00e5lig mot fall upp till 1 meter<\/li>\n<li>Drifttid:\u202fEnergizer LED-ficklampa kan lysa i upp till 25 timmar<\/li>\n<li>L\u00e4ttvikt: F\u00f6rvara denna m\u00e5ngsidiga smala ficklampa i din byr\u00e5l\u00e5da, bil, n\u00f6dutrustningskit f\u00f6r hemmet eller b\u00e4r den i v\u00e4skan<\/li>\n<li>Design f\u00f6r l\u00e4tt grepp: Dess bekv\u00e4ma design med en strukturerad yta f\u00f6r stadigt grepp och en tryckknappsbrytare g\u00f6r att du enkelt kan h\u00e5lla och anv\u00e4nda den<\/li>\n<\/ul>\n","protected":false},"excerpt":{"rendered":"<p>Lys upp din omgivning utan anstr\u00e4ngning med den h\u00e4r h\u00f6gpresterande, superljusstarka handlampan. Energizer Metal Torch ger exceptionell ljusstyrka i upp till 25 timmar \u2013 oavsett om du \u00e4r p\u00e5 v\u00e4g ut p\u00e5 \u00e4ventyr eller f\u00f6rbereder dig f\u00f6r n\u00f6dsituationer hemma. Perfekt f\u00f6r camping, g\u00f6r-det-sj\u00e4lv-arbete eller f\u00f6r str\u00f6mavbrott hemma, din Energizer-ficklampa finns till hands f\u00f6r att hj\u00e4lpa dig att hitta r\u00e4tt i m\u00f6rkret. Denna LED-handlampa p\u00e5 90 lumen kan lysa upp de m\u00f6rkaste utrymmena, lysa upp upp till 45 meter i h\u00f6gl\u00e4ge och ge 4 g\u00e5nger starkare ljus \u00e4n vanlig LED-teknik. Den \u00e4r l\u00e4tt att h\u00e5lla i och anv\u00e4nda, tack vare sin bekv\u00e4ma design med tryckknappsbrytare och texturerad yta f\u00f6r fast grepp.<\/p>\n","protected":false},"featured_media":0,"comment_status":"open","ping_status":"closed","template":"","meta":{"_acf_changed":false},"product_brand":[],"product_cat":[97],"product_tag":[],"class_list":{"0":"post-5215","1":"product","2":"type-product","3":"status-publish","5":"product_cat-handheld","7":"first","8":"instock","9":"shipping-taxable","10":"product-type-simple"},"acf":[],"_links":{"self":[{"href":"https:\/\/energizer.com\/eu\/sweden\/wp-json\/wp\/v2\/product\/5215","targetHints":{"allow":["GET"]}}],"collection":[{"href":"https:\/\/energizer.com\/eu\/sweden\/wp-json\/wp\/v2\/product"}],"about":[{"href":"https:\/\/energizer.com\/eu\/sweden\/wp-json\/wp\/v2\/types\/product"}],"replies":[{"embeddable":true,"href":"https:\/\/energizer.com\/eu\/sweden\/wp-json\/wp\/v2\/comments?post=5215"}],"version-history":[{"count":6,"href":"https:\/\/energizer.com\/eu\/sweden\/wp-json\/wp\/v2\/product\/5215\/revisions"}],"predecessor-version":[{"id":10284,"href":"https:\/\/energizer.com\/eu\/sweden\/wp-json\/wp\/v2\/product\/5215\/revisions\/10284"}],"wp:attachment":[{"href":"https:\/\/energizer.com\/eu\/sweden\/wp-json\/wp\/v2\/media?parent=5215"}],"wp:term":[{"taxonomy":"product_brand","embeddable":true,"href":"https:\/\/energizer.com\/eu\/sweden\/wp-json\/wp\/v2\/product_brand?post=5215"},{"taxonomy":"product_cat","embeddable":true,"href":"https:\/\/energizer.com\/eu\/sweden\/wp-json\/wp\/v2\/product_cat?post=5215"},{"taxonomy":"product_tag","embeddable":true,"href":"https:\/\/energizer.com\/eu\/sweden\/wp-json\/wp\/v2\/product_tag?post=5215"}],"curies":[{"name":"wp","href":"https:\/\/api.w.org\/{rel}","templated":true}]}}