{"id":5227,"date":"2024-05-21T18:58:25","date_gmt":"2024-05-21T18:58:25","guid":{"rendered":"https:\/\/23b13e8ab3.nxcli.io\/sweden\/?post_type=product&#038;p=5227"},"modified":"2024-11-07T11:55:59","modified_gmt":"2024-11-07T11:55:59","slug":"energizer-metal-torch-3aaa","status":"publish","type":"product","link":"https:\/\/energizer.com\/eu\/sweden\/product\/energizer-metal-torch-3aaa\/","title":{"rendered":"Energizer Metal Torch 3AAA"},"content":{"rendered":"<ul>\n<li>3 vita lysdioder<\/li>\n<li>Extremt l\u00e4tt, du kan ta den \u00f6verallt<\/li>\n<li>Slagt\u00e5lig<\/li>\n<li>Lanyard medf\u00f6ljer &#8211; l\u00e4tt att b\u00e4ra med sig<\/li>\n<li>Fungerar med 3 x AAA-batterier<\/li>\n<\/ul>\n","protected":false},"excerpt":{"rendered":"<p>Energizer Metal Torch levererar en balans mellan starkt ljus och imponerande k\u00f6rtid, sammansatt i en kompakt storlek. Ficklampan har en h\u00e5llbar metallkonstruktion f\u00f6r \u00f6kad tillf\u00f6rlitlighet. Det strukturerade greppet g\u00f6r att lampan sitter s\u00e4kert i din hand, medan lanyardf\u00e4stet g\u00f6r den l\u00e4tt att transportera.<\/p>\n","protected":false},"featured_media":0,"comment_status":"open","ping_status":"closed","template":"","meta":{"_acf_changed":false},"product_brand":[],"product_cat":[97],"product_tag":[],"class_list":{"0":"post-5227","1":"product","2":"type-product","3":"status-publish","5":"product_cat-handheld","7":"first","8":"instock","9":"shipping-taxable","10":"product-type-simple"},"acf":[],"_links":{"self":[{"href":"https:\/\/energizer.com\/eu\/sweden\/wp-json\/wp\/v2\/product\/5227","targetHints":{"allow":["GET"]}}],"collection":[{"href":"https:\/\/energizer.com\/eu\/sweden\/wp-json\/wp\/v2\/product"}],"about":[{"href":"https:\/\/energizer.com\/eu\/sweden\/wp-json\/wp\/v2\/types\/product"}],"replies":[{"embeddable":true,"href":"https:\/\/energizer.com\/eu\/sweden\/wp-json\/wp\/v2\/comments?post=5227"}],"version-history":[{"count":5,"href":"https:\/\/energizer.com\/eu\/sweden\/wp-json\/wp\/v2\/product\/5227\/revisions"}],"predecessor-version":[{"id":10285,"href":"https:\/\/energizer.com\/eu\/sweden\/wp-json\/wp\/v2\/product\/5227\/revisions\/10285"}],"wp:attachment":[{"href":"https:\/\/energizer.com\/eu\/sweden\/wp-json\/wp\/v2\/media?parent=5227"}],"wp:term":[{"taxonomy":"product_brand","embeddable":true,"href":"https:\/\/energizer.com\/eu\/sweden\/wp-json\/wp\/v2\/product_brand?post=5227"},{"taxonomy":"product_cat","embeddable":true,"href":"https:\/\/energizer.com\/eu\/sweden\/wp-json\/wp\/v2\/product_cat?post=5227"},{"taxonomy":"product_tag","embeddable":true,"href":"https:\/\/energizer.com\/eu\/sweden\/wp-json\/wp\/v2\/product_tag?post=5227"}],"curies":[{"name":"wp","href":"https:\/\/api.w.org\/{rel}","templated":true}]}}