{"id":5233,"date":"2024-05-21T19:13:55","date_gmt":"2024-05-21T19:13:55","guid":{"rendered":"https:\/\/23b13e8ab3.nxcli.io\/sweden\/?post_type=product&#038;p=5233"},"modified":"2024-11-07T12:04:48","modified_gmt":"2024-11-07T12:04:48","slug":"energizer-led-torch-vision-hd-metal","status":"publish","type":"product","link":"https:\/\/energizer.com\/eu\/sweden\/product\/energizer-led-torch-vision-hd-metal\/","title":{"rendered":"Energizer LED Torch, Vision HD Metal"},"content":{"rendered":"<ul>\n<li>Energizer Vision HD Metal Torch, Energizer Vision HD Metal Torch med 3 inkluderade alkaliska AAA-batterier<\/li>\n<li>Superljus ficklampa: Denna LED-ficklampa p\u00e5 270 lumen erbjuder exceptionell ljusstyrka och h\u00f6g prestanda, vilket g\u00f6r att du kan se upp till 84 meter i h\u00f6gl\u00e4ge<\/li>\n<li>3 ljusl\u00e4gen: Denna metallficklampa har 3 ljusl\u00e4gen: H\u00f6g, energisparl\u00e4ge och n\u00f6dblink<\/li>\n<li>H\u00e5llbar legeringskonstruktion: Det robusta metallh\u00f6ljet och IPX4-standard ger skydd mot skador och st\u00e4nk<\/li>\n<li>tid i timmar:\u202fEnergizer LED-fackla ficklampa kan lysa i upp till 12,5 timmar i l\u00e5gt l\u00e4ge<\/li>\n<li>Praktisk storlek: F\u00f6rvara denna m\u00e5ngsidiga, kraftfulla ficklampa i din byr\u00e5l\u00e5da, bil, n\u00f6dutrustning i hemmet eller b\u00e4r den i v\u00e4skan<\/li>\n<li>P\u00e5litlig MAX-VIZ-teknik: Energizers kraftfulla teknik replikerar dagsljus f\u00f6r h\u00f6guppl\u00f6st syn som du kan lita p\u00e5<\/li>\n<\/ul>\n","protected":false},"excerpt":{"rendered":"<p>Lys upp din omgivning utan anstr\u00e4ngning med denna h\u00f6gpresterande, superljusstarka ficklampa. Energizer Metal Vision HD, en kompakt ficklampa som ger exceptionell ljusstyrka i upp till 12,5 timmar i energisparl\u00e4ge \u2013 oavsett om du \u00e4r p\u00e5 v\u00e4g ut p\u00e5 ett \u00e4ventyr eller f\u00f6rbereder dig f\u00f6r n\u00f6dsituationer hemma. Perfekt f\u00f6r camping, g\u00f6r-det-sj\u00e4lv-arbete eller f\u00f6r str\u00f6mavbrott hemma, din Energizer-ficklampa finns till hands f\u00f6r att hj\u00e4lpa dig att hitta r\u00e4tt i m\u00f6rkret. Denna LED-ficklampa p\u00e5 270 lumen kan lysa upp de m\u00f6rkaste utrymmena och lysa upp till 84 meter i h\u00f6gt l\u00e4ge. Ficklampan \u00e5terger till och med dagsljus tack vare sin MAX-VIZ-teknik som matchar \u00f6gats naturliga preferenser och ger exceptionell, h\u00f6guppl\u00f6st ljus.<\/p>\n","protected":false},"featured_media":0,"comment_status":"open","ping_status":"closed","template":"","meta":{"_acf_changed":false},"product_brand":[],"product_cat":[97],"product_tag":[],"class_list":{"0":"post-5233","1":"product","2":"type-product","3":"status-publish","5":"product_cat-handheld","7":"first","8":"instock","9":"shipping-taxable","10":"product-type-simple"},"acf":[],"_links":{"self":[{"href":"https:\/\/energizer.com\/eu\/sweden\/wp-json\/wp\/v2\/product\/5233","targetHints":{"allow":["GET"]}}],"collection":[{"href":"https:\/\/energizer.com\/eu\/sweden\/wp-json\/wp\/v2\/product"}],"about":[{"href":"https:\/\/energizer.com\/eu\/sweden\/wp-json\/wp\/v2\/types\/product"}],"replies":[{"embeddable":true,"href":"https:\/\/energizer.com\/eu\/sweden\/wp-json\/wp\/v2\/comments?post=5233"}],"version-history":[{"count":6,"href":"https:\/\/energizer.com\/eu\/sweden\/wp-json\/wp\/v2\/product\/5233\/revisions"}],"predecessor-version":[{"id":10287,"href":"https:\/\/energizer.com\/eu\/sweden\/wp-json\/wp\/v2\/product\/5233\/revisions\/10287"}],"wp:attachment":[{"href":"https:\/\/energizer.com\/eu\/sweden\/wp-json\/wp\/v2\/media?parent=5233"}],"wp:term":[{"taxonomy":"product_brand","embeddable":true,"href":"https:\/\/energizer.com\/eu\/sweden\/wp-json\/wp\/v2\/product_brand?post=5233"},{"taxonomy":"product_cat","embeddable":true,"href":"https:\/\/energizer.com\/eu\/sweden\/wp-json\/wp\/v2\/product_cat?post=5233"},{"taxonomy":"product_tag","embeddable":true,"href":"https:\/\/energizer.com\/eu\/sweden\/wp-json\/wp\/v2\/product_tag?post=5233"}],"curies":[{"name":"wp","href":"https:\/\/api.w.org\/{rel}","templated":true}]}}