{"id":5235,"date":"2024-05-21T19:15:56","date_gmt":"2024-05-21T19:15:56","guid":{"rendered":"https:\/\/23b13e8ab3.nxcli.io\/sweden\/?post_type=product&#038;p=5235"},"modified":"2024-11-07T12:07:38","modified_gmt":"2024-11-07T12:07:38","slug":"energizer-metal-pen-light","status":"publish","type":"product","link":"https:\/\/energizer.com\/eu\/sweden\/product\/energizer-metal-pen-light\/","title":{"rendered":"Energizer Metal Pen Light"},"content":{"rendered":"<ul>\n<li>H\u00e5llbar konstruktion som har en robust metallkl\u00e4mma<\/li>\n<li>Fallbest\u00e4ndig<\/li>\n<li>rad brytare p\u00e5 \u00e4nden baktill<\/li>\n<li>Upp till 4 g\u00e5nger ljusare starkare \u00e4n standard LED-teknik<\/li>\n<li>L\u00e5ng drifttid<\/li>\n<li>Har LED-teknik<\/li>\n<li>Drivs med 2 AAA-batterier<\/li>\n<\/ul>\n","protected":false},"excerpt":{"rendered":"<p>Energizer Metal Pen Light ger exceptionell ljusstyrka och k\u00f6rtidsprestanda, allt i en h\u00e5llbar metallkonstruktion. Ljuset \u00e4r designat f\u00f6r att ge anv\u00e4ndarna stark riktad belysning och \u00e4r perfekt f\u00f6r anv\u00e4ndning p\u00e5 n\u00e4ra h\u00e5ll. Energizer Metal Pen Light \u00e4r l\u00e4ttviktig, kompakt och f\u00e5r l\u00e4tt plats i fickan. Den robusta metallkl\u00e4mman ger en s\u00e4ker passform och g\u00f6r Energizer Metal Pen Light till en bra l\u00f6sning hemma eller p\u00e5 jobbet.<\/p>\n","protected":false},"featured_media":0,"comment_status":"open","ping_status":"closed","template":"","meta":{"_acf_changed":false},"product_brand":[],"product_cat":[97],"product_tag":[],"class_list":{"0":"post-5235","1":"product","2":"type-product","3":"status-publish","5":"product_cat-handheld","7":"first","8":"instock","9":"shipping-taxable","10":"product-type-simple"},"acf":[],"_links":{"self":[{"href":"https:\/\/energizer.com\/eu\/sweden\/wp-json\/wp\/v2\/product\/5235","targetHints":{"allow":["GET"]}}],"collection":[{"href":"https:\/\/energizer.com\/eu\/sweden\/wp-json\/wp\/v2\/product"}],"about":[{"href":"https:\/\/energizer.com\/eu\/sweden\/wp-json\/wp\/v2\/types\/product"}],"replies":[{"embeddable":true,"href":"https:\/\/energizer.com\/eu\/sweden\/wp-json\/wp\/v2\/comments?post=5235"}],"version-history":[{"count":6,"href":"https:\/\/energizer.com\/eu\/sweden\/wp-json\/wp\/v2\/product\/5235\/revisions"}],"predecessor-version":[{"id":10288,"href":"https:\/\/energizer.com\/eu\/sweden\/wp-json\/wp\/v2\/product\/5235\/revisions\/10288"}],"wp:attachment":[{"href":"https:\/\/energizer.com\/eu\/sweden\/wp-json\/wp\/v2\/media?parent=5235"}],"wp:term":[{"taxonomy":"product_brand","embeddable":true,"href":"https:\/\/energizer.com\/eu\/sweden\/wp-json\/wp\/v2\/product_brand?post=5235"},{"taxonomy":"product_cat","embeddable":true,"href":"https:\/\/energizer.com\/eu\/sweden\/wp-json\/wp\/v2\/product_cat?post=5235"},{"taxonomy":"product_tag","embeddable":true,"href":"https:\/\/energizer.com\/eu\/sweden\/wp-json\/wp\/v2\/product_tag?post=5235"}],"curies":[{"name":"wp","href":"https:\/\/api.w.org\/{rel}","templated":true}]}}