{"id":5237,"date":"2024-05-21T19:18:06","date_gmt":"2024-05-21T19:18:06","guid":{"rendered":"https:\/\/23b13e8ab3.nxcli.io\/sweden\/?post_type=product&#038;p=5237"},"modified":"2024-11-07T12:09:25","modified_gmt":"2024-11-07T12:09:25","slug":"energizer-handheld-led-torch-with-magnet","status":"publish","type":"product","link":"https:\/\/energizer.com\/eu\/sweden\/product\/energizer-handheld-led-torch-with-magnet\/","title":{"rendered":"Energizer Handheld LED Torch with Magnet"},"content":{"rendered":"<ul>\n<li><span data-sheets-root=\"1\">Energizer handficklampa med magnet och 2 alkaliska batterier i AA-storlek ing\u00e5r<br \/>\n<\/span><\/li>\n<li><span data-sheets-root=\"1\">Superljus ficklam Denna LED-ljus ficklampa p\u00e5 50 lumen erbjuder h\u00f6g prestanda, vilket g\u00f6r att du kan se upp till 50 meter<br \/>\n<\/span><\/li>\n<li><span data-sheets-root=\"1\">M\u00e5ngsidig anv\u00e4ndning: Denna l\u00e4ttanv\u00e4nda magnetiska ficklampa \u00e4r idealisk f\u00f6r aktiviteter som kr\u00e4ver b\u00e5da h\u00e4nderna<br \/>\n<\/span><\/li>\n<li><span data-sheets-root=\"1\">H\u00e5llbar konstruktion: Den h\u00e4r ficklampan \u00e4r idealisk f\u00f6r l\u00e5ngvarig anv\u00e4ndning och den h\u00e5llbara LED-lampan beh\u00f6ver aldrig bytas ut<br \/>\n<\/span><\/li>\n<li><span data-sheets-root=\"1\">Timmar av drifttid:\u202fEnergizer LED-inspektionslampan kan lysa i upp till 40 timmar<br \/>\n<\/span><\/li>\n<li><span data-sheets-root=\"1\">L\u00e4ttgreppad design: Dess bekv\u00e4ma design medhandledslina och knappbrytare g\u00f6r det enkelt att greppa och anv\u00e4nda<br \/>\n<\/span><\/li>\n<li><span data-sheets-root=\"1\">L\u00e4ttvikt: Anv\u00e4nd den medf\u00f6ljandehandledsremmen f\u00f6r att enkelt b\u00e4ra med dig den h\u00e4r l\u00e4tta ficklyktan \u00f6verallt<br \/>\n<\/span><\/li>\n<\/ul>\n","protected":false},"excerpt":{"rendered":"<p>Lys upp din omgivning utan anstr\u00e4ngning med denna h\u00f6gpresterande, superljusstarka ficklampa. Energizer 2AA handh\u00e5llna ficklampa ger exceptionell ljusstyrka i upp till 40 timmar \u2013 oavsett om du \u00e4r p\u00e5 v\u00e4g ut p\u00e5 \u00e4ventyr eller f\u00f6rbereder dig f\u00f6r n\u00f6dsituationer hemma. Perfekt f\u00f6r camping, g\u00f6r-det-sj\u00e4lv-arbete eller f\u00f6r str\u00f6mavbrott hemma, din Energizer-ficklampa finns till hands f\u00f6r att hj\u00e4lpa dig att hitta r\u00e4tt i m\u00f6rkret. Den h\u00e4r LED-ficklampan p\u00e5 50 lumen kan lysa upp de m\u00f6rkaste utrymmena, den lyser upp till 50 meter och har en LED-lampa som aldrig beh\u00f6ver bytas ut. F\u00e4st den p\u00e5 metallytor med den inbyggda magneten, f\u00f6r handsfree-anv\u00e4ndning p\u00e5 alla aktiviteter som kr\u00e4ver b\u00e5da h\u00e4nderna.<\/p>\n","protected":false},"featured_media":0,"comment_status":"open","ping_status":"closed","template":"","meta":{"_acf_changed":false},"product_brand":[],"product_cat":[97],"product_tag":[],"class_list":{"0":"post-5237","1":"product","2":"type-product","3":"status-publish","5":"product_cat-handheld","7":"first","8":"instock","9":"shipping-taxable","10":"product-type-simple"},"acf":[],"_links":{"self":[{"href":"https:\/\/energizer.com\/eu\/sweden\/wp-json\/wp\/v2\/product\/5237","targetHints":{"allow":["GET"]}}],"collection":[{"href":"https:\/\/energizer.com\/eu\/sweden\/wp-json\/wp\/v2\/product"}],"about":[{"href":"https:\/\/energizer.com\/eu\/sweden\/wp-json\/wp\/v2\/types\/product"}],"replies":[{"embeddable":true,"href":"https:\/\/energizer.com\/eu\/sweden\/wp-json\/wp\/v2\/comments?post=5237"}],"version-history":[{"count":6,"href":"https:\/\/energizer.com\/eu\/sweden\/wp-json\/wp\/v2\/product\/5237\/revisions"}],"predecessor-version":[{"id":10291,"href":"https:\/\/energizer.com\/eu\/sweden\/wp-json\/wp\/v2\/product\/5237\/revisions\/10291"}],"wp:attachment":[{"href":"https:\/\/energizer.com\/eu\/sweden\/wp-json\/wp\/v2\/media?parent=5237"}],"wp:term":[{"taxonomy":"product_brand","embeddable":true,"href":"https:\/\/energizer.com\/eu\/sweden\/wp-json\/wp\/v2\/product_brand?post=5237"},{"taxonomy":"product_cat","embeddable":true,"href":"https:\/\/energizer.com\/eu\/sweden\/wp-json\/wp\/v2\/product_cat?post=5237"},{"taxonomy":"product_tag","embeddable":true,"href":"https:\/\/energizer.com\/eu\/sweden\/wp-json\/wp\/v2\/product_tag?post=5237"}],"curies":[{"name":"wp","href":"https:\/\/api.w.org\/{rel}","templated":true}]}}