{"id":5239,"date":"2024-05-21T19:19:53","date_gmt":"2024-05-21T19:19:53","guid":{"rendered":"https:\/\/23b13e8ab3.nxcli.io\/sweden\/?post_type=product&#038;p=5239"},"modified":"2024-11-07T12:09:59","modified_gmt":"2024-11-07T12:09:59","slug":"energizer-touch-tech-keychain","status":"publish","type":"product","link":"https:\/\/energizer.com\/eu\/sweden\/product\/energizer-touch-tech-keychain\/","title":{"rendered":"Energizer Touch Tech Keychain"},"content":{"rendered":"<ul>\n<li>Ber\u00f6ringsaktiverad lampa utan str\u00f6mbrytare<\/li>\n<li>Designad f\u00f6r maximal bekv\u00e4mlighet &#8211; ta tag i lampan f\u00f6r omedelbar belysning och sl\u00e4pp den f\u00f6r att mjukt sl\u00e4cka<\/li>\n<li>Kompakt storlek g\u00f6r den till ett bekv\u00e4mt ljus att ha hela tiden<\/li>\n<\/ul>\n","protected":false},"excerpt":{"rendered":"<p>Energizer Nyckelringslampa med Touch Tech-teknik kombinerar den senaste patenterade tekniken f\u00f6r enkel, intuitiv anv\u00e4ndning. Med den switchl\u00f6sa innovationen Touch Tech f\u00e5r anv\u00e4ndarna omedelbar belysning bara vid ber\u00f6ring av lampan. Sl\u00e4pp bara greppet n\u00e4r du \u00e4r klar med anv\u00e4ndningen, s\u00e5 st\u00e4nger Touch Tech smidigt av ljuset. Touch Tech ser till att din lampa aldrig l\u00e4mnas p\u00e5 av misstag och hj\u00e4lper till att f\u00f6rl\u00e4nga batteriets livsl\u00e4ngd. Denna teknik g\u00f6r denna nyckelringslampa mycket bekv\u00e4m och enkel att anv\u00e4nda.<\/p>\n","protected":false},"featured_media":0,"comment_status":"open","ping_status":"closed","template":"","meta":{"_acf_changed":false},"product_brand":[],"product_cat":[97],"product_tag":[],"class_list":{"0":"post-5239","1":"product","2":"type-product","3":"status-publish","5":"product_cat-handheld","7":"first","8":"instock","9":"shipping-taxable","10":"product-type-simple"},"acf":[],"_links":{"self":[{"href":"https:\/\/energizer.com\/eu\/sweden\/wp-json\/wp\/v2\/product\/5239","targetHints":{"allow":["GET"]}}],"collection":[{"href":"https:\/\/energizer.com\/eu\/sweden\/wp-json\/wp\/v2\/product"}],"about":[{"href":"https:\/\/energizer.com\/eu\/sweden\/wp-json\/wp\/v2\/types\/product"}],"replies":[{"embeddable":true,"href":"https:\/\/energizer.com\/eu\/sweden\/wp-json\/wp\/v2\/comments?post=5239"}],"version-history":[{"count":6,"href":"https:\/\/energizer.com\/eu\/sweden\/wp-json\/wp\/v2\/product\/5239\/revisions"}],"predecessor-version":[{"id":10293,"href":"https:\/\/energizer.com\/eu\/sweden\/wp-json\/wp\/v2\/product\/5239\/revisions\/10293"}],"wp:attachment":[{"href":"https:\/\/energizer.com\/eu\/sweden\/wp-json\/wp\/v2\/media?parent=5239"}],"wp:term":[{"taxonomy":"product_brand","embeddable":true,"href":"https:\/\/energizer.com\/eu\/sweden\/wp-json\/wp\/v2\/product_brand?post=5239"},{"taxonomy":"product_cat","embeddable":true,"href":"https:\/\/energizer.com\/eu\/sweden\/wp-json\/wp\/v2\/product_cat?post=5239"},{"taxonomy":"product_tag","embeddable":true,"href":"https:\/\/energizer.com\/eu\/sweden\/wp-json\/wp\/v2\/product_tag?post=5239"}],"curies":[{"name":"wp","href":"https:\/\/api.w.org\/{rel}","templated":true}]}}