{"id":5245,"date":"2024-05-21T19:26:15","date_gmt":"2024-05-21T19:26:15","guid":{"rendered":"https:\/\/23b13e8ab3.nxcli.io\/sweden\/?post_type=product&#038;p=5245"},"modified":"2024-11-07T12:13:24","modified_gmt":"2024-11-07T12:13:24","slug":"energizer-compact-sport-led-headlamp","status":"publish","type":"product","link":"https:\/\/energizer.com\/eu\/sweden\/product\/energizer-compact-sport-led-headlamp\/","title":{"rendered":"Energizer Compact Sport LED Headlamp"},"content":{"rendered":"<ul>\n<li>\u00a0Energizer Compact Spokastare pannlampa levereras med 2 AAA-batterier<\/li>\n<li>Lys upp din l\u00f6pning med upp till 125 lumens ljusstyrka (i h\u00f6gt l\u00e4ge)<\/li>\n<li>Specialtillverkat sportpannband ger exceptionell komfort&#8230; och \u00e4r tv\u00e4ttbart f\u00f6r enkel \u00e5teranv\u00e4ndning<\/li>\n<li>V\u00e4xlar mellan 2 ljusl\u00e4gen f\u00f6r optimal utomhusanv\u00e4ndning: H\u00f6g och l\u00e5g<\/li>\n<li>Jogga eller vandra s\u00e5 l\u00e4nge du vill med 7 timmars drifttid (i h\u00f6gt l\u00e4ge)<\/li>\n<li>Idealisk f\u00f6r l\u00f6pning med sin breda ljusk\u00e4gla<\/li>\n<\/ul>\n","protected":false},"excerpt":{"rendered":"<p>K\u00e4nn dig trygg med att jogga och vandra i m\u00f6rkret: Energizer Compact Sport LED-pannlampa visar v\u00e4gen med ett l\u00e4ttanv\u00e4nt ljus. S\u00e4tt bara p\u00e5 din pannlampa och b\u00f6rja springa med upp till 100 lumens ljusstyrka (i h\u00f6gt l\u00e4ge) f\u00f6r att lysa upp din v\u00e4g. Din komfort garanteras med ett unikt sportpannband som sitter kvar oavsett hur l\u00e4nge ditt tr\u00e4ningspass p\u00e5g\u00e5r. Denna str\u00e5lkastare \u00e4r ocks\u00e5 idealisk under ett str\u00f6mavbrott eller till och med f\u00f6r aktiviteter p\u00e5 n\u00e4ra h\u00e5ll som g\u00f6r-det-sj\u00e4lv-projekt. H\u00e5ll dig sportig och s\u00e4ker med Energizer Compact Sport LED-pannlampa.<\/p>\n","protected":false},"featured_media":0,"comment_status":"open","ping_status":"closed","template":"","meta":{"_acf_changed":false},"product_brand":[],"product_cat":[43],"product_tag":[],"class_list":{"0":"post-5245","1":"product","2":"type-product","3":"status-publish","5":"product_cat-hands-free","7":"first","8":"instock","9":"shipping-taxable","10":"product-type-simple"},"acf":[],"_links":{"self":[{"href":"https:\/\/energizer.com\/eu\/sweden\/wp-json\/wp\/v2\/product\/5245","targetHints":{"allow":["GET"]}}],"collection":[{"href":"https:\/\/energizer.com\/eu\/sweden\/wp-json\/wp\/v2\/product"}],"about":[{"href":"https:\/\/energizer.com\/eu\/sweden\/wp-json\/wp\/v2\/types\/product"}],"replies":[{"embeddable":true,"href":"https:\/\/energizer.com\/eu\/sweden\/wp-json\/wp\/v2\/comments?post=5245"}],"version-history":[{"count":7,"href":"https:\/\/energizer.com\/eu\/sweden\/wp-json\/wp\/v2\/product\/5245\/revisions"}],"predecessor-version":[{"id":10295,"href":"https:\/\/energizer.com\/eu\/sweden\/wp-json\/wp\/v2\/product\/5245\/revisions\/10295"}],"wp:attachment":[{"href":"https:\/\/energizer.com\/eu\/sweden\/wp-json\/wp\/v2\/media?parent=5245"}],"wp:term":[{"taxonomy":"product_brand","embeddable":true,"href":"https:\/\/energizer.com\/eu\/sweden\/wp-json\/wp\/v2\/product_brand?post=5245"},{"taxonomy":"product_cat","embeddable":true,"href":"https:\/\/energizer.com\/eu\/sweden\/wp-json\/wp\/v2\/product_cat?post=5245"},{"taxonomy":"product_tag","embeddable":true,"href":"https:\/\/energizer.com\/eu\/sweden\/wp-json\/wp\/v2\/product_tag?post=5245"}],"curies":[{"name":"wp","href":"https:\/\/api.w.org\/{rel}","templated":true}]}}