{"id":5281,"date":"2024-05-22T05:49:11","date_gmt":"2024-05-22T05:49:11","guid":{"rendered":"https:\/\/23b13e8ab3.nxcli.io\/sweden\/?post_type=product&#038;p=5281"},"modified":"2024-11-07T12:17:36","modified_gmt":"2024-11-07T12:17:36","slug":"energizer-metal-rechargeable-light","status":"publish","type":"product","link":"https:\/\/energizer.com\/eu\/sweden\/product\/energizer-metal-rechargeable-light\/","title":{"rendered":"Energizer Metal Rechargeable Light"},"content":{"rendered":"<ul>\n<li>H\u00e5llbar metallkonstruktion<\/li>\n<li>Kompakt och l\u00e4tt design<\/li>\n<li>L\u00e4ttanv\u00e4nd tryckknapp<\/li>\n<li>Snodd f\u00e4sts enkelt p\u00e5 din<\/li>\n<li>Upp till 5 g\u00e5nger ljusare \u00e4n standard LED-teknik<\/li>\n<li>3 l\u00e4gen: H\u00f6g, l\u00e5g, stroboskop<\/li>\n<li>Uppladdningsbart: Lithium Ion (18650) &#8211; icke avtagbart batteri<\/li>\n<li>Laddas p\u00e5 4,5 timmar<\/li>\n<\/ul>\n","protected":false},"excerpt":{"rendered":"<p>V\u00e5r uppladdningsbara ficklampa i metall \u00e4r en smart b\u00e4rbar ficklampa att ha till hands. Denna ficklampa har en t\u00e5lig aluminiumkropp och kommer med ett uppladdningsbart 18650 batteri och en Micro-USB-laddningskabel, den kan laddas direkt av en powerbank, billaddare eller annan USB-str\u00f6mk\u00e4lla n\u00e4r den tar slut &#8211; du beh\u00f6ver inte k\u00f6pa extra batterier. Med 3 l\u00e4gesalternativ (h\u00f6g, l\u00e5g, stroboskop) \u00e4r denna lampa perfekt f\u00f6r camping, vandring, fiske, hundpromenad, str\u00f6mavbrott och n\u00f6dsituationer. Rem medf\u00f6ljer f\u00f6r enkel b\u00e4rning.<\/p>\n","protected":false},"featured_media":0,"comment_status":"open","ping_status":"closed","template":"","meta":{"_acf_changed":false},"product_brand":[],"product_cat":[97],"product_tag":[],"class_list":{"0":"post-5281","1":"product","2":"type-product","3":"status-publish","5":"product_cat-handheld","7":"first","8":"instock","9":"shipping-taxable","10":"product-type-simple"},"acf":[],"_links":{"self":[{"href":"https:\/\/energizer.com\/eu\/sweden\/wp-json\/wp\/v2\/product\/5281","targetHints":{"allow":["GET"]}}],"collection":[{"href":"https:\/\/energizer.com\/eu\/sweden\/wp-json\/wp\/v2\/product"}],"about":[{"href":"https:\/\/energizer.com\/eu\/sweden\/wp-json\/wp\/v2\/types\/product"}],"replies":[{"embeddable":true,"href":"https:\/\/energizer.com\/eu\/sweden\/wp-json\/wp\/v2\/comments?post=5281"}],"version-history":[{"count":5,"href":"https:\/\/energizer.com\/eu\/sweden\/wp-json\/wp\/v2\/product\/5281\/revisions"}],"predecessor-version":[{"id":10296,"href":"https:\/\/energizer.com\/eu\/sweden\/wp-json\/wp\/v2\/product\/5281\/revisions\/10296"}],"wp:attachment":[{"href":"https:\/\/energizer.com\/eu\/sweden\/wp-json\/wp\/v2\/media?parent=5281"}],"wp:term":[{"taxonomy":"product_brand","embeddable":true,"href":"https:\/\/energizer.com\/eu\/sweden\/wp-json\/wp\/v2\/product_brand?post=5281"},{"taxonomy":"product_cat","embeddable":true,"href":"https:\/\/energizer.com\/eu\/sweden\/wp-json\/wp\/v2\/product_cat?post=5281"},{"taxonomy":"product_tag","embeddable":true,"href":"https:\/\/energizer.com\/eu\/sweden\/wp-json\/wp\/v2\/product_tag?post=5281"}],"curies":[{"name":"wp","href":"https:\/\/api.w.org\/{rel}","templated":true}]}}