{"id":5297,"date":"2024-05-22T06:44:50","date_gmt":"2024-05-22T06:44:50","guid":{"rendered":"https:\/\/23b13e8ab3.nxcli.io\/sweden\/?post_type=product&#038;p=5297"},"modified":"2024-08-22T07:07:31","modified_gmt":"2024-08-22T07:07:31","slug":"energizer-pawpatrol-15","status":"publish","type":"product","link":"https:\/\/energizer.com\/eu\/sweden\/product\/energizer-pawpatrol-15\/","title":{"rendered":"Energizer PAWPATROL DARK BLUE"},"content":{"rendered":"<ul>\n<li>Energizer PAW Patrol LED-lampa med tv\u00e5 (2) Energizer MAX AAA-batterier<\/li>\n<li>Liten ficklampa f\u00f6r barn med s\u00f6t PAW Patrol-design<\/li>\n<li>Barn utforskar naturen och har kul inne med barnens ficklampor<\/li>\n<li>Ger en mild gl\u00f6d som lyser i upp till 72 timmar<\/li>\n<li>PAW Patrol ficklampa i plast med splitters\u00e4ker lins och en kropp som \u00e4r slagt\u00e5lig upp till 0.9 meter<\/li>\n<li>Barnficklampa med bekv\u00e4mt grepp passar l\u00e4tt i barns h\u00e4nder<\/li>\n<li>Lita p\u00e5 Energizer f\u00f6r p\u00e5litlig prestanda i alla situationer<\/li>\n<\/ul>\n","protected":false},"excerpt":{"rendered":"<p>G\u00f6r m\u00f6rkret roligt f\u00f6r barn med Energizer PAW Patrol LED-ficklampa. Barnfacklor ger ett mjukt sken och kan hj\u00e4lpa barn att leka och utforska i m\u00f6rkret, oavsett om det \u00e4r inomhus eller p\u00e5 bakg\u00e5rden p\u00e5 natten. Den h\u00e4r barnfacklan \u00e4r liten och l\u00e4tt och ger s\u00e4ker belysning f\u00f6r barn fr\u00e5n 3 \u00e5r och upp\u00e5t. LED-lampan i plast har en splitters\u00e4ker lins och ett h\u00f6lje som \u00e4r slagt\u00e5lig upp till 3 fot. En l\u00e4ttman\u00f6vrerad tryckknappsdesign och bekv\u00e4m greppdesign g\u00f6r hanteringen enkel \u00e4ven f\u00f6r den minsta handen, och en inbyggd snodd\u00f6gla l\u00e5ter dig h\u00e4nga den batteridrivna lampan inom r\u00e4ckh\u00e5ll f\u00f6r ditt barn. Den f\u00e4rgglada designen matchar deras andra PAW Patrol-leksaker. En 72-timmars drifttid betyder att denna kompakta ficklampa kommer att h\u00e5lla i alla speltider utan att t\u00f6mma batteriet.<\/p>\n","protected":false},"featured_media":0,"comment_status":"open","ping_status":"closed","template":"","meta":{"_acf_changed":false},"product_brand":[],"product_cat":[45],"product_tag":[],"class_list":{"0":"post-5297","1":"product","2":"type-product","3":"status-publish","5":"product_cat-novelty","7":"first","8":"instock","9":"shipping-taxable","10":"product-type-simple"},"acf":[],"_links":{"self":[{"href":"https:\/\/energizer.com\/eu\/sweden\/wp-json\/wp\/v2\/product\/5297","targetHints":{"allow":["GET"]}}],"collection":[{"href":"https:\/\/energizer.com\/eu\/sweden\/wp-json\/wp\/v2\/product"}],"about":[{"href":"https:\/\/energizer.com\/eu\/sweden\/wp-json\/wp\/v2\/types\/product"}],"replies":[{"embeddable":true,"href":"https:\/\/energizer.com\/eu\/sweden\/wp-json\/wp\/v2\/comments?post=5297"}],"version-history":[{"count":6,"href":"https:\/\/energizer.com\/eu\/sweden\/wp-json\/wp\/v2\/product\/5297\/revisions"}],"predecessor-version":[{"id":9238,"href":"https:\/\/energizer.com\/eu\/sweden\/wp-json\/wp\/v2\/product\/5297\/revisions\/9238"}],"wp:attachment":[{"href":"https:\/\/energizer.com\/eu\/sweden\/wp-json\/wp\/v2\/media?parent=5297"}],"wp:term":[{"taxonomy":"product_brand","embeddable":true,"href":"https:\/\/energizer.com\/eu\/sweden\/wp-json\/wp\/v2\/product_brand?post=5297"},{"taxonomy":"product_cat","embeddable":true,"href":"https:\/\/energizer.com\/eu\/sweden\/wp-json\/wp\/v2\/product_cat?post=5297"},{"taxonomy":"product_tag","embeddable":true,"href":"https:\/\/energizer.com\/eu\/sweden\/wp-json\/wp\/v2\/product_tag?post=5297"}],"curies":[{"name":"wp","href":"https:\/\/api.w.org\/{rel}","templated":true}]}}