{"id":5307,"date":"2024-05-22T06:55:22","date_gmt":"2024-05-22T06:55:22","guid":{"rendered":"https:\/\/23b13e8ab3.nxcli.io\/sweden\/?post_type=product&#038;p=5307"},"modified":"2024-08-22T07:07:17","modified_gmt":"2024-08-22T07:07:17","slug":"energizer-led-lantern","status":"publish","type":"product","link":"https:\/\/energizer.com\/eu\/sweden\/product\/energizer-led-lantern\/","title":{"rendered":"Energizer LED Lantern"},"content":{"rendered":"<ul>\n<li>Designad f\u00f6r att flyta p\u00e5 vatten<\/li>\n<li>Kraftfull reflektor &amp; lins<\/li>\n<li>Handtag l\u00e4tt att h\u00e5lla<\/li>\n<li>Anti-rullningsfunktion<\/li>\n<li>1 lysdiod<\/li>\n<li>Fungerar med 2 x eller 4 x D-batterier (ing\u00e5r ej)<\/li>\n<\/ul>\n","protected":false},"excerpt":{"rendered":"<p>Energizer LED Lantern \u00e4r ljus och p\u00e5litlig och \u00e4r ett utm\u00e4rkt val f\u00f6r vardagliga behov. Den h\u00e4r ergonomiska l\u00f6sningen har l\u00e5nglivad LED-teknik och lyser ocks\u00e5 upp till 5 g\u00e5nger ljusare \u00e4n standard LED-teknik. Med POWER SWITCH-teknik f\u00e5r anv\u00e4ndarna ocks\u00e5 flexibiliteten att arbeta med antingen 2 eller 4 batterier. Anv\u00e4ndare kan vara redo f\u00f6r vardagliga eller n\u00f6dsituationer med bara 2 D-batterier, eller de kan f\u00f6rl\u00e4nga drifttiden i dagar med 4 D-batterier. Med timmar och timmar av klart, enhetligt ljus kommer anv\u00e4ndarna att vara f\u00f6rberedda f\u00f6r en m\u00e4ngd olika utomhus- och inomhusuppgifter.<\/p>\n","protected":false},"featured_media":0,"comment_status":"open","ping_status":"closed","template":"","meta":{"_acf_changed":false},"product_brand":[],"product_cat":[97],"product_tag":[],"class_list":{"0":"post-5307","1":"product","2":"type-product","3":"status-publish","5":"product_cat-handheld","7":"first","8":"instock","9":"shipping-taxable","10":"product-type-simple"},"acf":[],"_links":{"self":[{"href":"https:\/\/energizer.com\/eu\/sweden\/wp-json\/wp\/v2\/product\/5307","targetHints":{"allow":["GET"]}}],"collection":[{"href":"https:\/\/energizer.com\/eu\/sweden\/wp-json\/wp\/v2\/product"}],"about":[{"href":"https:\/\/energizer.com\/eu\/sweden\/wp-json\/wp\/v2\/types\/product"}],"replies":[{"embeddable":true,"href":"https:\/\/energizer.com\/eu\/sweden\/wp-json\/wp\/v2\/comments?post=5307"}],"version-history":[{"count":6,"href":"https:\/\/energizer.com\/eu\/sweden\/wp-json\/wp\/v2\/product\/5307\/revisions"}],"predecessor-version":[{"id":9911,"href":"https:\/\/energizer.com\/eu\/sweden\/wp-json\/wp\/v2\/product\/5307\/revisions\/9911"}],"wp:attachment":[{"href":"https:\/\/energizer.com\/eu\/sweden\/wp-json\/wp\/v2\/media?parent=5307"}],"wp:term":[{"taxonomy":"product_brand","embeddable":true,"href":"https:\/\/energizer.com\/eu\/sweden\/wp-json\/wp\/v2\/product_brand?post=5307"},{"taxonomy":"product_cat","embeddable":true,"href":"https:\/\/energizer.com\/eu\/sweden\/wp-json\/wp\/v2\/product_cat?post=5307"},{"taxonomy":"product_tag","embeddable":true,"href":"https:\/\/energizer.com\/eu\/sweden\/wp-json\/wp\/v2\/product_tag?post=5307"}],"curies":[{"name":"wp","href":"https:\/\/api.w.org\/{rel}","templated":true}]}}