{"id":5363,"date":"2024-05-22T07:38:50","date_gmt":"2024-05-22T07:38:50","guid":{"rendered":"https:\/\/23b13e8ab3.nxcli.io\/sweden\/?post_type=product&#038;p=5363"},"modified":"2024-11-07T12:32:05","modified_gmt":"2024-11-07T12:32:05","slug":"energizer-led-torch-2","status":"publish","type":"product","link":"https:\/\/energizer.com\/eu\/sweden\/product\/energizer-led-torch-2\/","title":{"rendered":"Energizer LED Torch 1500"},"content":{"rendered":"<ul>\n<li>\u00a0Energizer Vision HD Ultra Digital Focus LED Kraftfull ficklampa, ing\u00e5r 6 Energizer AA-batterier ing\u00e5r<\/li>\n<li>Superljus Ficklampa: Denna 1500-lumen LED-ficklampa erbjuder exceptionell ljusstyrka och h\u00f6g prestanda, s\u00e5 att du kan se upp till 230 meter<\/li>\n<li>Digitalt fokus: Utm\u00e4rkt str\u00e5lstyrning med enkelhet f\u00f6r en hand<\/li>\n<li>\u00a0H\u00e5 klassad aluminiummetallkropp Kropp i aluminium av flygplansklass och IPX4-konstruktionen ger skydd mot skador och st\u00e4nk<\/li>\n<li>Drifttid: Energizer LED-ficklampa kan lysa i upp till 15 timmar i energisparl\u00e4ge<\/li>\n<li>L\u00e4ttvikt: F\u00f6rvara denna l\u00e4tta, m\u00e5ngsidiga, kraftfulla ficklampa i din byr\u00e5l\u00e5da, bil, hemma-n\u00f6dutrustning eller b\u00e4r den i v\u00e4skan<\/li>\n<li>P\u00e5litlig MAX-VIZ-teknik: Energizers kraftfulla teknik replikerar dagsljus f\u00f6r h\u00f6guppl\u00f6st syn som du kan lita p\u00e5<\/li>\n<\/ul>\n","protected":false},"excerpt":{"rendered":"<p>Lys upp din omgivning utan anstr\u00e4ngning med denna h\u00f6gpresterande, superljusa ficklampa. Energizer Vision HD Ultra Digital Focus LED handh\u00e5llen ficklampa ger exceptionell ljusstyrka i upp till 15 timmar i energisparl\u00e4ge \u2013 perfekt om du ger dig iv\u00e4g p\u00e5 ett \u00e4ventyr eller f\u00f6rbereder dig f\u00f6r n\u00f6dsituationer hemma. Oavsett om du campar, vandrar eller har ett str\u00f6mavbrott, ha din Energizer-ficklampa till hands f\u00f6r att hitta r\u00e4tt i m\u00f6rkret. Denna 1500-lumen LED-ficklampa kan lysa upp de m\u00f6rkaste utrymmen och lyser upp till 230 meter i h\u00f6gt l\u00e4ge. Och funktionen Digital Focus ger dig utm\u00e4rkt str\u00e5lkontroll med enhandsl\u00e4tthet, och g\u00e5r smidigt fr\u00e5n en skarp str\u00e5le till ett bredare fokus.<\/p>\n","protected":false},"featured_media":0,"comment_status":"open","ping_status":"closed","template":"","meta":{"_acf_changed":false},"product_brand":[],"product_cat":[97],"product_tag":[],"class_list":{"0":"post-5363","1":"product","2":"type-product","3":"status-publish","5":"product_cat-handheld","7":"first","8":"instock","9":"shipping-taxable","10":"product-type-simple"},"acf":[],"_links":{"self":[{"href":"https:\/\/energizer.com\/eu\/sweden\/wp-json\/wp\/v2\/product\/5363","targetHints":{"allow":["GET"]}}],"collection":[{"href":"https:\/\/energizer.com\/eu\/sweden\/wp-json\/wp\/v2\/product"}],"about":[{"href":"https:\/\/energizer.com\/eu\/sweden\/wp-json\/wp\/v2\/types\/product"}],"replies":[{"embeddable":true,"href":"https:\/\/energizer.com\/eu\/sweden\/wp-json\/wp\/v2\/comments?post=5363"}],"version-history":[{"count":6,"href":"https:\/\/energizer.com\/eu\/sweden\/wp-json\/wp\/v2\/product\/5363\/revisions"}],"predecessor-version":[{"id":10302,"href":"https:\/\/energizer.com\/eu\/sweden\/wp-json\/wp\/v2\/product\/5363\/revisions\/10302"}],"wp:attachment":[{"href":"https:\/\/energizer.com\/eu\/sweden\/wp-json\/wp\/v2\/media?parent=5363"}],"wp:term":[{"taxonomy":"product_brand","embeddable":true,"href":"https:\/\/energizer.com\/eu\/sweden\/wp-json\/wp\/v2\/product_brand?post=5363"},{"taxonomy":"product_cat","embeddable":true,"href":"https:\/\/energizer.com\/eu\/sweden\/wp-json\/wp\/v2\/product_cat?post=5363"},{"taxonomy":"product_tag","embeddable":true,"href":"https:\/\/energizer.com\/eu\/sweden\/wp-json\/wp\/v2\/product_tag?post=5363"}],"curies":[{"name":"wp","href":"https:\/\/api.w.org\/{rel}","templated":true}]}}