{"id":5365,"date":"2024-05-22T07:53:44","date_gmt":"2024-05-22T07:53:44","guid":{"rendered":"https:\/\/23b13e8ab3.nxcli.io\/sweden\/?post_type=product&#038;p=5365"},"modified":"2024-11-07T12:37:20","modified_gmt":"2024-11-07T12:37:20","slug":"energizer-vision-450-ultra-headlight","status":"publish","type":"product","link":"https:\/\/energizer.com\/eu\/sweden\/product\/energizer-vision-450-ultra-headlight\/","title":{"rendered":"Energizer VISION 450 ULTRA Headlight"},"content":{"rendered":"<ul>\n<li>Energizer Vision Ultra HD LED-pannlampa med LED-teknik och 3 inkluderade Energizer MAX AAA-batterier<\/li>\n<li>LED-teknik: Denna kraftfulla 450-lumen pannlampa har en r\u00e4ckvidd p\u00e5 85 meter i h\u00f6gt l\u00e4g\u00e5nger ljusare starkare \u00e4n standard LED-teknik<\/li>\n<li>R\u00f6dljus nattl\u00e4ge: Det r\u00f6da ljuset f\u00f6rb\u00e4ttrar ditt m\u00f6rkerseende f\u00f6r aktiviteter som camping, hundpromenad och vandring i m\u00f6rker<\/li>\n<li>H\u00e5llbar konstruktion Idealisk f\u00f6r l\u00e5ngvarig anv\u00e4ndning, den h\u00e4r t\u00e5liga Energizer pannlampan klarar 1-meters falltest, med splitters\u00e4ker lins och vattenresistent kropp<\/li>\n<li>M\u00e5ngsidig handsfri belysning: Denna l\u00e4ttanv\u00e4nda, kompakta handsfree-ficklampa hj\u00e4lper dig vid str\u00f6mavbrott, g\u00f6r-det-sj\u00e4lv och mer<\/li>\n<li>Bekv\u00e4m design: Direkt ljus d\u00e4r du beh\u00f6ver det med denna l\u00e4tta pannlampa som erbjuder en fast passform med ett justerbart pannband och vridbart huvud<\/li>\n<li>Smart dimningsteknik: Justera intensiteten fr\u00e5n 10\u00a0% till 100\u00a0% i alla l\u00e4gen, inklusive h\u00f6gintensiv, punkt och bredstr\u00e5lande<\/li>\n<\/ul>\n","protected":false},"excerpt":{"rendered":"<p>H\u00e5ll h\u00e4nderna fria och njut av varje \u00e4ventyr till fullo med denna l\u00e4tta och m\u00e5ngsidiga pannlampa. Energizer Vision Ultra HD LED-pannlampa erbjuder kompakt, handsfree-belysning \u2013 perfekt f\u00f6r g\u00f6r-det-sj\u00e4lv och aktiviteter som kr\u00e4ver b\u00e5da h\u00e4nderna. Den kommer att lysa upp v\u00e4gen p\u00e5 dina \u00e4ventyr efter m\u00f6rkret, oavsett om du campar, vandrar eller \u00e4r ute och springer. Denna 450-lumen pannlampa kommer att lysa upp \u00e4ven de m\u00f6rkaste utrymmena, lyser upp till 85 meter i h\u00f6gt l\u00e4ge och g\u00f6r att du kan justera ljusintensiteten fr\u00e5n 100\u00a0% ner till 10\u00a0% med Smart Dimming-teknik. V\u00e4lj det perfekta ljusl\u00e4get f\u00f6r din aktivitet genom att v\u00e4lja mellan 7 olika l\u00e4gen (inklusive 2 LED m\u00f6rkerseendel\u00e4gen): H\u00f6g, l\u00e5g, bred, bred-l\u00e5g (d\u00e4mpad), r\u00f6d, blinkande r\u00f6d och gr\u00f6n. Anv\u00e4nd det r\u00f6da nattseendel\u00e4get f\u00f6r att se b\u00e4ttre i m\u00f6rker och se enkelt n\u00e4r batteriladdningen \u00e4r l\u00e5g med den r\u00f6da indikatorn f\u00f6r l\u00e5g batteriladdning. Du kan till och med minimera \u00e5sk\u00e5dares bl\u00e4ndning genom att l\u00e5ngsamt \u00f6ka ljusintensiteten med hj\u00e4lp av VisionGuard-funktionen. Energizer Vision Ultra HD LED pannlampas bekv\u00e4ma design och h\u00e5llbara, vattent\u00e4ta konstruktion ger optimal komfort och m\u00e5ngsidighet. Dess justerbara band, vridbara huvud och splitters\u00e4kra lins g\u00f6r den till ett bekv\u00e4mt alternativ f\u00f6r alla \u00e4ventyr inomhus och utomhus. Energizer har banat v\u00e4g f\u00f6r b\u00e4rbar belysning i \u00f6ver 120 \u00e5r och introducerade v\u00e4rldens f\u00f6rsta vattent\u00e4ta ficklampa 1970. Energizer g\u00f6r det enkelt att lysa upp din v\u00e4g.<\/p>\n","protected":false},"featured_media":0,"comment_status":"open","ping_status":"closed","template":"","meta":{"_acf_changed":false},"product_brand":[],"product_cat":[43],"product_tag":[],"class_list":{"0":"post-5365","1":"product","2":"type-product","3":"status-publish","5":"product_cat-hands-free","7":"first","8":"instock","9":"shipping-taxable","10":"product-type-simple"},"acf":[],"_links":{"self":[{"href":"https:\/\/energizer.com\/eu\/sweden\/wp-json\/wp\/v2\/product\/5365","targetHints":{"allow":["GET"]}}],"collection":[{"href":"https:\/\/energizer.com\/eu\/sweden\/wp-json\/wp\/v2\/product"}],"about":[{"href":"https:\/\/energizer.com\/eu\/sweden\/wp-json\/wp\/v2\/types\/product"}],"replies":[{"embeddable":true,"href":"https:\/\/energizer.com\/eu\/sweden\/wp-json\/wp\/v2\/comments?post=5365"}],"version-history":[{"count":7,"href":"https:\/\/energizer.com\/eu\/sweden\/wp-json\/wp\/v2\/product\/5365\/revisions"}],"predecessor-version":[{"id":10304,"href":"https:\/\/energizer.com\/eu\/sweden\/wp-json\/wp\/v2\/product\/5365\/revisions\/10304"}],"wp:attachment":[{"href":"https:\/\/energizer.com\/eu\/sweden\/wp-json\/wp\/v2\/media?parent=5365"}],"wp:term":[{"taxonomy":"product_brand","embeddable":true,"href":"https:\/\/energizer.com\/eu\/sweden\/wp-json\/wp\/v2\/product_brand?post=5365"},{"taxonomy":"product_cat","embeddable":true,"href":"https:\/\/energizer.com\/eu\/sweden\/wp-json\/wp\/v2\/product_cat?post=5365"},{"taxonomy":"product_tag","embeddable":true,"href":"https:\/\/energizer.com\/eu\/sweden\/wp-json\/wp\/v2\/product_tag?post=5365"}],"curies":[{"name":"wp","href":"https:\/\/api.w.org\/{rel}","templated":true}]}}