{"id":5367,"date":"2024-05-22T07:54:44","date_gmt":"2024-05-22T07:54:44","guid":{"rendered":"https:\/\/23b13e8ab3.nxcli.io\/sweden\/?post_type=product&#038;p=5367"},"modified":"2024-11-07T12:37:59","modified_gmt":"2024-11-07T12:37:59","slug":"energizer-atex-2aa","status":"publish","type":"product","link":"https:\/\/energizer.com\/eu\/sweden\/product\/energizer-atex-2aa\/","title":{"rendered":"Energizer ATEX 2AA"},"content":{"rendered":"<ul>\n<li>Egens\u00e4ker (ATEX) handh\u00e5llen enhet<\/li>\n<li>-20\u00b0C till 40\u00b0C omgivningstemperaturomr\u00e5de<\/li>\n<li>Division I, Klass I, II och III<\/li>\n<li>IECEx ia egen s\u00e4kerhet<\/li>\n<li>EN60529 ingressskyddsniv\u00e5 IP67<\/li>\n<li>R\u00e4fflat h\u00f6lje f\u00f6r ett s\u00e4kert grepp<\/li>\n<li>Testad i enlighet med ANSI FL 1-standarden med Energizer MAX-batterier<\/li>\n<\/ul>\n","protected":false},"excerpt":{"rendered":"<p>Energizer Intrinsically Safe Atex LED-ficklampa \u00e4r godk\u00e4nd av globala s\u00e4kerhetsbyr\u00e5er och kan fungera under de tuffaste f\u00f6rh\u00e5llanden. Designad med industriella yrken i \u00e5tanke, denna h\u00f6gpresterande lampa \u00e4r certifierad med en IP67 vattent\u00e4t klassificering och \u00f6verlever fall efter fall fr\u00e5n upp till 1 meter. Med syftet att h\u00e5lla anv\u00e4ndaren s\u00e4ker, g\u00f6r en snodd\u00f6gla det l\u00e4tt att n\u00e5 p\u00e5 jobbet, medan den orange s\u00e4kerhetsf\u00e4rgen ger omedelbar igenk\u00e4nning. LED-teknik ger konsekvent belysning p\u00e5 upp till 150 lumen under en l\u00e5ng varaktighet p\u00e5 10 timmar f\u00f6r att h\u00e5lla dig aktiv l\u00e4ngre.<\/p>\n","protected":false},"featured_media":0,"comment_status":"open","ping_status":"closed","template":"","meta":{"_acf_changed":false},"product_brand":[],"product_cat":[97],"product_tag":[],"class_list":{"0":"post-5367","1":"product","2":"type-product","3":"status-publish","5":"product_cat-handheld","7":"first","8":"instock","9":"shipping-taxable","10":"product-type-simple"},"acf":[],"_links":{"self":[{"href":"https:\/\/energizer.com\/eu\/sweden\/wp-json\/wp\/v2\/product\/5367","targetHints":{"allow":["GET"]}}],"collection":[{"href":"https:\/\/energizer.com\/eu\/sweden\/wp-json\/wp\/v2\/product"}],"about":[{"href":"https:\/\/energizer.com\/eu\/sweden\/wp-json\/wp\/v2\/types\/product"}],"replies":[{"embeddable":true,"href":"https:\/\/energizer.com\/eu\/sweden\/wp-json\/wp\/v2\/comments?post=5367"}],"version-history":[{"count":8,"href":"https:\/\/energizer.com\/eu\/sweden\/wp-json\/wp\/v2\/product\/5367\/revisions"}],"predecessor-version":[{"id":10306,"href":"https:\/\/energizer.com\/eu\/sweden\/wp-json\/wp\/v2\/product\/5367\/revisions\/10306"}],"wp:attachment":[{"href":"https:\/\/energizer.com\/eu\/sweden\/wp-json\/wp\/v2\/media?parent=5367"}],"wp:term":[{"taxonomy":"product_brand","embeddable":true,"href":"https:\/\/energizer.com\/eu\/sweden\/wp-json\/wp\/v2\/product_brand?post=5367"},{"taxonomy":"product_cat","embeddable":true,"href":"https:\/\/energizer.com\/eu\/sweden\/wp-json\/wp\/v2\/product_cat?post=5367"},{"taxonomy":"product_tag","embeddable":true,"href":"https:\/\/energizer.com\/eu\/sweden\/wp-json\/wp\/v2\/product_tag?post=5367"}],"curies":[{"name":"wp","href":"https:\/\/api.w.org\/{rel}","templated":true}]}}