{"id":5386,"date":"2024-05-22T08:10:09","date_gmt":"2024-05-22T08:10:09","guid":{"rendered":"https:\/\/23b13e8ab3.nxcli.io\/sweden\/?post_type=product&#038;p=5386"},"modified":"2024-11-07T12:59:01","modified_gmt":"2024-11-07T12:59:01","slug":"energizer-tactical-rechargeable-1200-torch","status":"publish","type":"product","link":"https:\/\/energizer.com\/eu\/sweden\/product\/energizer-tactical-rechargeable-1200-torch\/","title":{"rendered":"Energizer Tactical Rechargeable 1200 Torch"},"content":{"rendered":"<ul>\n<li>Uppladdningsbart stort format metall taktiskt ljus<\/li>\n<li>Laddas via USB-kabel (ing\u00e5r)<\/li>\n<li>Laddar andra enheter (USB-port ut)<\/li>\n<li>1 200 lumen<\/li>\n<li>Slagkantshuvud<\/li>\n<li>Bakre tryckknapp f\u00f6r enhandsman\u00f6vrering<\/li>\n<\/ul>\n","protected":false},"excerpt":{"rendered":"<p>Energizer Rechargeable Tactical 1200 levererar h\u00f6g prestanda i en h\u00e5llbar och p\u00e5litlig konstruktion. Med designfunktioner inklusive: den bakre tryckknappen, n\u00f6dblixtl\u00e4get och h\u00e5llbart flygplansaluminium, \u00e4r detta taktiska ljus ett utm\u00e4rkt f\u00f6rstaval f\u00f6r att skapa s\u00e4kerhet i alla m\u00f6rka situationer. Dess kraftfulla ljusstyrka och n\u00f6dblixt hj\u00e4lper dig att hantera n\u00f6dsituationer. Den kan laddas via en USB-port och \u00e4ven ladda andra enheter som smartphones, s\u00e5 att du aldrig f\u00e5r slut p\u00e5 energi.<\/p>\n","protected":false},"featured_media":0,"comment_status":"open","ping_status":"closed","template":"","meta":{"_acf_changed":false},"product_brand":[],"product_cat":[97],"product_tag":[],"class_list":{"0":"post-5386","1":"product","2":"type-product","3":"status-publish","5":"product_cat-handheld","7":"first","8":"instock","9":"shipping-taxable","10":"product-type-simple"},"acf":[],"_links":{"self":[{"href":"https:\/\/energizer.com\/eu\/sweden\/wp-json\/wp\/v2\/product\/5386","targetHints":{"allow":["GET"]}}],"collection":[{"href":"https:\/\/energizer.com\/eu\/sweden\/wp-json\/wp\/v2\/product"}],"about":[{"href":"https:\/\/energizer.com\/eu\/sweden\/wp-json\/wp\/v2\/types\/product"}],"replies":[{"embeddable":true,"href":"https:\/\/energizer.com\/eu\/sweden\/wp-json\/wp\/v2\/comments?post=5386"}],"version-history":[{"count":7,"href":"https:\/\/energizer.com\/eu\/sweden\/wp-json\/wp\/v2\/product\/5386\/revisions"}],"predecessor-version":[{"id":10312,"href":"https:\/\/energizer.com\/eu\/sweden\/wp-json\/wp\/v2\/product\/5386\/revisions\/10312"}],"wp:attachment":[{"href":"https:\/\/energizer.com\/eu\/sweden\/wp-json\/wp\/v2\/media?parent=5386"}],"wp:term":[{"taxonomy":"product_brand","embeddable":true,"href":"https:\/\/energizer.com\/eu\/sweden\/wp-json\/wp\/v2\/product_brand?post=5386"},{"taxonomy":"product_cat","embeddable":true,"href":"https:\/\/energizer.com\/eu\/sweden\/wp-json\/wp\/v2\/product_cat?post=5386"},{"taxonomy":"product_tag","embeddable":true,"href":"https:\/\/energizer.com\/eu\/sweden\/wp-json\/wp\/v2\/product_tag?post=5386"}],"curies":[{"name":"wp","href":"https:\/\/api.w.org\/{rel}","templated":true}]}}