{"id":5413,"date":"2024-05-22T09:34:17","date_gmt":"2024-05-22T09:34:17","guid":{"rendered":"https:\/\/23b13e8ab3.nxcli.io\/sweden\/?post_type=product&#038;p=5413"},"modified":"2024-08-22T07:06:13","modified_gmt":"2024-08-22T07:06:13","slug":"enr-eu-tier1hdl30-400-hl-tr-t13a32","status":"publish","type":"product","link":"https:\/\/energizer.com\/eu\/sweden\/product\/enr-eu-tier1hdl30-400-hl-tr-t13a32\/","title":{"rendered":"Energizer HEADLAMP HDL30"},"content":{"rendered":"<ul>\n<li>Energizer HDL30 pannlampa med litiumjonbatteri eller ing\u00e5r 3AAA Energizer-batterier<\/li>\n<li>LED-teknik: Denna kraftfulla 400-lumen pannlampa har h\u00e5llbar och energieffektiv LED-teknik<\/li>\n<li>Avancerad dimningsteknik: Justera intensiteten fr\u00e5n 10\u00a0% till 100\u00a0% i alla l\u00e4gen<\/li>\n<li>2 nattseendel\u00e4gen: De r\u00f6da och gr\u00f6na LED-l\u00e4gena f\u00f6rb\u00e4ttrar din nattsyn f\u00f6r aktiviteter som camping, fiske och vandring efter m\u00f6rkret<\/li>\n<li>H\u00e5llbar konstruktion: Perfekt f\u00f6r l\u00e5ngvarig anv\u00e4ndning, denna l\u00e4tta handsfri ficklampa \u00e4r IPX4 vattenresistent och har en splitters\u00e4ker lins<\/li>\n<li>M\u00e5ngsidig handsfree-belysning: Denna kompakta ficklampa har en justerbar huvudrem och anti-bl\u00e4ndande vridbart huvud som h\u00e5ller dig t\u00e4ckt f\u00f6r str\u00f6mavbrott, g\u00f6r-det-sj\u00e4lv och mer<\/li>\n<li>Drifttid:\u202f\u202fDenna l\u00e5ngvariga och effektiva l\u00f6parhuvudlampa kan lysa i upp till 40 timmar i l\u00e5gt l\u00e4ge<\/li>\n<\/ul>\n","protected":false},"excerpt":{"rendered":"<p>H\u00e5ll h\u00e4nderna fria och njut av varje \u00e4ventyr till fullo med denna l\u00e4tta och m\u00e5ngsidiga vandringslampa. Energizer HDL30 pannlampa \u00e4r b\u00e5de kompakt och handsfree &#8211; idealisk f\u00f6r g\u00f6r-det-sj\u00e4lv och andra projekt som kr\u00e4ver tv\u00e5 h\u00e4nder. Den kommer att belysa din v\u00e4g p\u00e5 alla aktiviteter efter m\u00f6rkrets inbrott, oavsett om du campar, vandrar eller \u00e4r ute och springer. Denna 400-lumen LED pannlampa med en justerbar huvudrem och antireflexvridbart huvud kommer att lysa upp \u00e4ven de m\u00f6rkaste utrymmena, vilket ger dig gott om ljus precis d\u00e4r du beh\u00f6ver det. Dessutom l\u00e5ter den dig justera ljusintensiteten fr\u00e5n 100\u00a0% till 10\u00a0% p\u00e5 alla ljusinst\u00e4llningar med den avancerade dimningsfunktionen. V\u00e4lj det perfekta ljusl\u00e4get f\u00f6r din aktivitet \u2013 h\u00f6g, l\u00e5g, gr\u00f6n, r\u00f6d eller dimning. Denna vattent\u00e4ta ficklampa med splitters\u00e4ker lins har en bekv\u00e4m design och h\u00e5llbar konstruktion, som erbjuder optimal komfort och m\u00e5ngsidighet f\u00f6r alla \u00e4ventyr inomhus eller utomhus. Energizer har banat v\u00e4g f\u00f6r b\u00e4rbar belysning i \u00f6ver 120 \u00e5r och introducerade v\u00e4rldens f\u00f6rsta vattent\u00e4ta ficklampa 1970. Energizer g\u00f6r det enkelt att lysa upp din v\u00e4g.<\/p>\n","protected":false},"featured_media":0,"comment_status":"open","ping_status":"closed","template":"","meta":{"_acf_changed":false},"product_brand":[],"product_cat":[43],"product_tag":[],"class_list":{"0":"post-5413","1":"product","2":"type-product","3":"status-publish","5":"product_cat-hands-free","7":"first","8":"instock","9":"shipping-taxable","10":"product-type-simple"},"acf":[],"_links":{"self":[{"href":"https:\/\/energizer.com\/eu\/sweden\/wp-json\/wp\/v2\/product\/5413","targetHints":{"allow":["GET"]}}],"collection":[{"href":"https:\/\/energizer.com\/eu\/sweden\/wp-json\/wp\/v2\/product"}],"about":[{"href":"https:\/\/energizer.com\/eu\/sweden\/wp-json\/wp\/v2\/types\/product"}],"replies":[{"embeddable":true,"href":"https:\/\/energizer.com\/eu\/sweden\/wp-json\/wp\/v2\/comments?post=5413"}],"version-history":[{"count":6,"href":"https:\/\/energizer.com\/eu\/sweden\/wp-json\/wp\/v2\/product\/5413\/revisions"}],"predecessor-version":[{"id":9258,"href":"https:\/\/energizer.com\/eu\/sweden\/wp-json\/wp\/v2\/product\/5413\/revisions\/9258"}],"wp:attachment":[{"href":"https:\/\/energizer.com\/eu\/sweden\/wp-json\/wp\/v2\/media?parent=5413"}],"wp:term":[{"taxonomy":"product_brand","embeddable":true,"href":"https:\/\/energizer.com\/eu\/sweden\/wp-json\/wp\/v2\/product_brand?post=5413"},{"taxonomy":"product_cat","embeddable":true,"href":"https:\/\/energizer.com\/eu\/sweden\/wp-json\/wp\/v2\/product_cat?post=5413"},{"taxonomy":"product_tag","embeddable":true,"href":"https:\/\/energizer.com\/eu\/sweden\/wp-json\/wp\/v2\/product_tag?post=5413"}],"curies":[{"name":"wp","href":"https:\/\/api.w.org\/{rel}","templated":true}]}}