{"id":5480,"date":"2024-05-22T11:42:31","date_gmt":"2024-05-22T11:42:31","guid":{"rendered":"https:\/\/23b13e8ab3.nxcli.io\/sweden\/?post_type=product&#038;p=5480"},"modified":"2024-08-22T07:05:56","modified_gmt":"2024-08-22T07:05:56","slug":"energizer-led-panel-light","status":"publish","type":"product","link":"https:\/\/energizer.com\/eu\/sweden\/product\/energizer-led-panel-light\/","title":{"rendered":"Energizer LED Panel Light"},"content":{"rendered":"<ul>\n<li>Energizer Panel Light med tv\u00e5 180\u00b0 LED-lampor och laddningskabel<\/li>\n<li>Kraftfullt ljus: Denna 1100-lumen LED-arbetslampa erbjuder exceptionell ljusstyrka och h\u00f6g prestanda, drivs av litiumjonbatteri<\/li>\n<li>Uppladdningsbar kraft: Anv\u00e4nd USB-utg\u00e5ngen f\u00f6r att ladda din telefon eller n\u00e5gon annan smart enhet<\/li>\n<li>H\u00e5llbar konstruktion: Idealisk f\u00f6r l\u00e5ngvarig anv\u00e4ndning, denna h\u00e5llbara lampa \u00e4r IPX4 vattenresistent<\/li>\n<li>M\u00e5ngsidig handsfree anv\u00e4ndning: Denna l\u00e4ttanv\u00e4nda uppladdningsbara lampa passar f\u00f6r g\u00f6r-det-sj\u00e4lv, arbetsprojekt och mer<\/li>\n<li>Flexibel belysning: Med tv\u00e5 belysningspaneler med LED som kan vikas 180\u00b0 kan du till och med lysa upp tv\u00e5 omr\u00e5den samtidigt<\/li>\n<li>Design f\u00f6r l\u00e4tt grepp: Denna f\u00e4llbara lampa har ett justerbart handtag, vilket m\u00f6jligg\u00f6r m\u00e5ngsidig positionering f\u00f6r alla uppgifter<\/li>\n<\/ul>\n","protected":false},"excerpt":{"rendered":"<p>Lys upp din omgivning utan anstr\u00e4ngning med denna h\u00f6gpresterande uppladdningsbara arbetslampa. Energizer Panel Light ger exceptionell ljusstyrka och \u00e4r idealisk f\u00f6r camping, g\u00f6r-det-sj\u00e4lv eller arbetsprojekt. Denna 1100-lumen LED-panellampa erbjuder m\u00e5ngsidig placering f\u00f6r att lysa upp \u00e4ven de m\u00f6rkaste utrymmen. Rikta ljuset d\u00e4r du beh\u00f6ver det, med tv\u00e5 justerbara 180\u00b0 LED-lampor f\u00f6r flexibel belysning. Dess greppv\u00e4nliga design g\u00f6r den otroligt m\u00e5ngsidig, s\u00e5 att du kan h\u00e4nga den var som helst eller helt enkelt placera den p\u00e5 golvet. Det uppladdningsbara batteriet med niv\u00e5indikator hj\u00e4lper dig att s\u00e4kerst\u00e4lla att ditt batteri alltid \u00e4r laddat med hj\u00e4lp av den medf\u00f6ljande laddningskabeln.<\/p>\n","protected":false},"featured_media":0,"comment_status":"open","ping_status":"closed","template":"","meta":{"_acf_changed":false},"product_brand":[],"product_cat":[44],"product_tag":[],"class_list":{"0":"post-5480","1":"product","2":"type-product","3":"status-publish","5":"product_cat-area","7":"first","8":"instock","9":"shipping-taxable","10":"product-type-simple"},"acf":[],"_links":{"self":[{"href":"https:\/\/energizer.com\/eu\/sweden\/wp-json\/wp\/v2\/product\/5480","targetHints":{"allow":["GET"]}}],"collection":[{"href":"https:\/\/energizer.com\/eu\/sweden\/wp-json\/wp\/v2\/product"}],"about":[{"href":"https:\/\/energizer.com\/eu\/sweden\/wp-json\/wp\/v2\/types\/product"}],"replies":[{"embeddable":true,"href":"https:\/\/energizer.com\/eu\/sweden\/wp-json\/wp\/v2\/comments?post=5480"}],"version-history":[{"count":5,"href":"https:\/\/energizer.com\/eu\/sweden\/wp-json\/wp\/v2\/product\/5480\/revisions"}],"predecessor-version":[{"id":9271,"href":"https:\/\/energizer.com\/eu\/sweden\/wp-json\/wp\/v2\/product\/5480\/revisions\/9271"}],"wp:attachment":[{"href":"https:\/\/energizer.com\/eu\/sweden\/wp-json\/wp\/v2\/media?parent=5480"}],"wp:term":[{"taxonomy":"product_brand","embeddable":true,"href":"https:\/\/energizer.com\/eu\/sweden\/wp-json\/wp\/v2\/product_brand?post=5480"},{"taxonomy":"product_cat","embeddable":true,"href":"https:\/\/energizer.com\/eu\/sweden\/wp-json\/wp\/v2\/product_cat?post=5480"},{"taxonomy":"product_tag","embeddable":true,"href":"https:\/\/energizer.com\/eu\/sweden\/wp-json\/wp\/v2\/product_tag?post=5480"}],"curies":[{"name":"wp","href":"https:\/\/api.w.org\/{rel}","templated":true}]}}