{"id":5516,"date":"2024-05-22T12:21:00","date_gmt":"2024-05-22T12:21:00","guid":{"rendered":"https:\/\/23b13e8ab3.nxcli.io\/sweden\/?post_type=product&#038;p=5516"},"modified":"2024-11-08T04:35:43","modified_gmt":"2024-11-08T04:35:43","slug":"energizer-vision-hd-performance-metal-torch-with-digital-focus-2aa","status":"publish","type":"product","link":"https:\/\/energizer.com\/eu\/sweden\/product\/energizer-vision-hd-performance-metal-torch-with-digital-focus-2aa\/","title":{"rendered":"Energizer Vision HD Performance Metal Torch with Digital Focus, 2AA"},"content":{"rendered":"<ul>\n<li>Energizer Vision HD Metal Ficklampa med 2 AA alkaliska batterier inklusive<\/li>\n<li>Superljus Ficklampa: Denna 400-lumen LED-ficklampa erbjuder exceptionell ljusstyrka och h\u00f6g prestanda, s\u00e5 att du kan se upp till 115 meter i h\u00f6gsta l\u00e4ge<\/li>\n<li>Digitalt fokus: Utm\u00e4rkt str\u00e5lstyrning med enkelhet med en hand<\/li>\n<li>H\u00e5llbar legeringskonstruktion: Den robusta metallkroppen och IPX4-konstruktionen ger skydd mot skador och st\u00e4nk<\/li>\n<li>Drifttid:\u202fEnergizer LED-ficklampa kan lysa i upp till 21 timmar i energisparl\u00e4ge<\/li>\n<li>L\u00e4ttvikt: F\u00f6rvara den h\u00e4r l\u00e4tta, kraftfulla ficklampan i din byr\u00e5l\u00e5da, bil, n\u00f6dpaket eller b\u00e4r den i v\u00e4skan<\/li>\n<li>P\u00e5litlig MAX-VIZ-teknik: Energizers kraftfulla teknik replikerar dagsljus f\u00f6r klar sikt som du kan lita p\u00e5<\/li>\n<\/ul>\n","protected":false},"excerpt":{"rendered":"<p>Lys upp din omgivning utan anstr\u00e4ngning med denna h\u00f6gpresterande, superljusa ficklampa. Energizer Vision HD metallficklampa ger exceptionell ljusstyrka i upp till 21 timmar i energisparl\u00e4ge \u2013 oavsett om du \u00e4r p\u00e5 v\u00e4g p\u00e5 ett \u00e4ventyr eller f\u00f6rbereder dig f\u00f6r n\u00f6dsituationer hemma. Perfekt f\u00f6r camping, g\u00f6r-det-sj\u00e4lv eller f\u00f6r str\u00f6mavbrott hemma, din Energizer-ficklampa finns till hands f\u00f6r att hj\u00e4lpa dig hitta r\u00e4tt i m\u00f6rkret. Denna 400-lumen LED-ficklampa kan lysa upp de m\u00f6rkaste utrymmen och lyser upp till 115 meter i h\u00f6gt l\u00e4ge. Och funktionen Digital Focus ger dig utm\u00e4rkt str\u00e5lkontroll med en hand, och g\u00e5r smidigt fr\u00e5n skarpt str\u00e5le till brett fokus.<\/p>\n","protected":false},"featured_media":0,"comment_status":"open","ping_status":"closed","template":"","meta":{"_acf_changed":false},"product_brand":[],"product_cat":[97],"product_tag":[],"class_list":{"0":"post-5516","1":"product","2":"type-product","3":"status-publish","5":"product_cat-handheld","7":"first","8":"instock","9":"shipping-taxable","10":"product-type-simple"},"acf":[],"_links":{"self":[{"href":"https:\/\/energizer.com\/eu\/sweden\/wp-json\/wp\/v2\/product\/5516","targetHints":{"allow":["GET"]}}],"collection":[{"href":"https:\/\/energizer.com\/eu\/sweden\/wp-json\/wp\/v2\/product"}],"about":[{"href":"https:\/\/energizer.com\/eu\/sweden\/wp-json\/wp\/v2\/types\/product"}],"replies":[{"embeddable":true,"href":"https:\/\/energizer.com\/eu\/sweden\/wp-json\/wp\/v2\/comments?post=5516"}],"version-history":[{"count":6,"href":"https:\/\/energizer.com\/eu\/sweden\/wp-json\/wp\/v2\/product\/5516\/revisions"}],"predecessor-version":[{"id":10316,"href":"https:\/\/energizer.com\/eu\/sweden\/wp-json\/wp\/v2\/product\/5516\/revisions\/10316"}],"wp:attachment":[{"href":"https:\/\/energizer.com\/eu\/sweden\/wp-json\/wp\/v2\/media?parent=5516"}],"wp:term":[{"taxonomy":"product_brand","embeddable":true,"href":"https:\/\/energizer.com\/eu\/sweden\/wp-json\/wp\/v2\/product_brand?post=5516"},{"taxonomy":"product_cat","embeddable":true,"href":"https:\/\/energizer.com\/eu\/sweden\/wp-json\/wp\/v2\/product_cat?post=5516"},{"taxonomy":"product_tag","embeddable":true,"href":"https:\/\/energizer.com\/eu\/sweden\/wp-json\/wp\/v2\/product_tag?post=5516"}],"curies":[{"name":"wp","href":"https:\/\/api.w.org\/{rel}","templated":true}]}}