{"id":5518,"date":"2024-05-22T12:24:22","date_gmt":"2024-05-22T12:24:22","guid":{"rendered":"https:\/\/23b13e8ab3.nxcli.io\/sweden\/?post_type=product&#038;p=5518"},"modified":"2024-11-08T04:50:27","modified_gmt":"2024-11-08T04:50:27","slug":"energizer-head-torch-vision-hd-headlight","status":"publish","type":"product","link":"https:\/\/energizer.com\/eu\/sweden\/product\/energizer-head-torch-vision-hd-headlight\/","title":{"rendered":"Energizer Head Torch, Vision HD Headlight"},"content":{"rendered":"<ul>\n<li><span data-sheets-root=\"1\">Energizer Vision HD pannlampa med 3 vita lysdioder, inkluderar 3 AAA alkaliska batterier<br \/>\n<\/span><\/li>\n<li><span data-sheets-root=\"1\">LED-teknik: Denna kraftfulla 300-lumens pannlampa har en imponerande r\u00e4ckvidd p\u00e5 55 meter<br \/>\n<\/span><\/li>\n<li><span data-sheets-root=\"1\">Smart dimmingsteknik: Justera intensiteten fr\u00e5n 10\u00a0% till 100\u00a0% i alla l\u00e4gen, inklusive H\u00f6g, Punkt och Bred<br \/>\n<\/span><\/li>\n<li><span data-sheets-root=\"1\">H\u00e5llbar konstruktion: Idealisk f\u00f6r l\u00e5ngvarig anv\u00e4ndning, denna h\u00e5llbara pannlampa motst\u00e5r falltest p\u00e5 1 meter, med en splitters\u00e4ker lins och vattent\u00e5lig IPX4-klass<br \/>\n<\/span><\/li>\n<li><span data-sheets-root=\"1\">M\u00e5ngsidig handsfree belysning: Denttanv\u00e4nda, kompakta handsfri handsfree ficklampa har dig t\u00e4ckt f\u00f6r str\u00f6mavbrott, g\u00f6r-det-sj\u00e4lv och mer<br \/>\n<\/span><\/li>\n<li><span data-sheets-root=\"1\">Snabb p\u00e5-av: St\u00e4ng enkelt av din utomhus pannlampa utan att beh\u00f6va klicka dig leverera den kraftfulla prestanda vi lovar Lita p\u00e5 Energizer f\u00f6r p\u00e5litlig prestanda i alla situationer\u2013 alla Energizer-lampor \u00e4r testade och f\u00f6ljer strikta, p\u00e5litliga ANSI-standarder<br \/>\n<\/span><\/li>\n<\/ul>\n","protected":false},"excerpt":{"rendered":"<p>H\u00e5ll h\u00e4nderna fria och njut av varje \u00e4ventyr till fullo med denna l\u00e4tta och m\u00e5ngsidiga pannlampa. Energizer Vision HD-pannlampa \u00e4r b\u00e5de kompakt och handsfree \u2013 perfekt f\u00f6r g\u00f6r-det-sj\u00e4lv och aktiviteter som kr\u00e4ver b\u00e5da h\u00e4nderna. Den kommer att lysa upp din v\u00e4g p\u00e5 alla eskapader efter m\u00f6rkret, oavsett om du campar, vandrar eller \u00e4r ute och springer. Denna 300-lumen LED-pannlampa kommer att lysa upp \u00e4ven de m\u00f6rkaste utrymmena och lyser upp till 55 meter i h\u00f6gt l\u00e4ge, vilket ger dig gott om ljus precis d\u00e4r du beh\u00f6ver det.<\/p>\n","protected":false},"featured_media":0,"comment_status":"open","ping_status":"closed","template":"","meta":{"_acf_changed":false},"product_brand":[],"product_cat":[43],"product_tag":[],"class_list":{"0":"post-5518","1":"product","2":"type-product","3":"status-publish","5":"product_cat-hands-free","7":"first","8":"instock","9":"shipping-taxable","10":"product-type-simple"},"acf":[],"_links":{"self":[{"href":"https:\/\/energizer.com\/eu\/sweden\/wp-json\/wp\/v2\/product\/5518","targetHints":{"allow":["GET"]}}],"collection":[{"href":"https:\/\/energizer.com\/eu\/sweden\/wp-json\/wp\/v2\/product"}],"about":[{"href":"https:\/\/energizer.com\/eu\/sweden\/wp-json\/wp\/v2\/types\/product"}],"replies":[{"embeddable":true,"href":"https:\/\/energizer.com\/eu\/sweden\/wp-json\/wp\/v2\/comments?post=5518"}],"version-history":[{"count":6,"href":"https:\/\/energizer.com\/eu\/sweden\/wp-json\/wp\/v2\/product\/5518\/revisions"}],"predecessor-version":[{"id":10318,"href":"https:\/\/energizer.com\/eu\/sweden\/wp-json\/wp\/v2\/product\/5518\/revisions\/10318"}],"wp:attachment":[{"href":"https:\/\/energizer.com\/eu\/sweden\/wp-json\/wp\/v2\/media?parent=5518"}],"wp:term":[{"taxonomy":"product_brand","embeddable":true,"href":"https:\/\/energizer.com\/eu\/sweden\/wp-json\/wp\/v2\/product_brand?post=5518"},{"taxonomy":"product_cat","embeddable":true,"href":"https:\/\/energizer.com\/eu\/sweden\/wp-json\/wp\/v2\/product_cat?post=5518"},{"taxonomy":"product_tag","embeddable":true,"href":"https:\/\/energizer.com\/eu\/sweden\/wp-json\/wp\/v2\/product_tag?post=5518"}],"curies":[{"name":"wp","href":"https:\/\/api.w.org\/{rel}","templated":true}]}}