{"id":5520,"date":"2024-05-22T12:28:24","date_gmt":"2024-05-22T12:28:24","guid":{"rendered":"https:\/\/23b13e8ab3.nxcli.io\/sweden\/?post_type=product&#038;p=5520"},"modified":"2024-11-08T04:54:58","modified_gmt":"2024-11-08T04:54:58","slug":"energizer-hard-case-led-headlamp","status":"publish","type":"product","link":"https:\/\/energizer.com\/eu\/sweden\/product\/energizer-hard-case-led-headlamp\/","title":{"rendered":"Energizer Hard Case LED Headlamp"},"content":{"rendered":"<ul>\n<li>Denna t\u00e5liga och robusta pannlampa fungerar med 3 Energizer MAX AA-batterier (ing\u00e5r)<\/li>\n<li>Kraftfull LED-teknik ger en kraftfull str\u00e5le p\u00e5 upp till 325 lumen som kan n\u00e5 upp till 100 meter i h\u00f6gt l\u00e4ge<\/li>\n<li>Halkfri huvudrem och justerbart band passar standardhj\u00e4lmar och skyddshj\u00e4lmar<\/li>\n<li>T\u00e5lig konstruktion t\u00e5l fall efter fall fr\u00e5n upp till 7 meters h\u00f6jd<\/li>\n<li>Inkluderar ett praktiskt vridbart huvud kraftfull ljusstr\u00e5le str\u00f6m av ljus<\/li>\n<li>V\u00e4xla enkelt mellan flod- och\/eller str\u00e5lkastarl\u00e4gen<\/li>\n<li>Redo f\u00f6r alla v\u00e4der: Vattenresistent enligt IPX4-standard<\/li>\n<\/ul>\n","protected":false},"excerpt":{"rendered":"<p>Frig\u00f6r h\u00e4nderna med Energizer Hard Case Professional Rugged LED-pannlampa. Vrid pannlampan och rikta dess kraftfulla LED-ljus upp till 100 meter bort (p\u00e5 h\u00f6gsta). Med driftl\u00e4gen f\u00f6r full effekt, spot eller flood kan du f\u00e5 h\u00f6geffektsljusstyrka i 6,5 timmar (p\u00e5 h\u00f6gt l\u00e4ge) eller en l\u00e4ngre, 22-timmars drifttid (p\u00e5 l\u00e5g). Detta \u00e4r en pannlampa byggd f\u00f6r \u00e4ven de mest kr\u00e4vande uppgifterna: Dess tuffa ytterkropp \u00e4r v\u00e4derbest\u00e4ndig och t\u00e5l fall efter fall, \u00e4ven fr\u00e5n upp till 7 meters h\u00f6jd. L\u00e4tt att b\u00e4ra, den h\u00e4r pannlampans bekv\u00e4ma, justerbara band sitter som en sm\u00e4ck. B\u00e4r du skyddshj\u00e4lm eller hj\u00e4lm? Inga bekymmer \u2013 denna halkfria rem p\u00e5 Energizer pannlampan sitter fast n\u00e4r du beh\u00f6ver den f\u00f6r stabilt ljus.<\/p>\n","protected":false},"featured_media":0,"comment_status":"open","ping_status":"closed","template":"","meta":{"_acf_changed":false},"product_brand":[],"product_cat":[43],"product_tag":[],"class_list":{"0":"post-5520","1":"product","2":"type-product","3":"status-publish","5":"product_cat-hands-free","7":"first","8":"instock","9":"shipping-taxable","10":"product-type-simple"},"acf":[],"_links":{"self":[{"href":"https:\/\/energizer.com\/eu\/sweden\/wp-json\/wp\/v2\/product\/5520","targetHints":{"allow":["GET"]}}],"collection":[{"href":"https:\/\/energizer.com\/eu\/sweden\/wp-json\/wp\/v2\/product"}],"about":[{"href":"https:\/\/energizer.com\/eu\/sweden\/wp-json\/wp\/v2\/types\/product"}],"replies":[{"embeddable":true,"href":"https:\/\/energizer.com\/eu\/sweden\/wp-json\/wp\/v2\/comments?post=5520"}],"version-history":[{"count":7,"href":"https:\/\/energizer.com\/eu\/sweden\/wp-json\/wp\/v2\/product\/5520\/revisions"}],"predecessor-version":[{"id":10320,"href":"https:\/\/energizer.com\/eu\/sweden\/wp-json\/wp\/v2\/product\/5520\/revisions\/10320"}],"wp:attachment":[{"href":"https:\/\/energizer.com\/eu\/sweden\/wp-json\/wp\/v2\/media?parent=5520"}],"wp:term":[{"taxonomy":"product_brand","embeddable":true,"href":"https:\/\/energizer.com\/eu\/sweden\/wp-json\/wp\/v2\/product_brand?post=5520"},{"taxonomy":"product_cat","embeddable":true,"href":"https:\/\/energizer.com\/eu\/sweden\/wp-json\/wp\/v2\/product_cat?post=5520"},{"taxonomy":"product_tag","embeddable":true,"href":"https:\/\/energizer.com\/eu\/sweden\/wp-json\/wp\/v2\/product_tag?post=5520"}],"curies":[{"name":"wp","href":"https:\/\/api.w.org\/{rel}","templated":true}]}}