{"id":5522,"date":"2024-05-22T12:29:45","date_gmt":"2024-05-22T12:29:45","guid":{"rendered":"https:\/\/23b13e8ab3.nxcli.io\/sweden\/?post_type=product&#038;p=5522"},"modified":"2024-11-08T04:57:05","modified_gmt":"2024-11-08T04:57:05","slug":"energizer-hardcase-magnet-400-headlight","status":"publish","type":"product","link":"https:\/\/energizer.com\/eu\/sweden\/product\/energizer-hardcase-magnet-400-headlight\/","title":{"rendered":"Energizer Hardcase MAGNET 400 Headlight"},"content":{"rendered":"<ul>\n<li>Denna h\u00e5llbara, m\u00e5ngsidiga magnetiska str\u00e5lkastare fungerar med 3 Energizer MAX AAA-batterier (ing\u00e5r)<\/li>\n<li>Anv\u00e4nd som pannlampa eller ta loss ljusenheten och montera den p\u00e5 magnetiska ytor<\/li>\n<li>Levererar upp till 400 lumen ljus som \u00e4r 5 g\u00e5nger starkare \u00e4n standard LED-teknik med ett str\u00e5lavst\u00e5nd p\u00e5 upp till 60 meter<\/li>\n<li>Halkfri huvudrem och justerbart band passar standardhj\u00e4lmar och skyddshj\u00e4lmar<\/li>\n<li>Robust kropp t\u00e5l fall efter fall fr\u00e5n upp till 7 meters h\u00f6jd<\/li>\n<li>V\u00e4xla mellan 2 ljusl\u00e4gen: Plats f\u00f6r fokuserad arbetsbelysning, eller flodljus f\u00f6r brett, j\u00e4mnt ljus<\/li>\n<li>Redo f\u00f6r alla v\u00e4der: Vattenresistent enligt IPX4-standard<\/li>\n<\/ul>\n","protected":false},"excerpt":{"rendered":"<p>M\u00f6t den multifunktionella och m\u00e5ngsidiga ljuskraften hos Energizer Hard Case Professional Magnetic Headlamp. Med upp till 400 lumen av ljus (5 g\u00e5nger starkare \u00e4n standard LED-teknik) och ett str\u00e5lavst\u00e5nd som kan n\u00e5 upp till 60 meter bort, passar denna pannlampa alla jobb \u2013 fr\u00e5n att arbeta under jord till under huven p\u00e5 en bil. B\u00e4r f\u00f6r handsfree-belysning eller ta loss den magnetiska pannlampan f\u00f6r att omedelbart f\u00e4sta den d\u00e4r mer ljus beh\u00f6vs. Med IPX4 v\u00e4derbest\u00e4ndighet \u00e4r denna t\u00e5liga pannlampa byggd f\u00f6r att t\u00e5la v\u00e4der och vind. Och dess slagt\u00e5liga h\u00e5llbarhet betyder att den klarar upp till 7 meters fall, s\u00e5 att du kan f\u00e5 det ljus du beh\u00f6ver \u2013 \u00e4ven under de tuffaste arbetsf\u00f6rh\u00e5llandena.<\/p>\n","protected":false},"featured_media":0,"comment_status":"open","ping_status":"closed","template":"","meta":{"_acf_changed":false},"product_brand":[],"product_cat":[43],"product_tag":[],"class_list":{"0":"post-5522","1":"product","2":"type-product","3":"status-publish","5":"product_cat-hands-free","7":"first","8":"instock","9":"shipping-taxable","10":"product-type-simple"},"acf":[],"_links":{"self":[{"href":"https:\/\/energizer.com\/eu\/sweden\/wp-json\/wp\/v2\/product\/5522","targetHints":{"allow":["GET"]}}],"collection":[{"href":"https:\/\/energizer.com\/eu\/sweden\/wp-json\/wp\/v2\/product"}],"about":[{"href":"https:\/\/energizer.com\/eu\/sweden\/wp-json\/wp\/v2\/types\/product"}],"replies":[{"embeddable":true,"href":"https:\/\/energizer.com\/eu\/sweden\/wp-json\/wp\/v2\/comments?post=5522"}],"version-history":[{"count":7,"href":"https:\/\/energizer.com\/eu\/sweden\/wp-json\/wp\/v2\/product\/5522\/revisions"}],"predecessor-version":[{"id":10321,"href":"https:\/\/energizer.com\/eu\/sweden\/wp-json\/wp\/v2\/product\/5522\/revisions\/10321"}],"wp:attachment":[{"href":"https:\/\/energizer.com\/eu\/sweden\/wp-json\/wp\/v2\/media?parent=5522"}],"wp:term":[{"taxonomy":"product_brand","embeddable":true,"href":"https:\/\/energizer.com\/eu\/sweden\/wp-json\/wp\/v2\/product_brand?post=5522"},{"taxonomy":"product_cat","embeddable":true,"href":"https:\/\/energizer.com\/eu\/sweden\/wp-json\/wp\/v2\/product_cat?post=5522"},{"taxonomy":"product_tag","embeddable":true,"href":"https:\/\/energizer.com\/eu\/sweden\/wp-json\/wp\/v2\/product_tag?post=5522"}],"curies":[{"name":"wp","href":"https:\/\/api.w.org\/{rel}","templated":true}]}}