{"id":5524,"date":"2024-05-22T12:33:21","date_gmt":"2024-05-22T12:33:21","guid":{"rendered":"https:\/\/23b13e8ab3.nxcli.io\/sweden\/?post_type=product&#038;p=5524"},"modified":"2024-11-08T05:04:22","modified_gmt":"2024-11-08T05:04:22","slug":"energizer-hard-case-pro-work-light-led-torch","status":"publish","type":"product","link":"https:\/\/energizer.com\/eu\/sweden\/product\/energizer-hard-case-pro-work-light-led-torch\/","title":{"rendered":"Energizer Hard Case Pro Work Light LED Torch"},"content":{"rendered":"<ul>\n<li>Denna robusta, b\u00e4rba fackla ficklampa fungerar med 4 Energizer MAX AA-batterier (ing\u00e5r)<\/li>\n<li>H\u00f6geffekts LED-teknik ger upp till 550 lumen* enhetligt, ljus med bred vinkel<\/li>\n<li>Tuff och t\u00e5lig kropp t\u00e5l fall efter fall fr\u00e5n upp till 7 meters h\u00f6jd<\/li>\n<li>Arbetar s\u00e5 l\u00e4nge du g\u00f6r det: Varar en hel 8-timmars** arbetsdag i h\u00f6gt l\u00e4ge<\/li>\n<li>Inf\u00e4llbar roterande krok, magneter och stadig bas s\u00e4kerst\u00e4ller en frittst\u00e5ende lampa som inte kr\u00e4ver anv\u00e4ndning av h\u00e4nder<\/li>\n<li>Energizer Smart Dimming-funktion ger dig kontroll \u00f6ver ljusintensiteten<\/li>\n<li>Redo f\u00f6r alla v\u00e4der: Vattent\u00e5lig konstruktion g\u00f6r att den t\u00e5l st\u00e4nkvatten<\/li>\n<\/ul>\n","protected":false},"excerpt":{"rendered":"<p>N\u00e4r du \u00e4r p\u00e5 jobbet, \u00e4r Energizer Hard Case Professional Work Light LED-ficklampa det ocks\u00e5. Denna robusta, h\u00e5llbara, kraftiga ficklampa ger dig den b\u00e4rbara belysningen som beh\u00f6vs f\u00f6r varje uppgift. Med sin kraftfulla LED-teknik och avancerade optik f\u00e5r du ett starkt, enhetligt ljus med en k\u00f6rtid som varar en hel 8-timmars** arbetsdag (i h\u00f6gt l\u00e4ge). Inte nog med det, Smart Dimming-funktionen l\u00e5ter dig anpassa ljusintensiteten och spara energi f\u00f6r en \u00e4nnu l\u00e4ngre drifttid som varar hela 40-timmars** arbetsveckan (p\u00e5 l\u00e5g niv\u00e5). Sparka den, sl\u00e4pp den, sl\u00e4ng den \u2013 den robusta \u00f6verformningen av denna ficklampa med h\u00f6g lumen \u00e4r designad f\u00f6r att motst\u00e5 oavsiktliga st\u00f6tar och fall fr\u00e5n upp till 7 meters h\u00f6jd.<\/p>\n","protected":false},"featured_media":0,"comment_status":"open","ping_status":"closed","template":"","meta":{"_acf_changed":false},"product_brand":[],"product_cat":[44],"product_tag":[],"class_list":{"0":"post-5524","1":"product","2":"type-product","3":"status-publish","5":"product_cat-area","7":"first","8":"instock","9":"shipping-taxable","10":"product-type-simple"},"acf":[],"_links":{"self":[{"href":"https:\/\/energizer.com\/eu\/sweden\/wp-json\/wp\/v2\/product\/5524","targetHints":{"allow":["GET"]}}],"collection":[{"href":"https:\/\/energizer.com\/eu\/sweden\/wp-json\/wp\/v2\/product"}],"about":[{"href":"https:\/\/energizer.com\/eu\/sweden\/wp-json\/wp\/v2\/types\/product"}],"replies":[{"embeddable":true,"href":"https:\/\/energizer.com\/eu\/sweden\/wp-json\/wp\/v2\/comments?post=5524"}],"version-history":[{"count":7,"href":"https:\/\/energizer.com\/eu\/sweden\/wp-json\/wp\/v2\/product\/5524\/revisions"}],"predecessor-version":[{"id":10323,"href":"https:\/\/energizer.com\/eu\/sweden\/wp-json\/wp\/v2\/product\/5524\/revisions\/10323"}],"wp:attachment":[{"href":"https:\/\/energizer.com\/eu\/sweden\/wp-json\/wp\/v2\/media?parent=5524"}],"wp:term":[{"taxonomy":"product_brand","embeddable":true,"href":"https:\/\/energizer.com\/eu\/sweden\/wp-json\/wp\/v2\/product_brand?post=5524"},{"taxonomy":"product_cat","embeddable":true,"href":"https:\/\/energizer.com\/eu\/sweden\/wp-json\/wp\/v2\/product_cat?post=5524"},{"taxonomy":"product_tag","embeddable":true,"href":"https:\/\/energizer.com\/eu\/sweden\/wp-json\/wp\/v2\/product_tag?post=5524"}],"curies":[{"name":"wp","href":"https:\/\/api.w.org\/{rel}","templated":true}]}}