{"id":5528,"date":"2024-05-22T12:39:02","date_gmt":"2024-05-22T12:39:02","guid":{"rendered":"https:\/\/23b13e8ab3.nxcli.io\/sweden\/?post_type=product&#038;p=5528"},"modified":"2024-11-08T05:08:41","modified_gmt":"2024-11-08T05:08:41","slug":"energizer-hard-case-pivot-light-2aa","status":"publish","type":"product","link":"https:\/\/energizer.com\/eu\/sweden\/product\/energizer-hard-case-pivot-light-2aa\/","title":{"rendered":"Energizer Hard Case Pivot Light 2AA"},"content":{"rendered":"<ul>\n<li>Flexibel Pivot Plus LED-ficklampa drivs med 2 Energizer MAX AA-batterier (ing\u00e5r)<\/li>\n<li>175\u00b0 vridbart huvud levererar upp till 300 lysande lumen av enhetligt ljus med ett str\u00e5lavst\u00e5nd p\u00e5 upp till 30 meter<\/li>\n<li>Slitstark gummikropp klarar fall efter fall fr\u00e5n upp till 7 meters h\u00f6jd<\/li>\n<li>Magnetisk bas och inbyggd snodd ger handsfree vridbar uppgiftsbelysning i alla vinklar<\/li>\n<li>Extra stor knapp och ergonomiskt handtag g\u00f6r arbetslampan l\u00e4tt att anv\u00e4nda, \u00e4ven n\u00e4r du b\u00e4r handskar<\/li>\n<li>redo f\u00f6r alla v\u00e4der; v\u00e4derbest\u00e4ndig enligt IPX4-standarder<\/li>\n<li>Varar s\u00e5 l\u00e4nge du beh\u00f6ver det: K\u00f6rs i upp till 5 timmar p\u00e5 h\u00f6gt l\u00e4ge och upp till 30 timmar p\u00e5 l\u00e5gt<\/li>\n<\/ul>\n","protected":false},"excerpt":{"rendered":"<p>\u00c4ntligen en professionell arbetslampa som uppfyller dina krav. Det vridbara huvudet p\u00e5 denna Energizer Hard Case Professional Pivot Plus LED-ficklampa levererar ljusstyrka p\u00e5 beg\u00e4ran n\u00e4r och var du beh\u00f6ver den. Dess 175\u00b0 sv\u00e4ngbara huvud kan rikta upp till 300 lysande lumen av skarpt, enhetligt ljus, och belyser f\u00f6rem\u00e5l upp till 30 meter bort. G\u00e5 handsfree med magnetisk bas och inbyggt sn\u00f6re. Designad med en robust yttre form av gummi, kan denna kraftiga ficklampa klara av tuffa f\u00f6rh\u00e5llanden, testad f\u00f6r att motst\u00e5 fall fr\u00e5n upp till 7 meters h\u00f6jd och h\u00e5lla i alla v\u00e4der, tack vare dess IPX4-klassade v\u00e4derbest\u00e4ndighet.<\/p>\n","protected":false},"featured_media":0,"comment_status":"open","ping_status":"closed","template":"","meta":{"_acf_changed":false},"product_brand":[],"product_cat":[97],"product_tag":[],"class_list":{"0":"post-5528","1":"product","2":"type-product","3":"status-publish","5":"product_cat-handheld","7":"first","8":"instock","9":"shipping-taxable","10":"product-type-simple"},"acf":[],"_links":{"self":[{"href":"https:\/\/energizer.com\/eu\/sweden\/wp-json\/wp\/v2\/product\/5528","targetHints":{"allow":["GET"]}}],"collection":[{"href":"https:\/\/energizer.com\/eu\/sweden\/wp-json\/wp\/v2\/product"}],"about":[{"href":"https:\/\/energizer.com\/eu\/sweden\/wp-json\/wp\/v2\/types\/product"}],"replies":[{"embeddable":true,"href":"https:\/\/energizer.com\/eu\/sweden\/wp-json\/wp\/v2\/comments?post=5528"}],"version-history":[{"count":4,"href":"https:\/\/energizer.com\/eu\/sweden\/wp-json\/wp\/v2\/product\/5528\/revisions"}],"predecessor-version":[{"id":10326,"href":"https:\/\/energizer.com\/eu\/sweden\/wp-json\/wp\/v2\/product\/5528\/revisions\/10326"}],"wp:attachment":[{"href":"https:\/\/energizer.com\/eu\/sweden\/wp-json\/wp\/v2\/media?parent=5528"}],"wp:term":[{"taxonomy":"product_brand","embeddable":true,"href":"https:\/\/energizer.com\/eu\/sweden\/wp-json\/wp\/v2\/product_brand?post=5528"},{"taxonomy":"product_cat","embeddable":true,"href":"https:\/\/energizer.com\/eu\/sweden\/wp-json\/wp\/v2\/product_cat?post=5528"},{"taxonomy":"product_tag","embeddable":true,"href":"https:\/\/energizer.com\/eu\/sweden\/wp-json\/wp\/v2\/product_tag?post=5528"}],"curies":[{"name":"wp","href":"https:\/\/api.w.org\/{rel}","templated":true}]}}