{"id":5530,"date":"2024-05-22T12:41:24","date_gmt":"2024-05-22T12:41:24","guid":{"rendered":"https:\/\/23b13e8ab3.nxcli.io\/sweden\/?post_type=product&#038;p=5530"},"modified":"2024-11-08T05:09:34","modified_gmt":"2024-11-08T05:09:34","slug":"energizer-atex-3aaa-120-headlight","status":"publish","type":"product","link":"https:\/\/energizer.com\/eu\/sweden\/product\/energizer-atex-3aaa-120-headlight\/","title":{"rendered":"Energizer ATEX 3AAA  120  Headlight"},"content":{"rendered":"<ul>\n<li>Egens\u00e4ker (ATEX) handh\u00e5llen enhet<\/li>\n<li>-20\u00b0C till 40\u00b0C omgivningstemperaturomr\u00e5de f\u00f6r drift<\/li>\n<li>Division I, Klass I, II och III<\/li>\n<li>IECEx IA inbyggd s\u00e4kerhet<\/li>\n<li>EN60529 ingressskydd niv\u00e5 IP67<\/li>\n<\/ul>\n","protected":false},"excerpt":{"rendered":"<p>Godk\u00e4nd av globala s\u00e4kerhetsbyr\u00e5er, Energizer Atex LED-pannlampa kan prestera under de tuffaste f\u00f6rh\u00e5llanden. Designad med industriella yrken i \u00e5tanke, detta h\u00f6gpresterande ljus \u00e4r certifierad med en IP67 vattent\u00e4t klassificering och \u00f6verlever slag efter slag fr\u00e5n upp till 1 meter. Den \u00e4r byggd f\u00f6r att klara tuffa f\u00f6rh\u00e5llanden p\u00e5 arbetsplatsen och ger en p\u00e5litlig handsfree-belysningsl\u00f6sning. Ljuset sv\u00e4nger mjukt f\u00f6r att rikta str\u00e5len precis dit det beh\u00f6vs. Det justerbara huvudbandet f\u00e4ster t\u00e4tt mot s\u00e4kerhetsutrustningen. LED-teknik ger konsekvent belysning p\u00e5 upp till 150 lumen i upp till 5 timmar f\u00f6r att h\u00e5lla dig aktiv l\u00e4ngre.<\/p>\n","protected":false},"featured_media":0,"comment_status":"open","ping_status":"closed","template":"","meta":{"_acf_changed":false},"product_brand":[],"product_cat":[43],"product_tag":[],"class_list":{"0":"post-5530","1":"product","2":"type-product","3":"status-publish","5":"product_cat-hands-free","7":"first","8":"instock","9":"shipping-taxable","10":"product-type-simple"},"acf":[],"_links":{"self":[{"href":"https:\/\/energizer.com\/eu\/sweden\/wp-json\/wp\/v2\/product\/5530","targetHints":{"allow":["GET"]}}],"collection":[{"href":"https:\/\/energizer.com\/eu\/sweden\/wp-json\/wp\/v2\/product"}],"about":[{"href":"https:\/\/energizer.com\/eu\/sweden\/wp-json\/wp\/v2\/types\/product"}],"replies":[{"embeddable":true,"href":"https:\/\/energizer.com\/eu\/sweden\/wp-json\/wp\/v2\/comments?post=5530"}],"version-history":[{"count":8,"href":"https:\/\/energizer.com\/eu\/sweden\/wp-json\/wp\/v2\/product\/5530\/revisions"}],"predecessor-version":[{"id":10327,"href":"https:\/\/energizer.com\/eu\/sweden\/wp-json\/wp\/v2\/product\/5530\/revisions\/10327"}],"wp:attachment":[{"href":"https:\/\/energizer.com\/eu\/sweden\/wp-json\/wp\/v2\/media?parent=5530"}],"wp:term":[{"taxonomy":"product_brand","embeddable":true,"href":"https:\/\/energizer.com\/eu\/sweden\/wp-json\/wp\/v2\/product_brand?post=5530"},{"taxonomy":"product_cat","embeddable":true,"href":"https:\/\/energizer.com\/eu\/sweden\/wp-json\/wp\/v2\/product_cat?post=5530"},{"taxonomy":"product_tag","embeddable":true,"href":"https:\/\/energizer.com\/eu\/sweden\/wp-json\/wp\/v2\/product_tag?post=5530"}],"curies":[{"name":"wp","href":"https:\/\/api.w.org\/{rel}","templated":true}]}}