{"id":5536,"date":"2024-05-22T12:48:37","date_gmt":"2024-05-22T12:48:37","guid":{"rendered":"https:\/\/23b13e8ab3.nxcli.io\/sweden\/?post_type=product&#038;p=5536"},"modified":"2024-11-08T05:25:07","modified_gmt":"2024-11-08T05:25:07","slug":"energizer-metal-inspection-light","status":"publish","type":"product","link":"https:\/\/energizer.com\/eu\/sweden\/product\/energizer-metal-inspection-light\/","title":{"rendered":"Energizer Metal Inspection Light"},"content":{"rendered":"<ul>\n<li>Energizer Metal Inspection Light med 2 AAA alkaliska batterier medf\u00f6ljer<\/li>\n<li>Superljus Ficklampa: Denna kraftfulla LED-lampa p\u00e5 100 lumen har en r\u00e4ckvidd p\u00e5 50 meter och erbjuder f\u00f6rb\u00e4ttrad synlighet i alla m\u00f6rka utrymmen<\/li>\n<li>M\u00e5ngsidig anv\u00e4ndning: Denna l\u00e4ttanv\u00e4nda lampa passar b\u00e5de f\u00f6r n\u00e4rbildsinspektioner och f\u00f6r att belysa ett bredare omr\u00e5de<\/li>\n<li>\u00a0H\u00e5llbar konstruktion: Denna inspektionslampa fr\u00e5n Energizer \u00e4r perfekt f\u00f6r l\u00e5ngvarig och \u00e4r IPX4-vattenbest\u00e4ndig certifieradoch slagt\u00e5lig upp till 1 meter<\/li>\n<li>Drifttid:\u202fEnergizer LED-inspektionslampan kan lysa i upp till 5 timmar<\/li>\n<li>L\u00e4tt: Ha denna l\u00e4tta, m\u00e5ngsidiga lampa i v\u00e4skan eller f\u00e4st den i fickan<\/li>\n<li>Design f\u00f6r: Dess bekv\u00e4ma design med en tryckknapp p\u00e5 \u00e4nden baktill g\u00f6r den enkel att greppa och anv\u00e4nda<\/li>\n<\/ul>\n","protected":false},"excerpt":{"rendered":"<p>Njut av f\u00f6rb\u00e4ttrad synlighet i alla m\u00f6rka utrymmen med denna kraftfulla inspektionslampa som lyser upp till 50 meter. Energizer Metal Inspection Light ger exceptionell ljusstyrka i upp till 5 timmar \u2013 perfekt f\u00f6r n\u00e4rbildsinspektioner eller f\u00f6r att belysa ett bredare omr\u00e5de. H\u00e5ll den till hands f\u00f6r alla uppgifter som kr\u00e4ver exakt ljus under icke-ideala f\u00f6rh\u00e5llanden. Denna effektiva 100-lumen LED-ficklampa ger ett optimalt str\u00e5lm\u00f6nster och f\u00e4rgtemperatur f\u00f6r g\u00f6r-det-sj\u00e4lv-projekt. Fungerar i upp till 5 timmar, du har gott om tid att inspektera sv\u00e5r\u00e5tkomliga utrymmen.<\/p>\n","protected":false},"featured_media":0,"comment_status":"open","ping_status":"closed","template":"","meta":{"_acf_changed":false},"product_brand":[],"product_cat":[97],"product_tag":[],"class_list":{"0":"post-5536","1":"product","2":"type-product","3":"status-publish","5":"product_cat-handheld","7":"first","8":"instock","9":"shipping-taxable","10":"product-type-simple"},"acf":[],"_links":{"self":[{"href":"https:\/\/energizer.com\/eu\/sweden\/wp-json\/wp\/v2\/product\/5536","targetHints":{"allow":["GET"]}}],"collection":[{"href":"https:\/\/energizer.com\/eu\/sweden\/wp-json\/wp\/v2\/product"}],"about":[{"href":"https:\/\/energizer.com\/eu\/sweden\/wp-json\/wp\/v2\/types\/product"}],"replies":[{"embeddable":true,"href":"https:\/\/energizer.com\/eu\/sweden\/wp-json\/wp\/v2\/comments?post=5536"}],"version-history":[{"count":7,"href":"https:\/\/energizer.com\/eu\/sweden\/wp-json\/wp\/v2\/product\/5536\/revisions"}],"predecessor-version":[{"id":10330,"href":"https:\/\/energizer.com\/eu\/sweden\/wp-json\/wp\/v2\/product\/5536\/revisions\/10330"}],"wp:attachment":[{"href":"https:\/\/energizer.com\/eu\/sweden\/wp-json\/wp\/v2\/media?parent=5536"}],"wp:term":[{"taxonomy":"product_brand","embeddable":true,"href":"https:\/\/energizer.com\/eu\/sweden\/wp-json\/wp\/v2\/product_brand?post=5536"},{"taxonomy":"product_cat","embeddable":true,"href":"https:\/\/energizer.com\/eu\/sweden\/wp-json\/wp\/v2\/product_cat?post=5536"},{"taxonomy":"product_tag","embeddable":true,"href":"https:\/\/energizer.com\/eu\/sweden\/wp-json\/wp\/v2\/product_tag?post=5536"}],"curies":[{"name":"wp","href":"https:\/\/api.w.org\/{rel}","templated":true}]}}