{"id":5538,"date":"2024-05-22T13:25:11","date_gmt":"2024-05-22T13:25:11","guid":{"rendered":"https:\/\/23b13e8ab3.nxcli.io\/sweden\/?post_type=product&#038;p=5538"},"modified":"2024-11-08T05:27:26","modified_gmt":"2024-11-08T05:27:26","slug":"energizer-vision-hd-focus-industrial-headlight","status":"publish","type":"product","link":"https:\/\/energizer.com\/eu\/sweden\/product\/energizer-vision-hd-focus-industrial-headlight\/","title":{"rendered":"Energizer Vision HD Focus Industrial Headlight"},"content":{"rendered":"<ul>\n<li>3 vita lysdioder, 2 r\u00f6da lysdioder<\/li>\n<li>5 ljusl\u00e4gen<\/li>\n<li>Smart dimningsteknik<\/li>\n<li>VisionGuard Technology<\/li>\n<li>\u00a0Halkskyddad huvudrem med silikonlager mar till universella hj\u00e4lmar<\/li>\n<li>4 remmar till universella hj\u00e4lmar<\/li>\n<li>Pivoterande huvud<\/li>\n<li>IPX4: Motst\u00e5r vattenst\u00e4nk fr\u00e5n alla h\u00e5ll<\/li>\n<\/ul>\n","protected":false},"excerpt":{"rendered":"<p>Energizer Industrial pannlampa \u00e4r ergonomisk, h\u00f6gpresterande och robust f\u00f6r att m\u00f6ta behoven av handsfreebelysning hos de mest kr\u00e4vande proffsen.<\/p>\n","protected":false},"featured_media":0,"comment_status":"open","ping_status":"closed","template":"","meta":{"_acf_changed":false},"product_brand":[],"product_cat":[43],"product_tag":[],"class_list":{"0":"post-5538","1":"product","2":"type-product","3":"status-publish","5":"product_cat-hands-free","7":"first","8":"instock","9":"shipping-taxable","10":"product-type-simple"},"acf":[],"_links":{"self":[{"href":"https:\/\/energizer.com\/eu\/sweden\/wp-json\/wp\/v2\/product\/5538","targetHints":{"allow":["GET"]}}],"collection":[{"href":"https:\/\/energizer.com\/eu\/sweden\/wp-json\/wp\/v2\/product"}],"about":[{"href":"https:\/\/energizer.com\/eu\/sweden\/wp-json\/wp\/v2\/types\/product"}],"replies":[{"embeddable":true,"href":"https:\/\/energizer.com\/eu\/sweden\/wp-json\/wp\/v2\/comments?post=5538"}],"version-history":[{"count":6,"href":"https:\/\/energizer.com\/eu\/sweden\/wp-json\/wp\/v2\/product\/5538\/revisions"}],"predecessor-version":[{"id":10331,"href":"https:\/\/energizer.com\/eu\/sweden\/wp-json\/wp\/v2\/product\/5538\/revisions\/10331"}],"wp:attachment":[{"href":"https:\/\/energizer.com\/eu\/sweden\/wp-json\/wp\/v2\/media?parent=5538"}],"wp:term":[{"taxonomy":"product_brand","embeddable":true,"href":"https:\/\/energizer.com\/eu\/sweden\/wp-json\/wp\/v2\/product_brand?post=5538"},{"taxonomy":"product_cat","embeddable":true,"href":"https:\/\/energizer.com\/eu\/sweden\/wp-json\/wp\/v2\/product_cat?post=5538"},{"taxonomy":"product_tag","embeddable":true,"href":"https:\/\/energizer.com\/eu\/sweden\/wp-json\/wp\/v2\/product_tag?post=5538"}],"curies":[{"name":"wp","href":"https:\/\/api.w.org\/{rel}","templated":true}]}}