{"id":5553,"date":"2024-05-22T14:13:22","date_gmt":"2024-05-22T14:13:22","guid":{"rendered":"https:\/\/23b13e8ab3.nxcli.io\/sweden\/?post_type=product&#038;p=5553"},"modified":"2024-11-08T05:36:18","modified_gmt":"2024-11-08T05:36:18","slug":"energizer-pro-series-focusing-hybrid-headlamp","status":"publish","type":"product","link":"https:\/\/energizer.com\/eu\/sweden\/product\/energizer-pro-series-focusing-hybrid-headlamp\/","title":{"rendered":"Energizer Pro Series Focusing Hybrid Headlamp"},"content":{"rendered":"<ul>\n<li>\u00a0Energizer Pro Series Focusing udlampa pannlampa med splitters\u00e4ker lins LED-teknik: Denna kraftfulla, 500-luree huvudlampa pannlampa ger 12 g\u00e5nger starkare ljus \u00e4n standard LED-teknik<\/li>\n<li>5 ljusl\u00e4gen: V\u00e4lj ett l\u00e4ge som passar dina olika belysningsbehov, v\u00e4lj mellan h\u00f6g, medium, l\u00e5g, gr\u00f6n och gr\u00f6n blinkande<\/li>\n<li>Energizer Digital Focus Technology: L\u00e5ter dig bredda eller minska ljusstr\u00e5len med en enkel knapp tryckning<\/li>\n<li>H\u00e5llbar konstruktion: Denna handsfree pannlampa \u00e4r vattent\u00e4t och har en splitters\u00e4ker lins och t\u00e5l ett fall p\u00e5 2 meter<\/li>\n<li>M\u00e5ngsidig handsfree-belysning: Den l\u00e4ttanv\u00e4nda, kompakta vattent\u00e4ta pannlampan har en justerbar huvudrem med vridbart huvud och design mot bl\u00e4ndning<\/li>\n<li>Hybridkraft: Den l\u00e4tta och l\u00e4ttanv\u00e4nda pannlampan \u00e4r hybriddriven och drivs med b\u00e5de uppladdningsbara batterier och 3xAAA-batterier<\/li>\n<\/ul>\n","protected":false},"excerpt":{"rendered":"<p>H\u00e5ll h\u00e4nderna fria \u2013 oavsett om det \u00e4r ett professionellt eller g\u00f6r-det-sj\u00e4lv-projekt \u2013 med denna l\u00e4tta och m\u00e5ngsidiga pannlampa. Energizer Pro Series Focusing Hybrid pannlampa \u00e4r b\u00e5de kompakt och handsfree, med h\u00f6g CRI f\u00f6r tydlig f\u00e4rgdefinition. Den kommer att belysa din v\u00e4g p\u00e5 alla aktiviteter, oavsett om du arbetar med ett projekt, camping, vandring eller \u00e4r ute och springer efter att solen har g\u00e5tt ner. Denna kraftfulla 500-lumen pannlampa f\u00f6r arbete har en justerbar rem, och antibl\u00e4ndande vridbart huvud f\u00f6r att lysa upp \u00e4ven de m\u00f6rkaste utrymmena, vilket ger dig gott om ljus precis d\u00e4r du beh\u00f6ver det. Dessutom har den h\u00e5llbar och energieffektiv LED-teknik, som erbjuder 12 g\u00e5nger starkare ljus \u00e4n vanliga LED-lampor.<\/p>\n","protected":false},"featured_media":0,"comment_status":"open","ping_status":"closed","template":"","meta":{"_acf_changed":false},"product_brand":[],"product_cat":[43],"product_tag":[],"class_list":{"0":"post-5553","1":"product","2":"type-product","3":"status-publish","5":"product_cat-hands-free","7":"first","8":"instock","9":"shipping-taxable","10":"product-type-simple"},"acf":[],"_links":{"self":[{"href":"https:\/\/energizer.com\/eu\/sweden\/wp-json\/wp\/v2\/product\/5553","targetHints":{"allow":["GET"]}}],"collection":[{"href":"https:\/\/energizer.com\/eu\/sweden\/wp-json\/wp\/v2\/product"}],"about":[{"href":"https:\/\/energizer.com\/eu\/sweden\/wp-json\/wp\/v2\/types\/product"}],"replies":[{"embeddable":true,"href":"https:\/\/energizer.com\/eu\/sweden\/wp-json\/wp\/v2\/comments?post=5553"}],"version-history":[{"count":9,"href":"https:\/\/energizer.com\/eu\/sweden\/wp-json\/wp\/v2\/product\/5553\/revisions"}],"predecessor-version":[{"id":10337,"href":"https:\/\/energizer.com\/eu\/sweden\/wp-json\/wp\/v2\/product\/5553\/revisions\/10337"}],"wp:attachment":[{"href":"https:\/\/energizer.com\/eu\/sweden\/wp-json\/wp\/v2\/media?parent=5553"}],"wp:term":[{"taxonomy":"product_brand","embeddable":true,"href":"https:\/\/energizer.com\/eu\/sweden\/wp-json\/wp\/v2\/product_brand?post=5553"},{"taxonomy":"product_cat","embeddable":true,"href":"https:\/\/energizer.com\/eu\/sweden\/wp-json\/wp\/v2\/product_cat?post=5553"},{"taxonomy":"product_tag","embeddable":true,"href":"https:\/\/energizer.com\/eu\/sweden\/wp-json\/wp\/v2\/product_tag?post=5553"}],"curies":[{"name":"wp","href":"https:\/\/api.w.org\/{rel}","templated":true}]}}