{"id":5556,"date":"2024-05-22T14:15:39","date_gmt":"2024-05-22T14:15:39","guid":{"rendered":"https:\/\/23b13e8ab3.nxcli.io\/sweden\/?post_type=product&#038;p=5556"},"modified":"2024-11-08T05:37:28","modified_gmt":"2024-11-08T05:37:28","slug":"energizer-auto-tri-colour-headlamp","status":"publish","type":"product","link":"https:\/\/energizer.com\/eu\/sweden\/product\/energizer-auto-tri-colour-headlamp\/","title":{"rendered":"Energizer Auto Tri Colour Headlamp"},"content":{"rendered":"<ul>\n<li>Energizer Auto Tri F\u00e4rg Str\u00e5lkastare med splitters\u00e4ker lins<\/li>\n<li>LED-teknik: Denna kraftfulla 400-lumen handsfri ficklampa ger 12 g\u00e5nger starkare ljus \u00e4n standard LED-teknik och en r\u00e4ckvidd p\u00e5 80 meter<\/li>\n<li>Nattl\u00e4ge: De r\u00f6da och gr\u00f6na ljusl\u00e4gena bevarar ditt m\u00f6rkerseende f\u00f6r bilreparationer efter m\u00f6rkrets inbrott, s\u00e5v\u00e4l som camping, fiske och nattvandring<\/li>\n<li>Avancerad dimningsteknik: Styr ljusintensiteten med denna innovativa funktion<\/li>\n<li>H\u00e5llbar konstruktion: Denna handsfree ficklampa \u00e4r IPX4 vattenresistent och har en splitters\u00e4ker lins<\/li>\n<li>M\u00e5ngsidig handsfree-lampa: Den kompakta bil- eller vandringsfacklan med vridbart huvud har du t\u00e4ckt oavsett om du arbetar under motorhuven eller fixar ett d\u00e4ck p\u00e5 sidan av v\u00e4gen<\/li>\n<li>Drifttid:\u202f\u202fDenna l\u00e5ngvariga och effektiva huvudlampa f\u00f6r bil eller l\u00f6pning kan lysa i upp till 40 timmar i svagt l\u00e4ge<\/li>\n<\/ul>\n","protected":false},"excerpt":{"rendered":"<p>H\u00e5ll h\u00e4nderna fria oavsett bilreparationsjobb med denna l\u00e4tta och m\u00e5ngsidiga huvudlampa. Energizer Auto Tri Color-pannlampa \u00e4r b\u00e5de kompakt och handsfree \u2013 idealisk f\u00f6r reparationer i garage eller vid v\u00e4gkanten, g\u00f6r-det-sj\u00e4lv-projekt som kr\u00e4ver tv\u00e5 h\u00e4nder och andra \u00e4ventyr efter m\u00f6rkrets inbrott. Den kommer att lysa upp din v\u00e4g p\u00e5 alla aktiviteter, oavsett om du arbetar p\u00e5 din bil, camping, vandrar eller \u00e4r ute och springer efter att solen har g\u00e5tt ner. Denna kraftfulla 400-lumen arbets- eller l\u00f6parpannlampa har en justerbar rem och anti-bl\u00e4ndande vridbart huvud f\u00f6r att lysa upp ett avst\u00e5nd p\u00e5 upp till 80 meter, vilket ger dig gott om ljus precis d\u00e4r du beh\u00f6ver det. Dessutom ger den 12 g\u00e5nger starkare ljus \u00e4n vanliga lysdioder.<\/p>\n","protected":false},"featured_media":0,"comment_status":"open","ping_status":"closed","template":"","meta":{"_acf_changed":false},"product_brand":[],"product_cat":[43],"product_tag":[],"class_list":{"0":"post-5556","1":"product","2":"type-product","3":"status-publish","5":"product_cat-hands-free","7":"first","8":"instock","9":"shipping-taxable","10":"product-type-simple"},"acf":[],"_links":{"self":[{"href":"https:\/\/energizer.com\/eu\/sweden\/wp-json\/wp\/v2\/product\/5556","targetHints":{"allow":["GET"]}}],"collection":[{"href":"https:\/\/energizer.com\/eu\/sweden\/wp-json\/wp\/v2\/product"}],"about":[{"href":"https:\/\/energizer.com\/eu\/sweden\/wp-json\/wp\/v2\/types\/product"}],"replies":[{"embeddable":true,"href":"https:\/\/energizer.com\/eu\/sweden\/wp-json\/wp\/v2\/comments?post=5556"}],"version-history":[{"count":7,"href":"https:\/\/energizer.com\/eu\/sweden\/wp-json\/wp\/v2\/product\/5556\/revisions"}],"predecessor-version":[{"id":10339,"href":"https:\/\/energizer.com\/eu\/sweden\/wp-json\/wp\/v2\/product\/5556\/revisions\/10339"}],"wp:attachment":[{"href":"https:\/\/energizer.com\/eu\/sweden\/wp-json\/wp\/v2\/media?parent=5556"}],"wp:term":[{"taxonomy":"product_brand","embeddable":true,"href":"https:\/\/energizer.com\/eu\/sweden\/wp-json\/wp\/v2\/product_brand?post=5556"},{"taxonomy":"product_cat","embeddable":true,"href":"https:\/\/energizer.com\/eu\/sweden\/wp-json\/wp\/v2\/product_cat?post=5556"},{"taxonomy":"product_tag","embeddable":true,"href":"https:\/\/energizer.com\/eu\/sweden\/wp-json\/wp\/v2\/product_tag?post=5556"}],"curies":[{"name":"wp","href":"https:\/\/api.w.org\/{rel}","templated":true}]}}