{"id":5558,"date":"2024-05-22T14:18:01","date_gmt":"2024-05-22T14:18:01","guid":{"rendered":"https:\/\/23b13e8ab3.nxcli.io\/sweden\/?post_type=product&#038;p=5558"},"modified":"2024-11-08T05:55:03","modified_gmt":"2024-11-08T05:55:03","slug":"energizer-auto-magnet-pivot-light","status":"publish","type":"product","link":"https:\/\/energizer.com\/eu\/sweden\/product\/energizer-auto-magnet-pivot-light\/","title":{"rendered":"Energizer Auto Magnet &#038; Pivot Light"},"content":{"rendered":"<ul>\n<li>Energizer Auto Magnet &amp; Vridbart Ljus med vridbart huvud och magnetisk bas<\/li>\n<li>Kraftfullt ljus: Denna 300-lumen ljusets LED ger en ljus och enhetlig str\u00e5le<\/li>\n<li>2 ljusl\u00e4gen: V\u00e4lj mellan h\u00f6gt och l\u00e5gt l\u00e4ge f\u00f6r optimerad ljusstyrka och kontroll av driftstid<\/li>\n<li>H\u00e5llbar vattenresistent konstruktion: IPX4 v\u00e4derbest\u00e4ndigt ljus har en splitters\u00e4ker lins och kan \u00f6verleva fall p\u00e5 upp till tv\u00e5 v\u00e5ningar h\u00f6gt<\/li>\n<li>L\u00e5ngvarig kraft: Denna LED-ficklampa lyser i upp till 30 timmar i l\u00e5gt l\u00e4ge<\/li>\n<li>Handsfritt ljus: Denna l\u00e4ttanv\u00e4nda LED-lampa har en magnetisk bas som f\u00e4sts p\u00e5 metallytor f\u00f6r ett stadigt grepp och ett 175-graders vridbart huvud<\/li>\n<\/ul>\n","protected":false},"excerpt":{"rendered":"<p>Lys upp din omgivning utan anstr\u00e4ngning med den h\u00f6gpresterande Energizer Auto Magnet &amp; Pivot Light ljusstarka ficklampa. Oavsett om du st\u00e5r inf\u00f6r en bil- eller hemn\u00f6dsituation, arbetar p\u00e5 din bil eller g\u00f6r-det-sj\u00e4lv-projekt, kan detta LED-ljus med 300 lumen lysa upp de m\u00f6rkaste utrymmena. V\u00e4lj mellan h\u00f6gt eller svagt l\u00e4ge f\u00f6r att v\u00e4lja den perfekta str\u00e5len f\u00f6r din aktivitet. Det m\u00e5ngsidiga ljuset kan anv\u00e4ndas b\u00e5de med handtaget eller h\u00e4nderna fria, tack vare dess magnetiska stativ som f\u00e4sts p\u00e5 metallytor f\u00f6r en stabil f\u00e4stning. Dessutom riktar dess 175 graders vridbara huvud ljus dit du beh\u00f6ver det mest. Ficklampan \u00e4r konstruerad med proffs i \u00e5tanke, den t\u00e5l fall efter fall, oavsett om det \u00e4r fr\u00e5n en stege eller en tv\u00e5v\u00e5ningsbyggnad.<\/p>\n","protected":false},"featured_media":0,"comment_status":"open","ping_status":"closed","template":"","meta":{"_acf_changed":false},"product_brand":[],"product_cat":[97],"product_tag":[],"class_list":{"0":"post-5558","1":"product","2":"type-product","3":"status-publish","5":"product_cat-handheld","7":"first","8":"instock","9":"shipping-taxable","10":"product-type-simple"},"acf":[],"_links":{"self":[{"href":"https:\/\/energizer.com\/eu\/sweden\/wp-json\/wp\/v2\/product\/5558","targetHints":{"allow":["GET"]}}],"collection":[{"href":"https:\/\/energizer.com\/eu\/sweden\/wp-json\/wp\/v2\/product"}],"about":[{"href":"https:\/\/energizer.com\/eu\/sweden\/wp-json\/wp\/v2\/types\/product"}],"replies":[{"embeddable":true,"href":"https:\/\/energizer.com\/eu\/sweden\/wp-json\/wp\/v2\/comments?post=5558"}],"version-history":[{"count":5,"href":"https:\/\/energizer.com\/eu\/sweden\/wp-json\/wp\/v2\/product\/5558\/revisions"}],"predecessor-version":[{"id":10340,"href":"https:\/\/energizer.com\/eu\/sweden\/wp-json\/wp\/v2\/product\/5558\/revisions\/10340"}],"wp:attachment":[{"href":"https:\/\/energizer.com\/eu\/sweden\/wp-json\/wp\/v2\/media?parent=5558"}],"wp:term":[{"taxonomy":"product_brand","embeddable":true,"href":"https:\/\/energizer.com\/eu\/sweden\/wp-json\/wp\/v2\/product_brand?post=5558"},{"taxonomy":"product_cat","embeddable":true,"href":"https:\/\/energizer.com\/eu\/sweden\/wp-json\/wp\/v2\/product_cat?post=5558"},{"taxonomy":"product_tag","embeddable":true,"href":"https:\/\/energizer.com\/eu\/sweden\/wp-json\/wp\/v2\/product_tag?post=5558"}],"curies":[{"name":"wp","href":"https:\/\/api.w.org\/{rel}","templated":true}]}}