{"id":5566,"date":"2024-05-22T14:30:00","date_gmt":"2024-05-22T14:30:00","guid":{"rendered":"https:\/\/23b13e8ab3.nxcli.io\/sweden\/?post_type=product&#038;p=5566"},"modified":"2024-11-08T06:12:11","modified_gmt":"2024-11-08T06:12:11","slug":"energizer-led-work-light","status":"publish","type":"product","link":"https:\/\/energizer.com\/eu\/sweden\/product\/energizer-led-work-light\/","title":{"rendered":"Energizer LED Work Light"},"content":{"rendered":"<ul>\n<li>Energizer LED-arbetslampa med justerbart handtag och ing\u00e5r 4 AA alkaliska batterier<\/li>\n<li>Kraftfullt ljus: Denna kraftfulla 250-lumen LED-ljus erbjuder exceptionell ljusstyrka och h\u00f6g prestanda<\/li>\n<li>2 ljusl\u00e4gen: V\u00e4lj h\u00f6gt l\u00e4ge f\u00f6r maximal ljusstyrka eller energisparl\u00e4ge f\u00f6r att optimera drifttiden<\/li>\n<li>\u00a0H\u00e5llbar konstruktion: Idealisk f\u00f6r l\u00e5ngvarig anv\u00e4ndning, denna p\u00e5litliga Energizer omr\u00e5d certifierad vattenresistent och slagt\u00e5lig upp till 1 meter<\/li>\n<li>Drifttid: Denna h\u00e4ngande arbetslampa har l\u00e5ng drifttid och lyser i upp till 8 timmar<\/li>\n<li>\u00a0M\u00e5ngsidig anv\u00e4ndning: Rikta ljuset dit du beh\u00f6ver det, med det justerbara och r\u00f6rliga handtaget f\u00f6r att enkelt slutf\u00f6ra alla g\u00f6r-det-sj\u00e4lv- eller\u00f6r att leverera den kraftfulla prestanda vi lovar Lita p\u00e5 Energizer f\u00f6r p\u00e5litlig prestanda i alla situationer<\/li>\n<\/ul>\n","protected":false},"excerpt":{"rendered":"<p>Lys upp din omgivning utan anstr\u00e4ngning med denna h\u00f6gpresterande arbetslampa. Energizer LED-arbetsljus ger exceptionell ljusstyrka i upp till 8 timmar \u2013 perfekt om du g\u00f6r l\u00e5nga jobb i krypgrunder, k\u00e4llare eller andra m\u00f6rka omr\u00e5den. Oavsett om du campar, f\u00f6rbereder dig f\u00f6r n\u00f6dsituationer hemma eller om det blir str\u00f6mavbrott, ha din Energizer-lykta till hands f\u00f6r att hitta r\u00e4tt i m\u00f6rkret. Denna 250-lumen LED-panellampa kan lysa upp de m\u00f6rkaste utrymmen. Den \u00e4r idealisk f\u00f6r g\u00f6r-det-sj\u00e4lv- eller arbetsprojekt, tack vare sin stora tryckknappsbrytare, som g\u00f6r den l\u00e4tt att anv\u00e4nda, \u00e4ven med handskar.<\/p>\n","protected":false},"featured_media":0,"comment_status":"open","ping_status":"closed","template":"","meta":{"_acf_changed":false},"product_brand":[],"product_cat":[44],"product_tag":[],"class_list":{"0":"post-5566","1":"product","2":"type-product","3":"status-publish","5":"product_cat-area","7":"first","8":"instock","9":"shipping-taxable","10":"product-type-simple"},"acf":[],"_links":{"self":[{"href":"https:\/\/energizer.com\/eu\/sweden\/wp-json\/wp\/v2\/product\/5566","targetHints":{"allow":["GET"]}}],"collection":[{"href":"https:\/\/energizer.com\/eu\/sweden\/wp-json\/wp\/v2\/product"}],"about":[{"href":"https:\/\/energizer.com\/eu\/sweden\/wp-json\/wp\/v2\/types\/product"}],"replies":[{"embeddable":true,"href":"https:\/\/energizer.com\/eu\/sweden\/wp-json\/wp\/v2\/comments?post=5566"}],"version-history":[{"count":6,"href":"https:\/\/energizer.com\/eu\/sweden\/wp-json\/wp\/v2\/product\/5566\/revisions"}],"predecessor-version":[{"id":10344,"href":"https:\/\/energizer.com\/eu\/sweden\/wp-json\/wp\/v2\/product\/5566\/revisions\/10344"}],"wp:attachment":[{"href":"https:\/\/energizer.com\/eu\/sweden\/wp-json\/wp\/v2\/media?parent=5566"}],"wp:term":[{"taxonomy":"product_brand","embeddable":true,"href":"https:\/\/energizer.com\/eu\/sweden\/wp-json\/wp\/v2\/product_brand?post=5566"},{"taxonomy":"product_cat","embeddable":true,"href":"https:\/\/energizer.com\/eu\/sweden\/wp-json\/wp\/v2\/product_cat?post=5566"},{"taxonomy":"product_tag","embeddable":true,"href":"https:\/\/energizer.com\/eu\/sweden\/wp-json\/wp\/v2\/product_tag?post=5566"}],"curies":[{"name":"wp","href":"https:\/\/api.w.org\/{rel}","templated":true}]}}