{"id":5572,"date":"2024-05-22T14:36:41","date_gmt":"2024-05-22T14:36:41","guid":{"rendered":"https:\/\/23b13e8ab3.nxcli.io\/sweden\/?post_type=product&#038;p=5572"},"modified":"2024-11-08T06:15:35","modified_gmt":"2024-11-08T06:15:35","slug":"energizer-hard-case-professional-rechargeable-spotlight","status":"publish","type":"product","link":"https:\/\/energizer.com\/eu\/sweden\/product\/energizer-hard-case-professional-rechargeable-spotlight\/","title":{"rendered":"Energizer Hard Case Professional Rechargeable Spotlight"},"content":{"rendered":"<ul>\n<li>Energizer Hard Case Professional Uppladdningsbar Str\u00e5lkastare<\/li>\n<li>LED-str\u00e5lkastare konstruerad med robust st\u00e5l- och gummimaterial \u00e4r designad f\u00f6r att klara de mest kr\u00e4vande jobben och motst\u00e5 fall efter fall under anv\u00e4ndning<\/li>\n<li>Anv\u00e4nd denna USB-uppladdningsbara str\u00e5lkastare som LED-arbetslampa, n\u00f6dljus och utomhusspotlight<\/li>\n<li>Ljusstark och kraftfull 1000 lumen uppladdningsbar LED-str\u00e5lkastare kan str\u00e4cka sig \u00f6ver fyra stadionplaner<\/li>\n<li>Har upp till 6 timmars k\u00f6rtid i l\u00e5gl\u00e4ge med tv\u00e5 tillg\u00e4ngliga l\u00e4gen \u2013 h\u00f6g och l\u00e5g<\/li>\n<li>IPX4 vattent\u00e5lig svart ficklampa har en splitters\u00e4ker lins och \u00e4r st\u00f6tt\u00e5lig upp till 7 meter<\/li>\n<\/ul>\n","protected":false},"excerpt":{"rendered":"<p>Energizer Hard Case Professional Uppladdningsbar Str\u00e5lkastare ger kraftfull belysning f\u00f6r seri\u00f6sa projekt. Konstruerad med robusta st\u00e5l- och gummimaterial \u00e4r denna LED-str\u00e5lkastare designad f\u00f6r att klara de mest kr\u00e4vande jobben och motst\u00e5 fall efter fall under anv\u00e4ndning. Denna h\u00e5llbara uppladdningsbara ficklampa \u00e4r en idealisk LED-arbetslampa, n\u00f6dljus och utomhusspotlight. Med 1000 lumen kan denna kraftfulla handh\u00e5llna ficklampa str\u00e4cka sig \u00f6ver fyra stadionplaner. H\u00f6ga och l\u00e5ga l\u00e4gen l\u00e5ter dig optimera ljusstyrka och kontroll av driftstid. Ta tag i handtaget f\u00f6r att rikta ljuset exakt dit du vill ha det eller f\u00e4st en rem i den inbyggda \u00f6glan f\u00f6r att h\u00e4nga upp str\u00e5lkastaren p\u00e5 en bekv\u00e4m plats.<\/p>\n","protected":false},"featured_media":0,"comment_status":"open","ping_status":"closed","template":"","meta":{"_acf_changed":false},"product_brand":[],"product_cat":[97],"product_tag":[],"class_list":{"0":"post-5572","1":"product","2":"type-product","3":"status-publish","5":"product_cat-handheld","7":"first","8":"instock","9":"shipping-taxable","10":"product-type-simple"},"acf":[],"_links":{"self":[{"href":"https:\/\/energizer.com\/eu\/sweden\/wp-json\/wp\/v2\/product\/5572","targetHints":{"allow":["GET"]}}],"collection":[{"href":"https:\/\/energizer.com\/eu\/sweden\/wp-json\/wp\/v2\/product"}],"about":[{"href":"https:\/\/energizer.com\/eu\/sweden\/wp-json\/wp\/v2\/types\/product"}],"replies":[{"embeddable":true,"href":"https:\/\/energizer.com\/eu\/sweden\/wp-json\/wp\/v2\/comments?post=5572"}],"version-history":[{"count":7,"href":"https:\/\/energizer.com\/eu\/sweden\/wp-json\/wp\/v2\/product\/5572\/revisions"}],"predecessor-version":[{"id":10348,"href":"https:\/\/energizer.com\/eu\/sweden\/wp-json\/wp\/v2\/product\/5572\/revisions\/10348"}],"wp:attachment":[{"href":"https:\/\/energizer.com\/eu\/sweden\/wp-json\/wp\/v2\/media?parent=5572"}],"wp:term":[{"taxonomy":"product_brand","embeddable":true,"href":"https:\/\/energizer.com\/eu\/sweden\/wp-json\/wp\/v2\/product_brand?post=5572"},{"taxonomy":"product_cat","embeddable":true,"href":"https:\/\/energizer.com\/eu\/sweden\/wp-json\/wp\/v2\/product_cat?post=5572"},{"taxonomy":"product_tag","embeddable":true,"href":"https:\/\/energizer.com\/eu\/sweden\/wp-json\/wp\/v2\/product_tag?post=5572"}],"curies":[{"name":"wp","href":"https:\/\/api.w.org\/{rel}","templated":true}]}}