{"id":5574,"date":"2024-05-22T14:39:20","date_gmt":"2024-05-22T14:39:20","guid":{"rendered":"https:\/\/23b13e8ab3.nxcli.io\/sweden\/?post_type=product&#038;p=5574"},"modified":"2024-08-22T07:01:01","modified_gmt":"2024-08-22T07:01:01","slug":"energizer-pro-series-hybrid-work-light","status":"publish","type":"product","link":"https:\/\/energizer.com\/eu\/sweden\/product\/energizer-pro-series-hybrid-work-light\/","title":{"rendered":"Energizer Pro Series Hybrid Work Light"},"content":{"rendered":"<ul>\n<li>Energizer Pro Series H\u00f6g CRI Arbetslampa<\/li>\n<li>LED-teknik: Denna h\u00f6gpresterande 1000-lumen LED-lampa inkluderar h\u00f6g f\u00e4rg\u00e5tergivningsindex f\u00f6r h\u00f6guppl\u00f6st f\u00e4rgsk\u00e4rpa, perfekt f\u00f6r alla projekt<\/li>\n<li>Hybridkraft: Den l\u00e4tta och l\u00e4ttanv\u00e4nda lampan drivs med b\u00e5de uppladdningsbara eller 3xAA-batterier, och \u00e4r redo f\u00f6r str\u00f6mavbrott, hemmafix och mer<\/li>\n<li>4 ljusl\u00e4gen: V\u00e4lj ett l\u00e4ge som passar dina olika belysningsbehov, h\u00f6g, medium, l\u00e5g och punktljus<\/li>\n<li>Drifttid: \u202fDenna l\u00e5ngvariga och p\u00e5litliga Energizer-lykta kan i l\u00e5gt l\u00e4ge lysa i upp till 60 timmar *Med litiumjonbatteri<\/li>\n<li>Smart design: Denna l\u00e4tta lykta har en h\u00e4ngkrok, magnetisk bas och \u00e4r anpassningsbar f\u00f6r stativ f\u00f6r handsfree-anv\u00e4ndning<\/li>\n<li>Uppladdningsbar kraft: Anv\u00e4nd denna arbetslampas USB-utg\u00e5ng f\u00f6r att ladda din telefon eller n\u00e5gon annan smart enhet<\/li>\n<\/ul>\n","protected":false},"excerpt":{"rendered":"<p>Lys upp din omgivning utan anstr\u00e4ngning med denna h\u00f6gpresterande arbetslampa. Energizer Pro Series Hybrid Work Light ger ljus i upp till 60 timmar* i l\u00e5gt l\u00e4ge \u2013 perfekt f\u00f6r g\u00f6r-det-sj\u00e4lv eller kr\u00e4vande arbetsprojekt. Denna 1000-lumen LED-panellampa inkluderar h\u00f6g CRI f\u00f6r h\u00f6gdefinition f\u00e4rgsk\u00e4rpa, som lyser upp \u00e4ven de m\u00f6rkaste utrymmen. V\u00e4lj det perfekta ljusl\u00e4get f\u00f6r din aktivitet \u2013 v\u00e4lj mellan h\u00f6g, medel och l\u00e5g omr\u00e5desljus, eller direktljus med ett str\u00e5lkastaravst\u00e5nd p\u00e5 150m*. Den l\u00e4tta och l\u00e4ttanv\u00e4nda lampan drivs av b\u00e5de uppladdningsbara eller 3xAA-batterier, vilket t\u00e4cker dig vid str\u00f6mavbrott, g\u00f6r-det-sj\u00e4lv-projekt och mer.<\/p>\n","protected":false},"featured_media":0,"comment_status":"open","ping_status":"closed","template":"","meta":{"_acf_changed":false},"product_brand":[],"product_cat":[43],"product_tag":[],"class_list":{"0":"post-5574","1":"product","2":"type-product","3":"status-publish","5":"product_cat-hands-free","7":"first","8":"instock","9":"shipping-taxable","10":"product-type-simple"},"acf":[],"_links":{"self":[{"href":"https:\/\/energizer.com\/eu\/sweden\/wp-json\/wp\/v2\/product\/5574","targetHints":{"allow":["GET"]}}],"collection":[{"href":"https:\/\/energizer.com\/eu\/sweden\/wp-json\/wp\/v2\/product"}],"about":[{"href":"https:\/\/energizer.com\/eu\/sweden\/wp-json\/wp\/v2\/types\/product"}],"replies":[{"embeddable":true,"href":"https:\/\/energizer.com\/eu\/sweden\/wp-json\/wp\/v2\/comments?post=5574"}],"version-history":[{"count":5,"href":"https:\/\/energizer.com\/eu\/sweden\/wp-json\/wp\/v2\/product\/5574\/revisions"}],"predecessor-version":[{"id":9303,"href":"https:\/\/energizer.com\/eu\/sweden\/wp-json\/wp\/v2\/product\/5574\/revisions\/9303"}],"wp:attachment":[{"href":"https:\/\/energizer.com\/eu\/sweden\/wp-json\/wp\/v2\/media?parent=5574"}],"wp:term":[{"taxonomy":"product_brand","embeddable":true,"href":"https:\/\/energizer.com\/eu\/sweden\/wp-json\/wp\/v2\/product_brand?post=5574"},{"taxonomy":"product_cat","embeddable":true,"href":"https:\/\/energizer.com\/eu\/sweden\/wp-json\/wp\/v2\/product_cat?post=5574"},{"taxonomy":"product_tag","embeddable":true,"href":"https:\/\/energizer.com\/eu\/sweden\/wp-json\/wp\/v2\/product_tag?post=5574"}],"curies":[{"name":"wp","href":"https:\/\/api.w.org\/{rel}","templated":true}]}}