{"id":7411,"date":"2024-05-30T06:55:58","date_gmt":"2024-05-30T06:55:58","guid":{"rendered":"https:\/\/23b13e8ab3.nxcli.io\/sweden\/?post_type=product&#038;p=7411"},"modified":"2024-08-23T10:01:40","modified_gmt":"2024-08-23T10:01:40","slug":"energizer-watch-batteries-epx76","status":"publish","type":"product","link":"https:\/\/energizer.com\/eu\/sweden\/product\/energizer-watch-batteries-epx76\/","title":{"rendered":"ENERGIZER\u00ae WATCH BATTERIES \u2013 EPX76"},"content":{"rendered":"<ul>\n<li>E-boksl\u00e4sare<\/li>\n<li>B\u00e4rbara spelkonsoler<\/li>\n<li>Personliga organisat\u00f6rer<\/li>\n<li>Elektroniska spel och leksaker<\/li>\n<li>Datorer<\/li>\n<li>Fj\u00e4rrkontroller<\/li>\n<li>Personlig hygien<\/li>\n<li>Minir\u00e4knare<\/li>\n<li>Nyckell\u00f6sa och eldrivna l\u00e5s<\/li>\n<li>Garage\u00f6ppnare<\/li>\n<li>Digitala termometrar<\/li>\n<li>Blodtrycksm\u00e4tare<\/li>\n<li>H\u00e4lsa i hemmet<\/li>\n<\/ul>\n","protected":false},"excerpt":{"rendered":"<p>Energizer har varit v\u00e4rldsledande inom sm\u00e5 elektronikbatterier i decennier. S\u00e5 du kan lita p\u00e5 precisionstekniken hos batterierna f\u00f6r att driva alla dina sm\u00e5 elektroniska enheter, fr\u00e5n glukosm\u00e4tare och aktivitetsarmband till de senaste spelen och leksakerna.<\/p>\n","protected":false},"featured_media":0,"comment_status":"open","ping_status":"closed","template":"","meta":{"_acf_changed":false},"product_brand":[],"product_cat":[58],"product_tag":[],"class_list":{"0":"post-7411","1":"product","2":"type-product","3":"status-publish","5":"product_cat-specialty","7":"first","8":"instock","9":"shipping-taxable","10":"product-type-simple"},"acf":[],"_links":{"self":[{"href":"https:\/\/energizer.com\/eu\/sweden\/wp-json\/wp\/v2\/product\/7411","targetHints":{"allow":["GET"]}}],"collection":[{"href":"https:\/\/energizer.com\/eu\/sweden\/wp-json\/wp\/v2\/product"}],"about":[{"href":"https:\/\/energizer.com\/eu\/sweden\/wp-json\/wp\/v2\/types\/product"}],"replies":[{"embeddable":true,"href":"https:\/\/energizer.com\/eu\/sweden\/wp-json\/wp\/v2\/comments?post=7411"}],"version-history":[{"count":7,"href":"https:\/\/energizer.com\/eu\/sweden\/wp-json\/wp\/v2\/product\/7411\/revisions"}],"predecessor-version":[{"id":9929,"href":"https:\/\/energizer.com\/eu\/sweden\/wp-json\/wp\/v2\/product\/7411\/revisions\/9929"}],"wp:attachment":[{"href":"https:\/\/energizer.com\/eu\/sweden\/wp-json\/wp\/v2\/media?parent=7411"}],"wp:term":[{"taxonomy":"product_brand","embeddable":true,"href":"https:\/\/energizer.com\/eu\/sweden\/wp-json\/wp\/v2\/product_brand?post=7411"},{"taxonomy":"product_cat","embeddable":true,"href":"https:\/\/energizer.com\/eu\/sweden\/wp-json\/wp\/v2\/product_cat?post=7411"},{"taxonomy":"product_tag","embeddable":true,"href":"https:\/\/energizer.com\/eu\/sweden\/wp-json\/wp\/v2\/product_tag?post=7411"}],"curies":[{"name":"wp","href":"https:\/\/api.w.org\/{rel}","templated":true}]}}