{"id":7792,"date":"2024-05-31T04:52:54","date_gmt":"2024-05-31T04:52:54","guid":{"rendered":"https:\/\/23b13e8ab3.nxcli.io\/sweden\/?post_type=product&#038;p=7792"},"modified":"2024-11-08T08:34:01","modified_gmt":"2024-11-08T08:34:01","slug":"energizer-electronics-batteries-cr2032","status":"publish","type":"product","link":"https:\/\/energizer.com\/eu\/sweden\/product\/energizer-electronics-batteries-cr2032\/","title":{"rendered":"ENERGIZER\u00ae ELECTRONICS BATTERIES \u2013 CR2032"},"content":{"rendered":"<ul>\n<li><span data-sheets-root=\"1\">Energizer CR2032 batterier knappcellsbatterier<br \/>\n<\/span><\/li>\n<li><span data-sheets-root=\"1\">L\u00e5ng batteritid: Varje \u00e5r i lagring bevarar kraften i upp till 10 \u00e5r vid f\u00f6rvaring, s\u00e5 de \u00e4r alltid redo n\u00e4r du beh\u00f6ver dem<br \/>\n<\/span><\/li>\n<li><span data-sheets-root=\"1\">Betrodd effekt: Levererar l\u00e5ngvarig l\u00e5nglivad, p\u00e5litlig prestanda i specialenheter som pulsm\u00e4tare, fj\u00e4rrkontroller och nyckelbrickor, nyckell\u00f6sa system, glukosm\u00e4tare och v\u00e5gar<br \/>\n<\/span><\/li>\n<li><span data-sheets-root=\"1\">Energizer Lithium myntbatterier knappcellsbatterier \u00e4r s\u00e4krade i barns\u00e4ker f\u00f6rpackning<br \/>\n<\/span><\/li>\n<li><span data-sheets-root=\"1\">P\u00e5litliga: Dessa Energizer CR2032 litiumbatterier fungerar i extrema temperaturer och t\u00e5l klarar -30\u00ba till 60\u00ba C<br \/>\nav v\u00e4rldens l\u00e4ngst varande AA-batterier AA-batteriet med v\u00e4rldens l\u00e4ngsta livsl\u00e4ngd, Energizer Ultimate Lithium<br \/>\n<\/span><\/li>\n<\/ul>\n","protected":false},"excerpt":{"rendered":"<p>Anv\u00e4nd Energizer p\u00e5litliga och l\u00e5ngvariga batterier till alla dina viktiga prylar. Se till att fylla p\u00e5 hemma med CR2032 Energizer-batterier till klockor, b\u00e4rbara enheter, nyckelbrickor, fj\u00e4rrkontroller, larmsensorer och v\u00e5gar. Det h\u00e4r batteriet \u00e4r ocks\u00e5 ett utm\u00e4rkt val om du beh\u00f6ver ett nytt bilnyckelbatteri. Varje Energizer litium CR2032-batteri bevarar kraften i upp till 10 \u00e5r vid f\u00f6rvaring. Batterierna t\u00e5l temperaturer fr\u00e5n -30 \u00b0C till 60 \u00b0C, vilket inneb\u00e4r att de kan anv\u00e4ndas \u00e5ret runt. Ut\u00f6ver storlek 2032 (eller KECR2032) finns Energizer-batterierna ocks\u00e5 i storlekarna 2025, 2016 och LR44\/A76. Det inneb\u00e4r att du erbjuds p\u00e5litlig energi oavsett vilken batteristorlek du v\u00e4ljer.<\/p>\n","protected":false},"featured_media":0,"comment_status":"open","ping_status":"closed","template":"","meta":{"_acf_changed":false},"product_brand":[],"product_cat":[58],"product_tag":[],"class_list":{"0":"post-7792","1":"product","2":"type-product","3":"status-publish","5":"product_cat-specialty","7":"first","8":"instock","9":"shipping-taxable","10":"product-type-simple"},"acf":[],"_links":{"self":[{"href":"https:\/\/energizer.com\/eu\/sweden\/wp-json\/wp\/v2\/product\/7792","targetHints":{"allow":["GET"]}}],"collection":[{"href":"https:\/\/energizer.com\/eu\/sweden\/wp-json\/wp\/v2\/product"}],"about":[{"href":"https:\/\/energizer.com\/eu\/sweden\/wp-json\/wp\/v2\/types\/product"}],"replies":[{"embeddable":true,"href":"https:\/\/energizer.com\/eu\/sweden\/wp-json\/wp\/v2\/comments?post=7792"}],"version-history":[{"count":12,"href":"https:\/\/energizer.com\/eu\/sweden\/wp-json\/wp\/v2\/product\/7792\/revisions"}],"predecessor-version":[{"id":10374,"href":"https:\/\/energizer.com\/eu\/sweden\/wp-json\/wp\/v2\/product\/7792\/revisions\/10374"}],"wp:attachment":[{"href":"https:\/\/energizer.com\/eu\/sweden\/wp-json\/wp\/v2\/media?parent=7792"}],"wp:term":[{"taxonomy":"product_brand","embeddable":true,"href":"https:\/\/energizer.com\/eu\/sweden\/wp-json\/wp\/v2\/product_brand?post=7792"},{"taxonomy":"product_cat","embeddable":true,"href":"https:\/\/energizer.com\/eu\/sweden\/wp-json\/wp\/v2\/product_cat?post=7792"},{"taxonomy":"product_tag","embeddable":true,"href":"https:\/\/energizer.com\/eu\/sweden\/wp-json\/wp\/v2\/product_tag?post=7792"}],"curies":[{"name":"wp","href":"https:\/\/api.w.org\/{rel}","templated":true}]}}