{"id":2882,"date":"2024-05-10T10:46:06","date_gmt":"2024-05-10T10:46:06","guid":{"rendered":"http:\/\/64.91.246.76\/~energizer\/?page_id=2882"},"modified":"2024-06-13T07:28:55","modified_gmt":"2024-06-13T07:28:55","slug":"mr-energizer","status":"publish","type":"page","link":"https:\/\/energizer.com\/eu\/switzerland\/mr-energizer\/","title":{"rendered":"Mr. Energizer"},"content":{"rendered":"\t\t<div data-elementor-type=\"wp-page\" data-elementor-id=\"2882\" class=\"elementor elementor-2882\" data-elementor-post-type=\"page\">\n\t\t\t\t<div class=\"elementor-element elementor-element-93fec57 e-flex e-con-boxed e-con e-parent\" data-id=\"93fec57\" data-element_type=\"container\" data-e-type=\"container\">\n\t\t\t\t\t<div class=\"e-con-inner\">\n\t\t\t\t<div class=\"elementor-element elementor-element-3a1dade elementor-widget elementor-widget-heading\" data-id=\"3a1dade\" data-element_type=\"widget\" data-e-type=\"widget\" data-widget_type=\"heading.default\">\n\t\t\t\t<div class=\"elementor-widget-container\">\n\t\t\t\t\t<h1 class=\"elementor-heading-title elementor-size-default\">\u00c0 PROPOS D'ENERGIZER\u00ae<\/h1>\t\t\t\t<\/div>\n\t\t\t\t<\/div>\n\t\t\t\t<div class=\"elementor-element elementor-element-cef4e5d elementor-widget elementor-widget-heading\" data-id=\"cef4e5d\" data-element_type=\"widget\" data-e-type=\"widget\" data-widget_type=\"heading.default\">\n\t\t\t\t<div class=\"elementor-widget-container\">\n\t\t\t\t\t<h2 class=\"elementor-heading-title elementor-size-default\">D\u00c9COUVREZ NOTRE ENTREPRISE, NOTRE HISTOIRE ET NOS INNOVATIONS ET FA\u00ceTES CONNAISSANCE AVEC NOTRE MASCOTTE MR ENERGIZER.\u00ae.<\/h2>\t\t\t\t<\/div>\n\t\t\t\t<\/div>\n\t\t\t\t<div class=\"elementor-element elementor-element-18dde81 elementor-widget-divider--view-line elementor-widget elementor-widget-divider\" data-id=\"18dde81\" data-element_type=\"widget\" data-e-type=\"widget\" data-widget_type=\"divider.default\">\n\t\t\t\t<div class=\"elementor-widget-container\">\n\t\t\t\t\t\t\t<div class=\"elementor-divider\">\n\t\t\t<span class=\"elementor-divider-separator\">\n\t\t\t\t\t\t<\/span>\n\t\t<\/div>\n\t\t\t\t\t\t<\/div>\n\t\t\t\t<\/div>\n\t\t\t\t\t<\/div>\n\t\t\t\t<\/div>\n\t\t<div class=\"elementor-element elementor-element-4ca6879 e-flex e-con-boxed e-con e-parent\" data-id=\"4ca6879\" data-element_type=\"container\" data-e-type=\"container\">\n\t\t\t\t\t<div class=\"e-con-inner\">\n\t\t<div class=\"elementor-element elementor-element-a8b1ee9 e-flex e-con-boxed e-con e-child\" data-id=\"a8b1ee9\" data-element_type=\"container\" data-e-type=\"container\">\n\t\t\t\t\t<div class=\"e-con-inner\">\n\t\t\t\t<div class=\"elementor-element elementor-element-10dd3c8 elementor-widget elementor-widget-text-editor\" data-id=\"10dd3c8\" data-element_type=\"widget\" data-e-type=\"widget\" data-widget_type=\"text-editor.default\">\n\t\t\t\t<div class=\"elementor-widget-container\">\n\t\t\t\t\t\t\t\t\t<p><strong>Mr. Energizer\u00ae<\/strong> est bien plus qu\u2019une simple pile. Il repr\u00e9sente notre esprit de performance et de dur\u00e9e, remettant toujours en cause le monde qui l\u2019entoure avec la m\u00eame \u00e9nergie d\u00e9bordante et la m\u00eame performance exceptionnelle que les produits que nous vous proposons invariablement.<\/p>\t\t\t\t\t\t\t\t<\/div>\n\t\t\t\t<\/div>\n\t\t\t\t\t<\/div>\n\t\t\t\t<\/div>\n\t\t\t\t\t<\/div>\n\t\t\t\t<\/div>\n\t\t<div class=\"elementor-element elementor-element-5aea915 e-flex e-con-boxed e-con e-parent\" data-id=\"5aea915\" data-element_type=\"container\" data-e-type=\"container\">\n\t\t\t\t\t<div class=\"e-con-inner\">\n\t\t\t\t<div class=\"elementor-element elementor-element-06ccef8 elementor-widget elementor-widget-image\" data-id=\"06ccef8\" data-element_type=\"widget\" data-e-type=\"widget\" data-widget_type=\"image.default\">\n\t\t\t\t<div class=\"elementor-widget-container\">\n\t\t\t\t\t\t\t\t\t\t\t\t\t\t\t<img fetchpriority=\"high\" decoding=\"async\" width=\"1200\" height=\"500\" src=\"https:\/\/energizer.com\/eu\/switzerland\/wp-content\/uploads\/sites\/58\/2024\/05\/Mr_energizer.png\" class=\"attachment-full size-full wp-image-2894\" alt=\"Mr_energizer\" srcset=\"https:\/\/energizer.com\/eu\/switzerland\/wp-content\/uploads\/sites\/58\/2024\/05\/Mr_energizer.png 1200w, https:\/\/energizer.com\/eu\/switzerland\/wp-content\/uploads\/sites\/58\/2024\/05\/Mr_energizer-300x125.png 300w, https:\/\/energizer.com\/eu\/switzerland\/wp-content\/uploads\/sites\/58\/2024\/05\/Mr_energizer-1024x427.png 1024w, https:\/\/energizer.com\/eu\/switzerland\/wp-content\/uploads\/sites\/58\/2024\/05\/Mr_energizer-768x320.png 768w, https:\/\/energizer.com\/eu\/switzerland\/wp-content\/uploads\/sites\/58\/2024\/05\/Mr_energizer-600x250.png 600w\" sizes=\"(max-width: 1200px) 100vw, 1200px\" \/>\t\t\t\t\t\t\t\t\t\t\t\t\t\t\t<\/div>\n\t\t\t\t<\/div>\n\t\t\t\t\t<\/div>\n\t\t\t\t<\/div>\n\t\t\t\t<\/div>\n\t\t","protected":false},"excerpt":{"rendered":"<p>\u00c0 PROPOS D&#8217;ENERGIZER\u00ae D\u00c9COUVREZ NOTRE ENTREPRISE, NOTRE HISTOIRE ET NOS INNOVATIONS ET FA\u00ceTES CONNAISSANCE AVEC NOTRE MASCOTTE MR ENERGIZER.\u00ae. Mr. Energizer\u00ae est bien plus qu\u2019une simple pile. Il repr\u00e9sente notre esprit de performance et de dur\u00e9e, remettant toujours en cause le monde qui l\u2019entoure avec la m\u00eame \u00e9nergie d\u00e9bordante et la m\u00eame performance exceptionnelle que [&hellip;]<\/p>\n","protected":false},"author":1,"featured_media":0,"parent":0,"menu_order":0,"comment_status":"closed","ping_status":"closed","template":"elementor_header_footer","meta":{"_acf_changed":false,"footnotes":""},"class_list":["post-2882","page","type-page","status-publish","hentry"],"acf":[],"yoast_head":"<!-- This site is optimized with the Yoast SEO plugin v27.2 - https:\/\/yoast.com\/product\/yoast-seo-wordpress\/ -->\n<title>Mr. Energizer - Switzerland<\/title>\n<meta name=\"robots\" content=\"index, follow, max-snippet:-1, max-image-preview:large, max-video-preview:-1\" \/>\n<link rel=\"canonical\" href=\"https:\/\/energizer.com\/eu\/switzerland\/mr-energizer\/\" \/>\n<meta property=\"og:locale\" content=\"en_US\" \/>\n<meta property=\"og:type\" content=\"article\" \/>\n<meta property=\"og:title\" content=\"Mr. Energizer - Switzerland\" \/>\n<meta property=\"og:description\" content=\"\u00c0 PROPOS D&#8217;ENERGIZER\u00ae D\u00c9COUVREZ NOTRE ENTREPRISE, NOTRE HISTOIRE ET NOS INNOVATIONS ET FA\u00ceTES CONNAISSANCE AVEC NOTRE MASCOTTE MR ENERGIZER.\u00ae. Mr. Energizer\u00ae est bien plus qu\u2019une simple pile. Il repr\u00e9sente notre esprit de performance et de dur\u00e9e, remettant toujours en cause le monde qui l\u2019entoure avec la m\u00eame \u00e9nergie d\u00e9bordante et la m\u00eame performance exceptionnelle que [&hellip;]\" \/>\n<meta property=\"og:url\" content=\"https:\/\/energizer.com\/eu\/switzerland\/mr-energizer\/\" \/>\n<meta property=\"og:site_name\" content=\"Switzerland\" \/>\n<meta property=\"article:modified_time\" content=\"2024-06-13T07:28:55+00:00\" \/>\n<meta property=\"og:image\" content=\"https:\/\/energizer.com\/eu\/switzerland\/wp-content\/uploads\/sites\/58\/2024\/05\/Mr_energizer.png\" \/>\n<meta name=\"twitter:card\" content=\"summary_large_image\" \/>\n<script type=\"application\/ld+json\" class=\"yoast-schema-graph\">{\"@context\":\"https:\/\/schema.org\",\"@graph\":[{\"@type\":\"WebPage\",\"@id\":\"https:\/\/energizer.com\/eu\/switzerland\/mr-energizer\/\",\"url\":\"https:\/\/energizer.com\/eu\/switzerland\/mr-energizer\/\",\"name\":\"Mr. Energizer - Switzerland\",\"isPartOf\":{\"@id\":\"https:\/\/energizer.com\/eu\/switzerland\/#website\"},\"primaryImageOfPage\":{\"@id\":\"https:\/\/energizer.com\/eu\/switzerland\/mr-energizer\/#primaryimage\"},\"image\":{\"@id\":\"https:\/\/energizer.com\/eu\/switzerland\/mr-energizer\/#primaryimage\"},\"thumbnailUrl\":\"https:\/\/energizer.com\/eu\/switzerland\/wp-content\/uploads\/sites\/58\/2024\/05\/Mr_energizer.png\",\"datePublished\":\"2024-05-10T10:46:06+00:00\",\"dateModified\":\"2024-06-13T07:28:55+00:00\",\"breadcrumb\":{\"@id\":\"https:\/\/energizer.com\/eu\/switzerland\/mr-energizer\/#breadcrumb\"},\"inLanguage\":\"en-US\",\"potentialAction\":[{\"@type\":\"ReadAction\",\"target\":[\"https:\/\/energizer.com\/eu\/switzerland\/mr-energizer\/\"]}]},{\"@type\":\"ImageObject\",\"inLanguage\":\"en-US\",\"@id\":\"https:\/\/energizer.com\/eu\/switzerland\/mr-energizer\/#primaryimage\",\"url\":\"https:\/\/energizer.com\/eu\/switzerland\/wp-content\/uploads\/sites\/58\/2024\/05\/Mr_energizer.png\",\"contentUrl\":\"https:\/\/energizer.com\/eu\/switzerland\/wp-content\/uploads\/sites\/58\/2024\/05\/Mr_energizer.png\",\"width\":1200,\"height\":500,\"caption\":\"Mr_energizer\"},{\"@type\":\"BreadcrumbList\",\"@id\":\"https:\/\/energizer.com\/eu\/switzerland\/mr-energizer\/#breadcrumb\",\"itemListElement\":[{\"@type\":\"ListItem\",\"position\":1,\"name\":\"Home\",\"item\":\"https:\/\/energizer.com\/eu\/switzerland\/\"},{\"@type\":\"ListItem\",\"position\":2,\"name\":\"Mr. Energizer\"}]},{\"@type\":\"WebSite\",\"@id\":\"https:\/\/energizer.com\/eu\/switzerland\/#website\",\"url\":\"https:\/\/energizer.com\/eu\/switzerland\/\",\"name\":\"Energizer Switzerland (FR)\",\"description\":\"\",\"publisher\":{\"@id\":\"https:\/\/energizer.com\/eu\/switzerland\/#organization\"},\"potentialAction\":[{\"@type\":\"SearchAction\",\"target\":{\"@type\":\"EntryPoint\",\"urlTemplate\":\"https:\/\/energizer.com\/eu\/switzerland\/?s={search_term_string}\"},\"query-input\":{\"@type\":\"PropertyValueSpecification\",\"valueRequired\":true,\"valueName\":\"search_term_string\"}}],\"inLanguage\":\"en-US\"},{\"@type\":\"Organization\",\"@id\":\"https:\/\/energizer.com\/eu\/switzerland\/#organization\",\"name\":\"Energizer Switzerland (FR)\",\"url\":\"https:\/\/energizer.com\/eu\/switzerland\/\",\"logo\":{\"@type\":\"ImageObject\",\"inLanguage\":\"en-US\",\"@id\":\"https:\/\/energizer.com\/eu\/switzerland\/#\/schema\/logo\/image\/\",\"url\":\"https:\/\/energizer.com\/eu\/switzerland\/wp-content\/uploads\/sites\/58\/2024\/04\/Energizer_brand.png\",\"contentUrl\":\"https:\/\/energizer.com\/eu\/switzerland\/wp-content\/uploads\/sites\/58\/2024\/04\/Energizer_brand.png\",\"width\":267,\"height\":100,\"caption\":\"Energizer Switzerland (FR)\"},\"image\":{\"@id\":\"https:\/\/energizer.com\/eu\/switzerland\/#\/schema\/logo\/image\/\"}}]}<\/script>\n<!-- \/ Yoast SEO plugin. -->","yoast_head_json":{"title":"Mr. Energizer - Switzerland","robots":{"index":"index","follow":"follow","max-snippet":"max-snippet:-1","max-image-preview":"max-image-preview:large","max-video-preview":"max-video-preview:-1"},"canonical":"https:\/\/energizer.com\/eu\/switzerland\/mr-energizer\/","og_locale":"en_US","og_type":"article","og_title":"Mr. Energizer - Switzerland","og_description":"\u00c0 PROPOS D&#8217;ENERGIZER\u00ae D\u00c9COUVREZ NOTRE ENTREPRISE, NOTRE HISTOIRE ET NOS INNOVATIONS ET FA\u00ceTES CONNAISSANCE AVEC NOTRE MASCOTTE MR ENERGIZER.\u00ae. Mr. Energizer\u00ae est bien plus qu\u2019une simple pile. Il repr\u00e9sente notre esprit de performance et de dur\u00e9e, remettant toujours en cause le monde qui l\u2019entoure avec la m\u00eame \u00e9nergie d\u00e9bordante et la m\u00eame performance exceptionnelle que [&hellip;]","og_url":"https:\/\/energizer.com\/eu\/switzerland\/mr-energizer\/","og_site_name":"Switzerland","article_modified_time":"2024-06-13T07:28:55+00:00","og_image":[{"url":"https:\/\/energizer.com\/eu\/switzerland\/wp-content\/uploads\/sites\/58\/2024\/05\/Mr_energizer.png","type":"","width":"","height":""}],"twitter_card":"summary_large_image","schema":{"@context":"https:\/\/schema.org","@graph":[{"@type":"WebPage","@id":"https:\/\/energizer.com\/eu\/switzerland\/mr-energizer\/","url":"https:\/\/energizer.com\/eu\/switzerland\/mr-energizer\/","name":"Mr. Energizer - Switzerland","isPartOf":{"@id":"https:\/\/energizer.com\/eu\/switzerland\/#website"},"primaryImageOfPage":{"@id":"https:\/\/energizer.com\/eu\/switzerland\/mr-energizer\/#primaryimage"},"image":{"@id":"https:\/\/energizer.com\/eu\/switzerland\/mr-energizer\/#primaryimage"},"thumbnailUrl":"https:\/\/energizer.com\/eu\/switzerland\/wp-content\/uploads\/sites\/58\/2024\/05\/Mr_energizer.png","datePublished":"2024-05-10T10:46:06+00:00","dateModified":"2024-06-13T07:28:55+00:00","breadcrumb":{"@id":"https:\/\/energizer.com\/eu\/switzerland\/mr-energizer\/#breadcrumb"},"inLanguage":"en-US","potentialAction":[{"@type":"ReadAction","target":["https:\/\/energizer.com\/eu\/switzerland\/mr-energizer\/"]}]},{"@type":"ImageObject","inLanguage":"en-US","@id":"https:\/\/energizer.com\/eu\/switzerland\/mr-energizer\/#primaryimage","url":"https:\/\/energizer.com\/eu\/switzerland\/wp-content\/uploads\/sites\/58\/2024\/05\/Mr_energizer.png","contentUrl":"https:\/\/energizer.com\/eu\/switzerland\/wp-content\/uploads\/sites\/58\/2024\/05\/Mr_energizer.png","width":1200,"height":500,"caption":"Mr_energizer"},{"@type":"BreadcrumbList","@id":"https:\/\/energizer.com\/eu\/switzerland\/mr-energizer\/#breadcrumb","itemListElement":[{"@type":"ListItem","position":1,"name":"Home","item":"https:\/\/energizer.com\/eu\/switzerland\/"},{"@type":"ListItem","position":2,"name":"Mr. Energizer"}]},{"@type":"WebSite","@id":"https:\/\/energizer.com\/eu\/switzerland\/#website","url":"https:\/\/energizer.com\/eu\/switzerland\/","name":"Energizer Switzerland (FR)","description":"","publisher":{"@id":"https:\/\/energizer.com\/eu\/switzerland\/#organization"},"potentialAction":[{"@type":"SearchAction","target":{"@type":"EntryPoint","urlTemplate":"https:\/\/energizer.com\/eu\/switzerland\/?s={search_term_string}"},"query-input":{"@type":"PropertyValueSpecification","valueRequired":true,"valueName":"search_term_string"}}],"inLanguage":"en-US"},{"@type":"Organization","@id":"https:\/\/energizer.com\/eu\/switzerland\/#organization","name":"Energizer Switzerland (FR)","url":"https:\/\/energizer.com\/eu\/switzerland\/","logo":{"@type":"ImageObject","inLanguage":"en-US","@id":"https:\/\/energizer.com\/eu\/switzerland\/#\/schema\/logo\/image\/","url":"https:\/\/energizer.com\/eu\/switzerland\/wp-content\/uploads\/sites\/58\/2024\/04\/Energizer_brand.png","contentUrl":"https:\/\/energizer.com\/eu\/switzerland\/wp-content\/uploads\/sites\/58\/2024\/04\/Energizer_brand.png","width":267,"height":100,"caption":"Energizer Switzerland (FR)"},"image":{"@id":"https:\/\/energizer.com\/eu\/switzerland\/#\/schema\/logo\/image\/"}}]}},"_links":{"self":[{"href":"https:\/\/energizer.com\/eu\/switzerland\/wp-json\/wp\/v2\/pages\/2882","targetHints":{"allow":["GET"]}}],"collection":[{"href":"https:\/\/energizer.com\/eu\/switzerland\/wp-json\/wp\/v2\/pages"}],"about":[{"href":"https:\/\/energizer.com\/eu\/switzerland\/wp-json\/wp\/v2\/types\/page"}],"author":[{"embeddable":true,"href":"https:\/\/energizer.com\/eu\/switzerland\/wp-json\/wp\/v2\/users\/1"}],"replies":[{"embeddable":true,"href":"https:\/\/energizer.com\/eu\/switzerland\/wp-json\/wp\/v2\/comments?post=2882"}],"version-history":[{"count":28,"href":"https:\/\/energizer.com\/eu\/switzerland\/wp-json\/wp\/v2\/pages\/2882\/revisions"}],"predecessor-version":[{"id":8375,"href":"https:\/\/energizer.com\/eu\/switzerland\/wp-json\/wp\/v2\/pages\/2882\/revisions\/8375"}],"wp:attachment":[{"href":"https:\/\/energizer.com\/eu\/switzerland\/wp-json\/wp\/v2\/media?parent=2882"}],"curies":[{"name":"wp","href":"https:\/\/api.w.org\/{rel}","templated":true}]}}