{"id":5738,"date":"2024-05-23T12:21:40","date_gmt":"2024-05-23T12:21:40","guid":{"rendered":"https:\/\/23b13e8ab3.nxcli.io\/switzerland\/?page_id=5738"},"modified":"2025-01-08T10:51:19","modified_gmt":"2025-01-08T10:51:19","slug":"preparedness","status":"publish","type":"page","link":"https:\/\/energizer.com\/eu\/switzerland\/responsibility\/preparedness\/","title":{"rendered":"Preparedness"},"content":{"rendered":"\t\t<div data-elementor-type=\"wp-page\" data-elementor-id=\"5738\" class=\"elementor elementor-5738\" data-elementor-post-type=\"page\">\n\t\t\t\t<div class=\"elementor-element elementor-element-9b5c823 e-flex e-con-boxed e-con e-parent\" data-id=\"9b5c823\" data-element_type=\"container\" data-e-type=\"container\">\n\t\t\t\t\t<div class=\"e-con-inner\">\n\t\t\t\t<div class=\"elementor-element elementor-element-7fe5857 elementor-widget elementor-widget-heading\" data-id=\"7fe5857\" data-element_type=\"widget\" data-e-type=\"widget\" data-widget_type=\"heading.default\">\n\t\t\t\t<div class=\"elementor-widget-container\">\n\t\t\t\t\t<h1 class=\"elementor-heading-title elementor-size-default\">Pr\u00e9paration<\/h1>\t\t\t\t<\/div>\n\t\t\t\t<\/div>\n\t\t\t\t<div class=\"elementor-element elementor-element-7d72013 elementor-widget-divider--view-line elementor-widget elementor-widget-divider\" data-id=\"7d72013\" data-element_type=\"widget\" data-e-type=\"widget\" data-widget_type=\"divider.default\">\n\t\t\t\t<div class=\"elementor-widget-container\">\n\t\t\t\t\t\t\t<div class=\"elementor-divider\">\n\t\t\t<span class=\"elementor-divider-separator\">\n\t\t\t\t\t\t<\/span>\n\t\t<\/div>\n\t\t\t\t\t\t<\/div>\n\t\t\t\t<\/div>\n\t\t\t\t\t<\/div>\n\t\t\t\t<\/div>\n\t\t<div class=\"elementor-element elementor-element-071971a e-flex e-con-boxed e-con e-parent\" data-id=\"071971a\" data-element_type=\"container\" data-e-type=\"container\">\n\t\t\t\t\t<div class=\"e-con-inner\">\n\t\t<div class=\"elementor-element elementor-element-679043e e-con-full e-flex e-con e-child\" data-id=\"679043e\" data-element_type=\"container\" data-e-type=\"container\">\n\t\t\t\t<div class=\"elementor-element elementor-element-58974ed elementor-widget elementor-widget-text-editor\" data-id=\"58974ed\" data-element_type=\"widget\" data-e-type=\"widget\" data-widget_type=\"text-editor.default\">\n\t\t\t\t<div class=\"elementor-widget-container\">\n\t\t\t\t\t\t\t\t\t<div class=\"elementor-element elementor-element-58974ed elementor-widget elementor-widget-text-editor\" data-id=\"58974ed\" data-element_type=\"widget\" data-widget_type=\"text-editor.default\"><div class=\"elementor-widget-container\"><p tabindex=\"0\">Soyez pr\u00eat \u00e0 affronter n\u2019importe quelle situation\u2013 avec l\u2019aide d\u2019Energizer\u00ae. Des piles longue dur\u00e9e Energizer\u00ae MAX\u00ae et Energizer\u00ae Ultimate Lithium\u2122 aux LED Energizer\u00ae Weatheready\u00ae et aux lampes torches Energizer\u00ae. Phares, torches \u00e0 main et m\u00eame piles pour appareils auditifs : tout est l\u00e0. Sans oublier les chargeurs de piles Energizer Recharge\u00ae pour une pr\u00e9paration optimale avant une situation dangereuse. Que ce soit pour quelques heures ou quelques jours, Energizer veille \u00e0 ce que vous et votre famille ne soyez jamais laiss\u00e9s dans le noir.<\/p><\/div><\/div><div class=\"elementor-element elementor-element-281cf8b elementor-widget elementor-widget-text-editor\" data-id=\"281cf8b\" data-element_type=\"widget\" data-widget_type=\"text-editor.default\"><div class=\"elementor-widget-container\">\u00a0<\/div><\/div>\t\t\t\t\t\t\t\t<\/div>\n\t\t\t\t<\/div>\n\t\t\t\t<div class=\"elementor-element elementor-element-281cf8b elementor-widget elementor-widget-text-editor\" data-id=\"281cf8b\" data-element_type=\"widget\" data-e-type=\"widget\" data-widget_type=\"text-editor.default\">\n\t\t\t\t<div class=\"elementor-widget-container\">\n\t\t\t\t\t\t\t\t\t<p tabindex=\"0\">Pour mieux pr\u00e9parer votre maison, suivez ces quatre \u00e9tapes simples\u00a0:<\/p>\t\t\t\t\t\t\t\t<\/div>\n\t\t\t\t<\/div>\n\t\t\t\t<\/div>\n\t\t<div class=\"elementor-element elementor-element-4aab1ee e-con-full e-flex e-con e-child\" data-id=\"4aab1ee\" data-element_type=\"container\" data-e-type=\"container\">\n\t\t<div class=\"elementor-element elementor-element-306f1b3 e-con-full e-flex e-con e-child\" data-id=\"306f1b3\" data-element_type=\"container\" data-e-type=\"container\" data-settings=\"{&quot;background_background&quot;:&quot;classic&quot;}\">\n\t\t\t\t<div class=\"elementor-element elementor-element-ecc5725 elementor-widget elementor-widget-image\" data-id=\"ecc5725\" data-element_type=\"widget\" data-e-type=\"widget\" data-widget_type=\"image.default\">\n\t\t\t\t<div class=\"elementor-widget-container\">\n\t\t\t\t\t\t\t\t\t\t\t\t\t\t\t<img fetchpriority=\"high\" decoding=\"async\" width=\"640\" height=\"477\" src=\"https:\/\/energizer.com\/eu\/switzerland\/wp-content\/uploads\/sites\/58\/2024\/08\/SM_PREPAREDNESS_FRENCH-01-1024x763.png\" class=\"attachment-large size-large wp-image-9442\" alt=\"Have A Plan\" srcset=\"https:\/\/energizer.com\/eu\/switzerland\/wp-content\/uploads\/sites\/58\/2024\/08\/SM_PREPAREDNESS_FRENCH-01-1024x763.png 1024w, https:\/\/energizer.com\/eu\/switzerland\/wp-content\/uploads\/sites\/58\/2024\/08\/SM_PREPAREDNESS_FRENCH-01-300x223.png 300w, https:\/\/energizer.com\/eu\/switzerland\/wp-content\/uploads\/sites\/58\/2024\/08\/SM_PREPAREDNESS_FRENCH-01-768x572.png 768w, https:\/\/energizer.com\/eu\/switzerland\/wp-content\/uploads\/sites\/58\/2024\/08\/SM_PREPAREDNESS_FRENCH-01-1536x1144.png 1536w, https:\/\/energizer.com\/eu\/switzerland\/wp-content\/uploads\/sites\/58\/2024\/08\/SM_PREPAREDNESS_FRENCH-01-600x447.png 600w, https:\/\/energizer.com\/eu\/switzerland\/wp-content\/uploads\/sites\/58\/2024\/08\/SM_PREPAREDNESS_FRENCH-01.png 1564w\" sizes=\"(max-width: 640px) 100vw, 640px\" \/>\t\t\t\t\t\t\t\t\t\t\t\t\t\t\t<\/div>\n\t\t\t\t<\/div>\n\t\t\t\t<\/div>\n\t\t<div class=\"elementor-element elementor-element-4cb33a4 e-con-full e-flex e-con e-child\" data-id=\"4cb33a4\" data-element_type=\"container\" data-e-type=\"container\" data-settings=\"{&quot;background_background&quot;:&quot;classic&quot;}\">\n\t\t\t\t<div class=\"elementor-element elementor-element-a79497b elementor-widget elementor-widget-image\" data-id=\"a79497b\" data-element_type=\"widget\" data-e-type=\"widget\" data-widget_type=\"image.default\">\n\t\t\t\t<div class=\"elementor-widget-container\">\n\t\t\t\t\t\t\t\t\t\t\t\t\t\t\t<img decoding=\"async\" width=\"640\" height=\"477\" src=\"https:\/\/energizer.com\/eu\/switzerland\/wp-content\/uploads\/sites\/58\/2024\/08\/SM_PREPAREDNESS_FRENCH-03-1024x763.png\" class=\"attachment-large size-large wp-image-9444\" alt=\"Emergency kit\" srcset=\"https:\/\/energizer.com\/eu\/switzerland\/wp-content\/uploads\/sites\/58\/2024\/08\/SM_PREPAREDNESS_FRENCH-03-1024x763.png 1024w, https:\/\/energizer.com\/eu\/switzerland\/wp-content\/uploads\/sites\/58\/2024\/08\/SM_PREPAREDNESS_FRENCH-03-300x224.png 300w, https:\/\/energizer.com\/eu\/switzerland\/wp-content\/uploads\/sites\/58\/2024\/08\/SM_PREPAREDNESS_FRENCH-03-768x572.png 768w, https:\/\/energizer.com\/eu\/switzerland\/wp-content\/uploads\/sites\/58\/2024\/08\/SM_PREPAREDNESS_FRENCH-03-1536x1145.png 1536w, https:\/\/energizer.com\/eu\/switzerland\/wp-content\/uploads\/sites\/58\/2024\/08\/SM_PREPAREDNESS_FRENCH-03-600x447.png 600w, https:\/\/energizer.com\/eu\/switzerland\/wp-content\/uploads\/sites\/58\/2024\/08\/SM_PREPAREDNESS_FRENCH-03.png 1563w\" sizes=\"(max-width: 640px) 100vw, 640px\" \/>\t\t\t\t\t\t\t\t\t\t\t\t\t\t\t<\/div>\n\t\t\t\t<\/div>\n\t\t\t\t<\/div>\n\t\t<div class=\"elementor-element elementor-element-45e3d63 e-con-full e-flex e-con e-child\" data-id=\"45e3d63\" data-element_type=\"container\" data-e-type=\"container\" data-settings=\"{&quot;background_background&quot;:&quot;classic&quot;}\">\n\t\t\t\t<div class=\"elementor-element elementor-element-2a5f8c0 elementor-widget elementor-widget-image\" data-id=\"2a5f8c0\" data-element_type=\"widget\" data-e-type=\"widget\" data-widget_type=\"image.default\">\n\t\t\t\t<div class=\"elementor-widget-container\">\n\t\t\t\t\t\t\t\t\t\t\t\t\t\t\t<img decoding=\"async\" width=\"640\" height=\"477\" src=\"https:\/\/energizer.com\/eu\/switzerland\/wp-content\/uploads\/sites\/58\/2024\/12\/SM_PREPAREDNESS_FRENCH-04-768x572-edited.jpg\" class=\"attachment-large size-large wp-image-9807\" alt=\"\" srcset=\"https:\/\/energizer.com\/eu\/switzerland\/wp-content\/uploads\/sites\/58\/2024\/12\/SM_PREPAREDNESS_FRENCH-04-768x572-edited.jpg 768w, https:\/\/energizer.com\/eu\/switzerland\/wp-content\/uploads\/sites\/58\/2024\/12\/SM_PREPAREDNESS_FRENCH-04-768x572-edited-300x223.jpg 300w, https:\/\/energizer.com\/eu\/switzerland\/wp-content\/uploads\/sites\/58\/2024\/12\/SM_PREPAREDNESS_FRENCH-04-768x572-edited-600x447.jpg 600w\" sizes=\"(max-width: 640px) 100vw, 640px\" \/>\t\t\t\t\t\t\t\t\t\t\t\t\t\t\t<\/div>\n\t\t\t\t<\/div>\n\t\t\t\t<\/div>\n\t\t<div class=\"elementor-element elementor-element-d80e744 e-con-full e-flex e-con e-child\" data-id=\"d80e744\" data-element_type=\"container\" data-e-type=\"container\" data-settings=\"{&quot;background_background&quot;:&quot;classic&quot;}\">\n\t\t\t\t<div class=\"elementor-element elementor-element-55fa91a elementor-widget elementor-widget-image\" data-id=\"55fa91a\" data-element_type=\"widget\" data-e-type=\"widget\" data-widget_type=\"image.default\">\n\t\t\t\t<div class=\"elementor-widget-container\">\n\t\t\t\t\t\t\t\t\t\t\t\t\t\t\t<img loading=\"lazy\" decoding=\"async\" width=\"640\" height=\"477\" src=\"https:\/\/energizer.com\/eu\/switzerland\/wp-content\/uploads\/sites\/58\/2024\/08\/SM_PREPAREDNESS_FRENCH-02-1024x763.png\" class=\"attachment-large size-large wp-image-9443\" alt=\"Practice Vehicle Safety\" srcset=\"https:\/\/energizer.com\/eu\/switzerland\/wp-content\/uploads\/sites\/58\/2024\/08\/SM_PREPAREDNESS_FRENCH-02-1024x763.png 1024w, https:\/\/energizer.com\/eu\/switzerland\/wp-content\/uploads\/sites\/58\/2024\/08\/SM_PREPAREDNESS_FRENCH-02-300x224.png 300w, https:\/\/energizer.com\/eu\/switzerland\/wp-content\/uploads\/sites\/58\/2024\/08\/SM_PREPAREDNESS_FRENCH-02-768x572.png 768w, https:\/\/energizer.com\/eu\/switzerland\/wp-content\/uploads\/sites\/58\/2024\/08\/SM_PREPAREDNESS_FRENCH-02-1536x1145.png 1536w, https:\/\/energizer.com\/eu\/switzerland\/wp-content\/uploads\/sites\/58\/2024\/08\/SM_PREPAREDNESS_FRENCH-02-600x447.png 600w, https:\/\/energizer.com\/eu\/switzerland\/wp-content\/uploads\/sites\/58\/2024\/08\/SM_PREPAREDNESS_FRENCH-02.png 1563w\" sizes=\"(max-width: 640px) 100vw, 640px\" \/>\t\t\t\t\t\t\t\t\t\t\t\t\t\t\t<\/div>\n\t\t\t\t<\/div>\n\t\t\t\t<\/div>\n\t\t\t\t<\/div>\n\t\t\t\t\t<\/div>\n\t\t\t\t<\/div>\n\t\t\t\t<\/div>\n\t\t","protected":false},"excerpt":{"rendered":"<p>Pr\u00e9paration Soyez pr\u00eat \u00e0 affronter n\u2019importe quelle situation\u2013 avec l\u2019aide d\u2019Energizer\u00ae. Des piles longue dur\u00e9e Energizer\u00ae MAX\u00ae et Energizer\u00ae Ultimate Lithium\u2122 aux LED Energizer\u00ae Weatheready\u00ae et aux lampes torches Energizer\u00ae. Phares, torches \u00e0 main et m\u00eame piles pour appareils auditifs : tout est l\u00e0. Sans oublier les chargeurs de piles Energizer Recharge\u00ae pour une pr\u00e9paration [&hellip;]<\/p>\n","protected":false},"author":1,"featured_media":0,"parent":4680,"menu_order":0,"comment_status":"closed","ping_status":"closed","template":"elementor_header_footer","meta":{"_acf_changed":false,"footnotes":""},"class_list":["post-5738","page","type-page","status-publish","hentry"],"acf":[],"yoast_head":"<!-- This site is optimized with the Yoast SEO plugin v27.2 - https:\/\/yoast.com\/product\/yoast-seo-wordpress\/ -->\n<title>Preparedness - Switzerland<\/title>\n<meta name=\"robots\" content=\"index, follow, max-snippet:-1, max-image-preview:large, max-video-preview:-1\" \/>\n<link rel=\"canonical\" href=\"https:\/\/energizer.com\/eu\/switzerland\/responsibility\/preparedness\/\" \/>\n<meta property=\"og:locale\" content=\"en_US\" \/>\n<meta property=\"og:type\" content=\"article\" \/>\n<meta property=\"og:title\" content=\"Preparedness - Switzerland\" \/>\n<meta property=\"og:description\" content=\"Pr\u00e9paration Soyez pr\u00eat \u00e0 affronter n\u2019importe quelle situation\u2013 avec l\u2019aide d\u2019Energizer\u00ae. Des piles longue dur\u00e9e Energizer\u00ae MAX\u00ae et Energizer\u00ae Ultimate Lithium\u2122 aux LED Energizer\u00ae Weatheready\u00ae et aux lampes torches Energizer\u00ae. Phares, torches \u00e0 main et m\u00eame piles pour appareils auditifs : tout est l\u00e0. Sans oublier les chargeurs de piles Energizer Recharge\u00ae pour une pr\u00e9paration [&hellip;]\" \/>\n<meta property=\"og:url\" content=\"https:\/\/energizer.com\/eu\/switzerland\/responsibility\/preparedness\/\" \/>\n<meta property=\"og:site_name\" content=\"Switzerland\" \/>\n<meta property=\"article:modified_time\" content=\"2025-01-08T10:51:19+00:00\" \/>\n<meta property=\"og:image\" content=\"https:\/\/energizer.com\/eu\/switzerland\/wp-content\/uploads\/sites\/58\/2024\/08\/SM_PREPAREDNESS_FRENCH-01-1024x763.png\" \/>\n<meta name=\"twitter:card\" content=\"summary_large_image\" \/>\n<script type=\"application\/ld+json\" class=\"yoast-schema-graph\">{\"@context\":\"https:\/\/schema.org\",\"@graph\":[{\"@type\":\"WebPage\",\"@id\":\"https:\/\/energizer.com\/eu\/switzerland\/responsibility\/preparedness\/\",\"url\":\"https:\/\/energizer.com\/eu\/switzerland\/responsibility\/preparedness\/\",\"name\":\"Preparedness - Switzerland\",\"isPartOf\":{\"@id\":\"https:\/\/energizer.com\/eu\/switzerland\/#website\"},\"primaryImageOfPage\":{\"@id\":\"https:\/\/energizer.com\/eu\/switzerland\/responsibility\/preparedness\/#primaryimage\"},\"image\":{\"@id\":\"https:\/\/energizer.com\/eu\/switzerland\/responsibility\/preparedness\/#primaryimage\"},\"thumbnailUrl\":\"https:\/\/energizer.com\/eu\/switzerland\/wp-content\/uploads\/sites\/58\/2024\/08\/SM_PREPAREDNESS_FRENCH-01-1024x763.png\",\"datePublished\":\"2024-05-23T12:21:40+00:00\",\"dateModified\":\"2025-01-08T10:51:19+00:00\",\"breadcrumb\":{\"@id\":\"https:\/\/energizer.com\/eu\/switzerland\/responsibility\/preparedness\/#breadcrumb\"},\"inLanguage\":\"en-US\",\"potentialAction\":[{\"@type\":\"ReadAction\",\"target\":[\"https:\/\/energizer.com\/eu\/switzerland\/responsibility\/preparedness\/\"]}]},{\"@type\":\"ImageObject\",\"inLanguage\":\"en-US\",\"@id\":\"https:\/\/energizer.com\/eu\/switzerland\/responsibility\/preparedness\/#primaryimage\",\"url\":\"https:\/\/energizer.com\/eu\/switzerland\/wp-content\/uploads\/sites\/58\/2024\/08\/SM_PREPAREDNESS_FRENCH-01.png\",\"contentUrl\":\"https:\/\/energizer.com\/eu\/switzerland\/wp-content\/uploads\/sites\/58\/2024\/08\/SM_PREPAREDNESS_FRENCH-01.png\",\"width\":1564,\"height\":1165,\"caption\":\"Have A Plan\"},{\"@type\":\"BreadcrumbList\",\"@id\":\"https:\/\/energizer.com\/eu\/switzerland\/responsibility\/preparedness\/#breadcrumb\",\"itemListElement\":[{\"@type\":\"ListItem\",\"position\":1,\"name\":\"Home\",\"item\":\"https:\/\/energizer.com\/eu\/switzerland\/\"},{\"@type\":\"ListItem\",\"position\":2,\"name\":\"Responsibility\",\"item\":\"https:\/\/energizer.com\/eu\/switzerland\/responsibility\/\"},{\"@type\":\"ListItem\",\"position\":3,\"name\":\"Preparedness\"}]},{\"@type\":\"WebSite\",\"@id\":\"https:\/\/energizer.com\/eu\/switzerland\/#website\",\"url\":\"https:\/\/energizer.com\/eu\/switzerland\/\",\"name\":\"Energizer Switzerland (FR)\",\"description\":\"\",\"publisher\":{\"@id\":\"https:\/\/energizer.com\/eu\/switzerland\/#organization\"},\"potentialAction\":[{\"@type\":\"SearchAction\",\"target\":{\"@type\":\"EntryPoint\",\"urlTemplate\":\"https:\/\/energizer.com\/eu\/switzerland\/?s={search_term_string}\"},\"query-input\":{\"@type\":\"PropertyValueSpecification\",\"valueRequired\":true,\"valueName\":\"search_term_string\"}}],\"inLanguage\":\"en-US\"},{\"@type\":\"Organization\",\"@id\":\"https:\/\/energizer.com\/eu\/switzerland\/#organization\",\"name\":\"Energizer Switzerland (FR)\",\"url\":\"https:\/\/energizer.com\/eu\/switzerland\/\",\"logo\":{\"@type\":\"ImageObject\",\"inLanguage\":\"en-US\",\"@id\":\"https:\/\/energizer.com\/eu\/switzerland\/#\/schema\/logo\/image\/\",\"url\":\"https:\/\/energizer.com\/eu\/switzerland\/wp-content\/uploads\/sites\/58\/2024\/04\/Energizer_brand.png\",\"contentUrl\":\"https:\/\/energizer.com\/eu\/switzerland\/wp-content\/uploads\/sites\/58\/2024\/04\/Energizer_brand.png\",\"width\":267,\"height\":100,\"caption\":\"Energizer Switzerland (FR)\"},\"image\":{\"@id\":\"https:\/\/energizer.com\/eu\/switzerland\/#\/schema\/logo\/image\/\"}}]}<\/script>\n<!-- \/ Yoast SEO plugin. -->","yoast_head_json":{"title":"Preparedness - Switzerland","robots":{"index":"index","follow":"follow","max-snippet":"max-snippet:-1","max-image-preview":"max-image-preview:large","max-video-preview":"max-video-preview:-1"},"canonical":"https:\/\/energizer.com\/eu\/switzerland\/responsibility\/preparedness\/","og_locale":"en_US","og_type":"article","og_title":"Preparedness - Switzerland","og_description":"Pr\u00e9paration Soyez pr\u00eat \u00e0 affronter n\u2019importe quelle situation\u2013 avec l\u2019aide d\u2019Energizer\u00ae. Des piles longue dur\u00e9e Energizer\u00ae MAX\u00ae et Energizer\u00ae Ultimate Lithium\u2122 aux LED Energizer\u00ae Weatheready\u00ae et aux lampes torches Energizer\u00ae. Phares, torches \u00e0 main et m\u00eame piles pour appareils auditifs : tout est l\u00e0. Sans oublier les chargeurs de piles Energizer Recharge\u00ae pour une pr\u00e9paration [&hellip;]","og_url":"https:\/\/energizer.com\/eu\/switzerland\/responsibility\/preparedness\/","og_site_name":"Switzerland","article_modified_time":"2025-01-08T10:51:19+00:00","og_image":[{"url":"https:\/\/energizer.com\/eu\/switzerland\/wp-content\/uploads\/sites\/58\/2024\/08\/SM_PREPAREDNESS_FRENCH-01-1024x763.png","type":"","width":"","height":""}],"twitter_card":"summary_large_image","schema":{"@context":"https:\/\/schema.org","@graph":[{"@type":"WebPage","@id":"https:\/\/energizer.com\/eu\/switzerland\/responsibility\/preparedness\/","url":"https:\/\/energizer.com\/eu\/switzerland\/responsibility\/preparedness\/","name":"Preparedness - Switzerland","isPartOf":{"@id":"https:\/\/energizer.com\/eu\/switzerland\/#website"},"primaryImageOfPage":{"@id":"https:\/\/energizer.com\/eu\/switzerland\/responsibility\/preparedness\/#primaryimage"},"image":{"@id":"https:\/\/energizer.com\/eu\/switzerland\/responsibility\/preparedness\/#primaryimage"},"thumbnailUrl":"https:\/\/energizer.com\/eu\/switzerland\/wp-content\/uploads\/sites\/58\/2024\/08\/SM_PREPAREDNESS_FRENCH-01-1024x763.png","datePublished":"2024-05-23T12:21:40+00:00","dateModified":"2025-01-08T10:51:19+00:00","breadcrumb":{"@id":"https:\/\/energizer.com\/eu\/switzerland\/responsibility\/preparedness\/#breadcrumb"},"inLanguage":"en-US","potentialAction":[{"@type":"ReadAction","target":["https:\/\/energizer.com\/eu\/switzerland\/responsibility\/preparedness\/"]}]},{"@type":"ImageObject","inLanguage":"en-US","@id":"https:\/\/energizer.com\/eu\/switzerland\/responsibility\/preparedness\/#primaryimage","url":"https:\/\/energizer.com\/eu\/switzerland\/wp-content\/uploads\/sites\/58\/2024\/08\/SM_PREPAREDNESS_FRENCH-01.png","contentUrl":"https:\/\/energizer.com\/eu\/switzerland\/wp-content\/uploads\/sites\/58\/2024\/08\/SM_PREPAREDNESS_FRENCH-01.png","width":1564,"height":1165,"caption":"Have A Plan"},{"@type":"BreadcrumbList","@id":"https:\/\/energizer.com\/eu\/switzerland\/responsibility\/preparedness\/#breadcrumb","itemListElement":[{"@type":"ListItem","position":1,"name":"Home","item":"https:\/\/energizer.com\/eu\/switzerland\/"},{"@type":"ListItem","position":2,"name":"Responsibility","item":"https:\/\/energizer.com\/eu\/switzerland\/responsibility\/"},{"@type":"ListItem","position":3,"name":"Preparedness"}]},{"@type":"WebSite","@id":"https:\/\/energizer.com\/eu\/switzerland\/#website","url":"https:\/\/energizer.com\/eu\/switzerland\/","name":"Energizer Switzerland (FR)","description":"","publisher":{"@id":"https:\/\/energizer.com\/eu\/switzerland\/#organization"},"potentialAction":[{"@type":"SearchAction","target":{"@type":"EntryPoint","urlTemplate":"https:\/\/energizer.com\/eu\/switzerland\/?s={search_term_string}"},"query-input":{"@type":"PropertyValueSpecification","valueRequired":true,"valueName":"search_term_string"}}],"inLanguage":"en-US"},{"@type":"Organization","@id":"https:\/\/energizer.com\/eu\/switzerland\/#organization","name":"Energizer Switzerland (FR)","url":"https:\/\/energizer.com\/eu\/switzerland\/","logo":{"@type":"ImageObject","inLanguage":"en-US","@id":"https:\/\/energizer.com\/eu\/switzerland\/#\/schema\/logo\/image\/","url":"https:\/\/energizer.com\/eu\/switzerland\/wp-content\/uploads\/sites\/58\/2024\/04\/Energizer_brand.png","contentUrl":"https:\/\/energizer.com\/eu\/switzerland\/wp-content\/uploads\/sites\/58\/2024\/04\/Energizer_brand.png","width":267,"height":100,"caption":"Energizer Switzerland (FR)"},"image":{"@id":"https:\/\/energizer.com\/eu\/switzerland\/#\/schema\/logo\/image\/"}}]}},"_links":{"self":[{"href":"https:\/\/energizer.com\/eu\/switzerland\/wp-json\/wp\/v2\/pages\/5738","targetHints":{"allow":["GET"]}}],"collection":[{"href":"https:\/\/energizer.com\/eu\/switzerland\/wp-json\/wp\/v2\/pages"}],"about":[{"href":"https:\/\/energizer.com\/eu\/switzerland\/wp-json\/wp\/v2\/types\/page"}],"author":[{"embeddable":true,"href":"https:\/\/energizer.com\/eu\/switzerland\/wp-json\/wp\/v2\/users\/1"}],"replies":[{"embeddable":true,"href":"https:\/\/energizer.com\/eu\/switzerland\/wp-json\/wp\/v2\/comments?post=5738"}],"version-history":[{"count":58,"href":"https:\/\/energizer.com\/eu\/switzerland\/wp-json\/wp\/v2\/pages\/5738\/revisions"}],"predecessor-version":[{"id":10129,"href":"https:\/\/energizer.com\/eu\/switzerland\/wp-json\/wp\/v2\/pages\/5738\/revisions\/10129"}],"up":[{"embeddable":true,"href":"https:\/\/energizer.com\/eu\/switzerland\/wp-json\/wp\/v2\/pages\/4680"}],"wp:attachment":[{"href":"https:\/\/energizer.com\/eu\/switzerland\/wp-json\/wp\/v2\/media?parent=5738"}],"curies":[{"name":"wp","href":"https:\/\/api.w.org\/{rel}","templated":true}]}}