{"id":7192,"date":"2024-06-03T05:16:26","date_gmt":"2024-06-03T05:16:26","guid":{"rendered":"https:\/\/23b13e8ab3.nxcli.io\/switzerland\/?post_type=product&#038;p=7192"},"modified":"2024-12-30T10:31:40","modified_gmt":"2024-12-30T10:31:40","slug":"energizer-max-plus-9v","status":"publish","type":"product","link":"https:\/\/energizer.com\/eu\/switzerland\/product\/energizer-max-plus-9v\/","title":{"rendered":"ENERGIZER \u00ae MAX PLUS \u2122 &#8211; 9V"},"content":{"rendered":"<ul>\n<li>Pack de 1 pile alcaline 9V Energizer Max Plus<\/li>\n<li>Une \u00e9nergie fiable: les piles alcalines Energizer Max Plus 9V sont con\u00e7ues pour d\u00e9livrer une performance longue-dur\u00e9e, id\u00e9ale pour vos appareils du quotidien tels que les manettes t\u00e9l\u00e9-command\u00e9es, les baladeurs, les d\u00e9tecteurs de fum\u00e9e, etc<\/li>\n<li>Fiabilit\u00e9 : chaque pile alcaline Energizer 9V ayant une dur\u00e9e de conservation allant jusqu\u2019\u00e0 5 ans, elle est toujours pr\u00eate quand vous en avez besoin<\/li>\n<li>Emballage 100% recyclable: cet emballage est fabriqu\u00e9 \u00e0 partir de carton 100% recyclable<\/li>\n<\/ul>\n","protected":false},"excerpt":{"rendered":"<p>Tirez le meilleur parti de vos appareils indispensables gr\u00e2ce \u00e0 l&#8217;\u00e9nergie fiable et longue dur\u00e9e que vous exigez d&#8217;Energizer. Faites le plein de piles 9v alcaline pour jouets, ainsi que de piles pour sonnettes, rasoirs \u00e9lectriques, alarmes et t\u00e9l\u00e9commandes \u00e0 piles. Ce pack est \u00e9galement un excellent choix si vous avez besoin d&#8217;une alarme incendie \u00e0 pile fiable. Chaque pile alcaline 9V conserve son \u00e9nergie jusqu&#8217;\u00e0 5\u00a0ans lorsqu&#8217;elle est stock\u00e9e. Avec Energizer, l&#8217;\u00e9nergie est pr\u00eate quand vous l&#8217;\u00eates. La gamme\u00a0Energizer\u00a0Max\u00a0Plus comprend \u00e9galement des piles\u00a0AA,\u00a0AAA, C et D. Il est donc facile de trouver une \u00e9nergie fiable dans le format dont vous avez besoin. Pour les piles rechargeables, choisissez la gamme\u00a0Energizer\u00a0Recharge, id\u00e9ale pour les appareils haute technologie. Energizer sait \u00e0 quel point il est important de prendre soin de notre plan\u00e8te et de ses espaces verts. C&#8217;est pourquoi ces batteries sont vendues dans des emballages 100 % recyclables et sans plastique* qui soutiennent une sylviculture responsable. Veuillez noter que l&#8217;emballage de la batterie Energizer que vous recevez peut diff\u00e9rer de l&#8217;emballage illustr\u00e9, selon le stock. Merci de votre patience pendant notre p\u00e9riode de transition vers les emballages recyclables. * \u00c0 l&#8217;exception des scell\u00e9s de certains emballages<\/p>\n","protected":false},"featured_media":0,"comment_status":"open","ping_status":"closed","template":"","meta":{"_acf_changed":false},"product_brand":[],"product_cat":[87],"product_tag":[],"class_list":{"0":"post-7192","1":"product","2":"type-product","3":"status-publish","5":"product_cat-energizer-max-plus","7":"first","8":"instock","9":"shipping-taxable","10":"product-type-simple"},"acf":[],"yoast_head":"<!-- This site is optimized with the Yoast SEO plugin v27.2 - https:\/\/yoast.com\/product\/yoast-seo-wordpress\/ -->\n<title>ENERGIZER \u00ae MAX PLUS \u2122 - 9V - Switzerland<\/title>\n<meta name=\"robots\" content=\"index, follow, max-snippet:-1, max-image-preview:large, max-video-preview:-1\" \/>\n<link rel=\"canonical\" href=\"https:\/\/energizer.com\/eu\/switzerland\/product\/energizer-max-plus-9v\/\" \/>\n<meta property=\"og:locale\" content=\"en_US\" \/>\n<meta property=\"og:type\" content=\"article\" \/>\n<meta property=\"og:title\" content=\"ENERGIZER \u00ae MAX PLUS \u2122 - 9V - Switzerland\" \/>\n<meta property=\"og:description\" content=\"Tirez le meilleur parti de vos appareils indispensables gr\u00e2ce \u00e0 l&#039;\u00e9nergie fiable et longue dur\u00e9e que vous exigez d&#039;Energizer. Faites le plein de piles 9v alcaline pour jouets, ainsi que de piles pour sonnettes, rasoirs \u00e9lectriques, alarmes et t\u00e9l\u00e9commandes \u00e0 piles. Ce pack est \u00e9galement un excellent choix si vous avez besoin d&#039;une alarme incendie \u00e0 pile fiable. Chaque pile alcaline 9V conserve son \u00e9nergie jusqu&#039;\u00e0 5\u00a0ans lorsqu&#039;elle est stock\u00e9e. Avec Energizer, l&#039;\u00e9nergie est pr\u00eate quand vous l&#039;\u00eates. La gamme\u00a0Energizer\u00a0Max\u00a0Plus comprend \u00e9galement des piles\u00a0AA,\u00a0AAA, C et D. Il est donc facile de trouver une \u00e9nergie fiable dans le format dont vous avez besoin. Pour les piles rechargeables, choisissez la gamme\u00a0Energizer\u00a0Recharge, id\u00e9ale pour les appareils haute technologie. Energizer sait \u00e0 quel point il est important de prendre soin de notre plan\u00e8te et de ses espaces verts. C&#039;est pourquoi ces batteries sont vendues dans des emballages 100 % recyclables et sans plastique* qui soutiennent une sylviculture responsable. Veuillez noter que l&#039;emballage de la batterie Energizer que vous recevez peut diff\u00e9rer de l&#039;emballage illustr\u00e9, selon le stock. Merci de votre patience pendant notre p\u00e9riode de transition vers les emballages recyclables. * \u00c0 l&#039;exception des scell\u00e9s de certains emballages\" \/>\n<meta property=\"og:url\" content=\"https:\/\/energizer.com\/eu\/switzerland\/product\/energizer-max-plus-9v\/\" \/>\n<meta property=\"og:site_name\" content=\"Switzerland\" \/>\n<meta property=\"article:modified_time\" content=\"2024-12-30T10:31:40+00:00\" \/>\n<meta name=\"twitter:card\" content=\"summary_large_image\" \/>\n<script type=\"application\/ld+json\" class=\"yoast-schema-graph\">{\"@context\":\"https:\/\/schema.org\",\"@graph\":[{\"@type\":\"WebPage\",\"@id\":\"https:\/\/energizer.com\/eu\/switzerland\/product\/energizer-max-plus-9v\/\",\"url\":\"https:\/\/energizer.com\/eu\/switzerland\/product\/energizer-max-plus-9v\/\",\"name\":\"ENERGIZER \u00ae MAX PLUS \u2122 - 9V - Switzerland\",\"isPartOf\":{\"@id\":\"https:\/\/energizer.com\/eu\/switzerland\/#website\"},\"datePublished\":\"2024-06-03T05:16:26+00:00\",\"dateModified\":\"2024-12-30T10:31:40+00:00\",\"breadcrumb\":{\"@id\":\"https:\/\/energizer.com\/eu\/switzerland\/product\/energizer-max-plus-9v\/#breadcrumb\"},\"inLanguage\":\"en-US\",\"potentialAction\":[{\"@type\":\"ReadAction\",\"target\":[\"https:\/\/energizer.com\/eu\/switzerland\/product\/energizer-max-plus-9v\/\"]}]},{\"@type\":\"BreadcrumbList\",\"@id\":\"https:\/\/energizer.com\/eu\/switzerland\/product\/energizer-max-plus-9v\/#breadcrumb\",\"itemListElement\":[{\"@type\":\"ListItem\",\"position\":1,\"name\":\"Home\",\"item\":\"https:\/\/energizer.com\/eu\/switzerland\/\"},{\"@type\":\"ListItem\",\"position\":2,\"name\":\"ENERGIZER \u00ae MAX PLUS \u2122 &#8211; 9V\"}]},{\"@type\":\"WebSite\",\"@id\":\"https:\/\/energizer.com\/eu\/switzerland\/#website\",\"url\":\"https:\/\/energizer.com\/eu\/switzerland\/\",\"name\":\"Energizer Switzerland (FR)\",\"description\":\"\",\"publisher\":{\"@id\":\"https:\/\/energizer.com\/eu\/switzerland\/#organization\"},\"potentialAction\":[{\"@type\":\"SearchAction\",\"target\":{\"@type\":\"EntryPoint\",\"urlTemplate\":\"https:\/\/energizer.com\/eu\/switzerland\/?s={search_term_string}\"},\"query-input\":{\"@type\":\"PropertyValueSpecification\",\"valueRequired\":true,\"valueName\":\"search_term_string\"}}],\"inLanguage\":\"en-US\"},{\"@type\":\"Organization\",\"@id\":\"https:\/\/energizer.com\/eu\/switzerland\/#organization\",\"name\":\"Energizer Switzerland (FR)\",\"url\":\"https:\/\/energizer.com\/eu\/switzerland\/\",\"logo\":{\"@type\":\"ImageObject\",\"inLanguage\":\"en-US\",\"@id\":\"https:\/\/energizer.com\/eu\/switzerland\/#\/schema\/logo\/image\/\",\"url\":\"https:\/\/energizer.com\/eu\/switzerland\/wp-content\/uploads\/sites\/58\/2024\/04\/Energizer_brand.png\",\"contentUrl\":\"https:\/\/energizer.com\/eu\/switzerland\/wp-content\/uploads\/sites\/58\/2024\/04\/Energizer_brand.png\",\"width\":267,\"height\":100,\"caption\":\"Energizer Switzerland (FR)\"},\"image\":{\"@id\":\"https:\/\/energizer.com\/eu\/switzerland\/#\/schema\/logo\/image\/\"}}]}<\/script>\n<!-- \/ Yoast SEO plugin. -->","yoast_head_json":{"title":"ENERGIZER \u00ae MAX PLUS \u2122 - 9V - Switzerland","robots":{"index":"index","follow":"follow","max-snippet":"max-snippet:-1","max-image-preview":"max-image-preview:large","max-video-preview":"max-video-preview:-1"},"canonical":"https:\/\/energizer.com\/eu\/switzerland\/product\/energizer-max-plus-9v\/","og_locale":"en_US","og_type":"article","og_title":"ENERGIZER \u00ae MAX PLUS \u2122 - 9V - Switzerland","og_description":"Tirez le meilleur parti de vos appareils indispensables gr\u00e2ce \u00e0 l'\u00e9nergie fiable et longue dur\u00e9e que vous exigez d'Energizer. Faites le plein de piles 9v alcaline pour jouets, ainsi que de piles pour sonnettes, rasoirs \u00e9lectriques, alarmes et t\u00e9l\u00e9commandes \u00e0 piles. Ce pack est \u00e9galement un excellent choix si vous avez besoin d'une alarme incendie \u00e0 pile fiable. Chaque pile alcaline 9V conserve son \u00e9nergie jusqu'\u00e0 5\u00a0ans lorsqu'elle est stock\u00e9e. Avec Energizer, l'\u00e9nergie est pr\u00eate quand vous l'\u00eates. La gamme\u00a0Energizer\u00a0Max\u00a0Plus comprend \u00e9galement des piles\u00a0AA,\u00a0AAA, C et D. Il est donc facile de trouver une \u00e9nergie fiable dans le format dont vous avez besoin. Pour les piles rechargeables, choisissez la gamme\u00a0Energizer\u00a0Recharge, id\u00e9ale pour les appareils haute technologie. Energizer sait \u00e0 quel point il est important de prendre soin de notre plan\u00e8te et de ses espaces verts. C'est pourquoi ces batteries sont vendues dans des emballages 100 % recyclables et sans plastique* qui soutiennent une sylviculture responsable. Veuillez noter que l'emballage de la batterie Energizer que vous recevez peut diff\u00e9rer de l'emballage illustr\u00e9, selon le stock. Merci de votre patience pendant notre p\u00e9riode de transition vers les emballages recyclables. * \u00c0 l'exception des scell\u00e9s de certains emballages","og_url":"https:\/\/energizer.com\/eu\/switzerland\/product\/energizer-max-plus-9v\/","og_site_name":"Switzerland","article_modified_time":"2024-12-30T10:31:40+00:00","twitter_card":"summary_large_image","schema":{"@context":"https:\/\/schema.org","@graph":[{"@type":"WebPage","@id":"https:\/\/energizer.com\/eu\/switzerland\/product\/energizer-max-plus-9v\/","url":"https:\/\/energizer.com\/eu\/switzerland\/product\/energizer-max-plus-9v\/","name":"ENERGIZER \u00ae MAX PLUS \u2122 - 9V - Switzerland","isPartOf":{"@id":"https:\/\/energizer.com\/eu\/switzerland\/#website"},"datePublished":"2024-06-03T05:16:26+00:00","dateModified":"2024-12-30T10:31:40+00:00","breadcrumb":{"@id":"https:\/\/energizer.com\/eu\/switzerland\/product\/energizer-max-plus-9v\/#breadcrumb"},"inLanguage":"en-US","potentialAction":[{"@type":"ReadAction","target":["https:\/\/energizer.com\/eu\/switzerland\/product\/energizer-max-plus-9v\/"]}]},{"@type":"BreadcrumbList","@id":"https:\/\/energizer.com\/eu\/switzerland\/product\/energizer-max-plus-9v\/#breadcrumb","itemListElement":[{"@type":"ListItem","position":1,"name":"Home","item":"https:\/\/energizer.com\/eu\/switzerland\/"},{"@type":"ListItem","position":2,"name":"ENERGIZER \u00ae MAX PLUS \u2122 &#8211; 9V"}]},{"@type":"WebSite","@id":"https:\/\/energizer.com\/eu\/switzerland\/#website","url":"https:\/\/energizer.com\/eu\/switzerland\/","name":"Energizer Switzerland (FR)","description":"","publisher":{"@id":"https:\/\/energizer.com\/eu\/switzerland\/#organization"},"potentialAction":[{"@type":"SearchAction","target":{"@type":"EntryPoint","urlTemplate":"https:\/\/energizer.com\/eu\/switzerland\/?s={search_term_string}"},"query-input":{"@type":"PropertyValueSpecification","valueRequired":true,"valueName":"search_term_string"}}],"inLanguage":"en-US"},{"@type":"Organization","@id":"https:\/\/energizer.com\/eu\/switzerland\/#organization","name":"Energizer Switzerland (FR)","url":"https:\/\/energizer.com\/eu\/switzerland\/","logo":{"@type":"ImageObject","inLanguage":"en-US","@id":"https:\/\/energizer.com\/eu\/switzerland\/#\/schema\/logo\/image\/","url":"https:\/\/energizer.com\/eu\/switzerland\/wp-content\/uploads\/sites\/58\/2024\/04\/Energizer_brand.png","contentUrl":"https:\/\/energizer.com\/eu\/switzerland\/wp-content\/uploads\/sites\/58\/2024\/04\/Energizer_brand.png","width":267,"height":100,"caption":"Energizer Switzerland (FR)"},"image":{"@id":"https:\/\/energizer.com\/eu\/switzerland\/#\/schema\/logo\/image\/"}}]}},"_links":{"self":[{"href":"https:\/\/energizer.com\/eu\/switzerland\/wp-json\/wp\/v2\/product\/7192","targetHints":{"allow":["GET"]}}],"collection":[{"href":"https:\/\/energizer.com\/eu\/switzerland\/wp-json\/wp\/v2\/product"}],"about":[{"href":"https:\/\/energizer.com\/eu\/switzerland\/wp-json\/wp\/v2\/types\/product"}],"replies":[{"embeddable":true,"href":"https:\/\/energizer.com\/eu\/switzerland\/wp-json\/wp\/v2\/comments?post=7192"}],"version-history":[{"count":5,"href":"https:\/\/energizer.com\/eu\/switzerland\/wp-json\/wp\/v2\/product\/7192\/revisions"}],"predecessor-version":[{"id":9934,"href":"https:\/\/energizer.com\/eu\/switzerland\/wp-json\/wp\/v2\/product\/7192\/revisions\/9934"}],"wp:attachment":[{"href":"https:\/\/energizer.com\/eu\/switzerland\/wp-json\/wp\/v2\/media?parent=7192"}],"wp:term":[{"taxonomy":"product_brand","embeddable":true,"href":"https:\/\/energizer.com\/eu\/switzerland\/wp-json\/wp\/v2\/product_brand?post=7192"},{"taxonomy":"product_cat","embeddable":true,"href":"https:\/\/energizer.com\/eu\/switzerland\/wp-json\/wp\/v2\/product_cat?post=7192"},{"taxonomy":"product_tag","embeddable":true,"href":"https:\/\/energizer.com\/eu\/switzerland\/wp-json\/wp\/v2\/product_tag?post=7192"}],"curies":[{"name":"wp","href":"https:\/\/api.w.org\/{rel}","templated":true}]}}