{"id":7193,"date":"2024-06-03T05:16:26","date_gmt":"2024-06-03T05:16:26","guid":{"rendered":"https:\/\/23b13e8ab3.nxcli.io\/switzerland\/?post_type=product&#038;p=7193"},"modified":"2024-12-31T06:14:35","modified_gmt":"2024-12-31T06:14:35","slug":"energizer-max-c","status":"publish","type":"product","link":"https:\/\/energizer.com\/eu\/switzerland\/product\/energizer-max-c\/","title":{"rendered":"ENERGIZER\u00ae MAX &#8211; C"},"content":{"rendered":"<ul>\n<li>Pack de 2 piles alcalines C Energizer Max<\/li>\n<li>Une \u00e9nergie fiable : les piles alcalines Energizer C sont id\u00e9ales pour les jouets, radios portables, appareils m\u00e9dicaux et autres<\/li>\n<li>Qualit\u00e9: les piles Energizer Max C\/LR14 se conservent jusqu\u2019\u00e0 10 ans dans leur emballage, pour pouvoir les utiliser d\u00e8s que vous en avez besoin<\/li>\n<li>Emballage 100% recyclable: cet emballage est fabriqu\u00e9 \u00e0 partir de carton 100% recyclable<\/li>\n<\/ul>\n","protected":false},"excerpt":{"rendered":"<p>Tirez le meilleur parti de vos appareils indispensables gr\u00e2ce \u00e0 l&#8217;\u00e9nergie fiable et longue dur\u00e9e que vous exigez de piles Energizer. Faites le plein de piles LR14 pour lampes torches, appareils photo, enceintes bluetooth et jouets, et t\u00e9l\u00e9commandes. Ces piles alcalines type C conservent leur autonomie jusqu&#8217;\u00e0 10 ans si elles sont entrepos\u00e9es. Avec Energizer, l&#8217;\u00e9nergie est pr\u00eate quand vous l&#8217;\u00eates. La gamme de piles Energizer Max comprend \u00e9galement des piles AA, AAA, C, D et 9V. Il est donc facile de trouver une \u00e9nergie fiable dans le format dont vous avez besoin. Pour les piles rechargeables, choisissez la gamme Energizer Recharge, id\u00e9ale pour les appareils haute technologie.<\/p>\n<p>Depuis qu&#8217;elle a cr\u00e9\u00e9 la premi\u00e8re pile grand public en 1896, Energizer est \u00e0 l&#8217;avant-garde de l&#8217;innovation industrielle et peut se targuer d&#8217;\u00eatre \u00e0 l&#8217;origine de nombreuses premi\u00e8res, notamment en brevetant la toute premi\u00e8re pile alcaline grand public en 1959. La marque applique \u00e9galement cette vision avant-gardiste aux initiatives environnementales, en d\u00e9veloppant le tout premier syst\u00e8me de piles rechargeables en 1958 et en introduisant la premi\u00e8re pile sans mercure en 1989. Les piles Energizer Recharge ont \u00e9galement \u00e9t\u00e9 les premi\u00e8res piles rechargeables \u00e0 contenir des piles recycl\u00e9es. La soci\u00e9t\u00e9 est en partenariat avec des entreprises qui encouragent, informent et responsabilisent les consommateurs pour qu&#8217;ils recyclent les piles non rechargeables, ainsi que les emballages de piles. Faites confiance \u00e0 la puissance des piles Energizer.<\/p>\n","protected":false},"featured_media":0,"comment_status":"open","ping_status":"closed","template":"","meta":{"_acf_changed":false},"product_brand":[],"product_cat":[26],"product_tag":[],"class_list":{"0":"post-7193","1":"product","2":"type-product","3":"status-publish","5":"product_cat-energizer-max","7":"first","8":"instock","9":"shipping-taxable","10":"product-type-simple"},"acf":[],"yoast_head":"<!-- This site is optimized with the Yoast SEO plugin v27.2 - https:\/\/yoast.com\/product\/yoast-seo-wordpress\/ -->\n<title>ENERGIZER\u00ae MAX - C - Switzerland<\/title>\n<meta name=\"robots\" content=\"index, follow, max-snippet:-1, max-image-preview:large, max-video-preview:-1\" \/>\n<link rel=\"canonical\" href=\"https:\/\/energizer.com\/eu\/switzerland\/product\/energizer-max-c\/\" \/>\n<meta property=\"og:locale\" content=\"en_US\" \/>\n<meta property=\"og:type\" content=\"article\" \/>\n<meta property=\"og:title\" content=\"ENERGIZER\u00ae MAX - C - Switzerland\" \/>\n<meta property=\"og:description\" content=\"Tirez le meilleur parti de vos appareils indispensables gr\u00e2ce \u00e0 l&#039;\u00e9nergie fiable et longue dur\u00e9e que vous exigez de piles Energizer. Faites le plein de piles LR14 pour lampes torches, appareils photo, enceintes bluetooth et jouets, et t\u00e9l\u00e9commandes. Ces piles alcalines type C conservent leur autonomie jusqu&#039;\u00e0 10 ans si elles sont entrepos\u00e9es. Avec Energizer, l&#039;\u00e9nergie est pr\u00eate quand vous l&#039;\u00eates. La gamme de piles Energizer Max comprend \u00e9galement des piles AA, AAA, C, D et 9V. Il est donc facile de trouver une \u00e9nergie fiable dans le format dont vous avez besoin. Pour les piles rechargeables, choisissez la gamme Energizer Recharge, id\u00e9ale pour les appareils haute technologie.  Depuis qu&#039;elle a cr\u00e9\u00e9 la premi\u00e8re pile grand public en 1896, Energizer est \u00e0 l&#039;avant-garde de l&#039;innovation industrielle et peut se targuer d&#039;\u00eatre \u00e0 l&#039;origine de nombreuses premi\u00e8res, notamment en brevetant la toute premi\u00e8re pile alcaline grand public en 1959. La marque applique \u00e9galement cette vision avant-gardiste aux initiatives environnementales, en d\u00e9veloppant le tout premier syst\u00e8me de piles rechargeables en 1958 et en introduisant la premi\u00e8re pile sans mercure en 1989. Les piles Energizer Recharge ont \u00e9galement \u00e9t\u00e9 les premi\u00e8res piles rechargeables \u00e0 contenir des piles recycl\u00e9es. La soci\u00e9t\u00e9 est en partenariat avec des entreprises qui encouragent, informent et responsabilisent les consommateurs pour qu&#039;ils recyclent les piles non rechargeables, ainsi que les emballages de piles. Faites confiance \u00e0 la puissance des piles Energizer.\" \/>\n<meta property=\"og:url\" content=\"https:\/\/energizer.com\/eu\/switzerland\/product\/energizer-max-c\/\" \/>\n<meta property=\"og:site_name\" content=\"Switzerland\" \/>\n<meta property=\"article:modified_time\" content=\"2024-12-31T06:14:35+00:00\" \/>\n<meta name=\"twitter:card\" content=\"summary_large_image\" \/>\n<script type=\"application\/ld+json\" class=\"yoast-schema-graph\">{\"@context\":\"https:\/\/schema.org\",\"@graph\":[{\"@type\":\"WebPage\",\"@id\":\"https:\/\/energizer.com\/eu\/switzerland\/product\/energizer-max-c\/\",\"url\":\"https:\/\/energizer.com\/eu\/switzerland\/product\/energizer-max-c\/\",\"name\":\"ENERGIZER\u00ae MAX - C - Switzerland\",\"isPartOf\":{\"@id\":\"https:\/\/energizer.com\/eu\/switzerland\/#website\"},\"datePublished\":\"2024-06-03T05:16:26+00:00\",\"dateModified\":\"2024-12-31T06:14:35+00:00\",\"breadcrumb\":{\"@id\":\"https:\/\/energizer.com\/eu\/switzerland\/product\/energizer-max-c\/#breadcrumb\"},\"inLanguage\":\"en-US\",\"potentialAction\":[{\"@type\":\"ReadAction\",\"target\":[\"https:\/\/energizer.com\/eu\/switzerland\/product\/energizer-max-c\/\"]}]},{\"@type\":\"BreadcrumbList\",\"@id\":\"https:\/\/energizer.com\/eu\/switzerland\/product\/energizer-max-c\/#breadcrumb\",\"itemListElement\":[{\"@type\":\"ListItem\",\"position\":1,\"name\":\"Home\",\"item\":\"https:\/\/energizer.com\/eu\/switzerland\/\"},{\"@type\":\"ListItem\",\"position\":2,\"name\":\"ENERGIZER\u00ae MAX &#8211; C\"}]},{\"@type\":\"WebSite\",\"@id\":\"https:\/\/energizer.com\/eu\/switzerland\/#website\",\"url\":\"https:\/\/energizer.com\/eu\/switzerland\/\",\"name\":\"Energizer Switzerland (FR)\",\"description\":\"\",\"publisher\":{\"@id\":\"https:\/\/energizer.com\/eu\/switzerland\/#organization\"},\"potentialAction\":[{\"@type\":\"SearchAction\",\"target\":{\"@type\":\"EntryPoint\",\"urlTemplate\":\"https:\/\/energizer.com\/eu\/switzerland\/?s={search_term_string}\"},\"query-input\":{\"@type\":\"PropertyValueSpecification\",\"valueRequired\":true,\"valueName\":\"search_term_string\"}}],\"inLanguage\":\"en-US\"},{\"@type\":\"Organization\",\"@id\":\"https:\/\/energizer.com\/eu\/switzerland\/#organization\",\"name\":\"Energizer Switzerland (FR)\",\"url\":\"https:\/\/energizer.com\/eu\/switzerland\/\",\"logo\":{\"@type\":\"ImageObject\",\"inLanguage\":\"en-US\",\"@id\":\"https:\/\/energizer.com\/eu\/switzerland\/#\/schema\/logo\/image\/\",\"url\":\"https:\/\/energizer.com\/eu\/switzerland\/wp-content\/uploads\/sites\/58\/2024\/04\/Energizer_brand.png\",\"contentUrl\":\"https:\/\/energizer.com\/eu\/switzerland\/wp-content\/uploads\/sites\/58\/2024\/04\/Energizer_brand.png\",\"width\":267,\"height\":100,\"caption\":\"Energizer Switzerland (FR)\"},\"image\":{\"@id\":\"https:\/\/energizer.com\/eu\/switzerland\/#\/schema\/logo\/image\/\"}}]}<\/script>\n<!-- \/ Yoast SEO plugin. -->","yoast_head_json":{"title":"ENERGIZER\u00ae MAX - C - Switzerland","robots":{"index":"index","follow":"follow","max-snippet":"max-snippet:-1","max-image-preview":"max-image-preview:large","max-video-preview":"max-video-preview:-1"},"canonical":"https:\/\/energizer.com\/eu\/switzerland\/product\/energizer-max-c\/","og_locale":"en_US","og_type":"article","og_title":"ENERGIZER\u00ae MAX - C - Switzerland","og_description":"Tirez le meilleur parti de vos appareils indispensables gr\u00e2ce \u00e0 l'\u00e9nergie fiable et longue dur\u00e9e que vous exigez de piles Energizer. Faites le plein de piles LR14 pour lampes torches, appareils photo, enceintes bluetooth et jouets, et t\u00e9l\u00e9commandes. Ces piles alcalines type C conservent leur autonomie jusqu'\u00e0 10 ans si elles sont entrepos\u00e9es. Avec Energizer, l'\u00e9nergie est pr\u00eate quand vous l'\u00eates. La gamme de piles Energizer Max comprend \u00e9galement des piles AA, AAA, C, D et 9V. Il est donc facile de trouver une \u00e9nergie fiable dans le format dont vous avez besoin. Pour les piles rechargeables, choisissez la gamme Energizer Recharge, id\u00e9ale pour les appareils haute technologie.  Depuis qu'elle a cr\u00e9\u00e9 la premi\u00e8re pile grand public en 1896, Energizer est \u00e0 l'avant-garde de l'innovation industrielle et peut se targuer d'\u00eatre \u00e0 l'origine de nombreuses premi\u00e8res, notamment en brevetant la toute premi\u00e8re pile alcaline grand public en 1959. La marque applique \u00e9galement cette vision avant-gardiste aux initiatives environnementales, en d\u00e9veloppant le tout premier syst\u00e8me de piles rechargeables en 1958 et en introduisant la premi\u00e8re pile sans mercure en 1989. Les piles Energizer Recharge ont \u00e9galement \u00e9t\u00e9 les premi\u00e8res piles rechargeables \u00e0 contenir des piles recycl\u00e9es. La soci\u00e9t\u00e9 est en partenariat avec des entreprises qui encouragent, informent et responsabilisent les consommateurs pour qu'ils recyclent les piles non rechargeables, ainsi que les emballages de piles. Faites confiance \u00e0 la puissance des piles Energizer.","og_url":"https:\/\/energizer.com\/eu\/switzerland\/product\/energizer-max-c\/","og_site_name":"Switzerland","article_modified_time":"2024-12-31T06:14:35+00:00","twitter_card":"summary_large_image","schema":{"@context":"https:\/\/schema.org","@graph":[{"@type":"WebPage","@id":"https:\/\/energizer.com\/eu\/switzerland\/product\/energizer-max-c\/","url":"https:\/\/energizer.com\/eu\/switzerland\/product\/energizer-max-c\/","name":"ENERGIZER\u00ae MAX - C - Switzerland","isPartOf":{"@id":"https:\/\/energizer.com\/eu\/switzerland\/#website"},"datePublished":"2024-06-03T05:16:26+00:00","dateModified":"2024-12-31T06:14:35+00:00","breadcrumb":{"@id":"https:\/\/energizer.com\/eu\/switzerland\/product\/energizer-max-c\/#breadcrumb"},"inLanguage":"en-US","potentialAction":[{"@type":"ReadAction","target":["https:\/\/energizer.com\/eu\/switzerland\/product\/energizer-max-c\/"]}]},{"@type":"BreadcrumbList","@id":"https:\/\/energizer.com\/eu\/switzerland\/product\/energizer-max-c\/#breadcrumb","itemListElement":[{"@type":"ListItem","position":1,"name":"Home","item":"https:\/\/energizer.com\/eu\/switzerland\/"},{"@type":"ListItem","position":2,"name":"ENERGIZER\u00ae MAX &#8211; C"}]},{"@type":"WebSite","@id":"https:\/\/energizer.com\/eu\/switzerland\/#website","url":"https:\/\/energizer.com\/eu\/switzerland\/","name":"Energizer Switzerland (FR)","description":"","publisher":{"@id":"https:\/\/energizer.com\/eu\/switzerland\/#organization"},"potentialAction":[{"@type":"SearchAction","target":{"@type":"EntryPoint","urlTemplate":"https:\/\/energizer.com\/eu\/switzerland\/?s={search_term_string}"},"query-input":{"@type":"PropertyValueSpecification","valueRequired":true,"valueName":"search_term_string"}}],"inLanguage":"en-US"},{"@type":"Organization","@id":"https:\/\/energizer.com\/eu\/switzerland\/#organization","name":"Energizer Switzerland (FR)","url":"https:\/\/energizer.com\/eu\/switzerland\/","logo":{"@type":"ImageObject","inLanguage":"en-US","@id":"https:\/\/energizer.com\/eu\/switzerland\/#\/schema\/logo\/image\/","url":"https:\/\/energizer.com\/eu\/switzerland\/wp-content\/uploads\/sites\/58\/2024\/04\/Energizer_brand.png","contentUrl":"https:\/\/energizer.com\/eu\/switzerland\/wp-content\/uploads\/sites\/58\/2024\/04\/Energizer_brand.png","width":267,"height":100,"caption":"Energizer Switzerland (FR)"},"image":{"@id":"https:\/\/energizer.com\/eu\/switzerland\/#\/schema\/logo\/image\/"}}]}},"_links":{"self":[{"href":"https:\/\/energizer.com\/eu\/switzerland\/wp-json\/wp\/v2\/product\/7193","targetHints":{"allow":["GET"]}}],"collection":[{"href":"https:\/\/energizer.com\/eu\/switzerland\/wp-json\/wp\/v2\/product"}],"about":[{"href":"https:\/\/energizer.com\/eu\/switzerland\/wp-json\/wp\/v2\/types\/product"}],"replies":[{"embeddable":true,"href":"https:\/\/energizer.com\/eu\/switzerland\/wp-json\/wp\/v2\/comments?post=7193"}],"version-history":[{"count":6,"href":"https:\/\/energizer.com\/eu\/switzerland\/wp-json\/wp\/v2\/product\/7193\/revisions"}],"predecessor-version":[{"id":10000,"href":"https:\/\/energizer.com\/eu\/switzerland\/wp-json\/wp\/v2\/product\/7193\/revisions\/10000"}],"wp:attachment":[{"href":"https:\/\/energizer.com\/eu\/switzerland\/wp-json\/wp\/v2\/media?parent=7193"}],"wp:term":[{"taxonomy":"product_brand","embeddable":true,"href":"https:\/\/energizer.com\/eu\/switzerland\/wp-json\/wp\/v2\/product_brand?post=7193"},{"taxonomy":"product_cat","embeddable":true,"href":"https:\/\/energizer.com\/eu\/switzerland\/wp-json\/wp\/v2\/product_cat?post=7193"},{"taxonomy":"product_tag","embeddable":true,"href":"https:\/\/energizer.com\/eu\/switzerland\/wp-json\/wp\/v2\/product_tag?post=7193"}],"curies":[{"name":"wp","href":"https:\/\/api.w.org\/{rel}","templated":true}]}}