{"id":7199,"date":"2024-06-03T05:16:27","date_gmt":"2024-06-03T05:16:27","guid":{"rendered":"https:\/\/23b13e8ab3.nxcli.io\/switzerland\/?post_type=product&#038;p=7199"},"modified":"2024-12-30T05:06:05","modified_gmt":"2024-12-30T05:06:05","slug":"energizer-alkaline-power-aa","status":"publish","type":"product","link":"https:\/\/energizer.com\/eu\/switzerland\/product\/energizer-alkaline-power-aa\/","title":{"rendered":"ENERGIZER\u00ae ALKALINE POWER &#8211; AA"},"content":{"rendered":"<ul>\n<li>Pack de 4 piles alcalines AA Energizer<\/li>\n<li>Une \u00e9nergie fiable : piles LR6 pour appareils photo, sonnettes, t\u00e9l\u00e9commandes, horloges et jouets<\/li>\n<li>Fabrication \u00e0 partir de mat\u00e9riaux recycl\u00e9s: nos piles Power Alkaline AA contiennent des mat\u00e9riaux recyl\u00e9s (jusqu\u2019\u00e0 10%)<\/li>\n<li>\n<div class=\"jsx-3199571925 annotation-reply\">\n<div class=\"jsx-3199571925 comment\">Jusqu\u2019\u00e0 10% d\u2019acier recycl\u00e9. AA\/AAA seulement<\/div>\n<\/div>\n<div class=\"jsx-2518687885 add-comment\">\n<div class=\"jsx-2518687885 new-reply-wrapper\">\n<div class=\"jsx-3809364940 textarea-wrapper small no-border\"><\/div>\n<\/div>\n<\/div>\n<\/li>\n<li>Emballage 100% recyclable: cet emballage est fabriqu\u00e9 \u00e0 partir de carton 100% recyclable<\/li>\n<li>\u201cFabrication \u00e0 partir de mat\u00e9riaux recycl\u00e9s: nos piles Power Alkaline AA contiennent des mat\u00e9riaux recyl\u00e9s (jusqu\u2019\u00e0 10%)<\/li>\n<\/ul>\n","protected":false},"excerpt":{"rendered":"<p>Tirez le meilleur parti de vos appareils indispensables gr\u00e2ce \u00e0 l\u2019\u00e9nergie fiable et longue dur\u00e9e que vous exigez de piles Energizer. Faites le plein de piles pour lampes et jouets, ainsi que de piles pour montres, piles pour appareil photo et de piles pour t\u00e9l\u00e9commande. Cette pile alcaline est \u00e9galement un excellent choix si vous avez besoin d\u2019une pile alcaline AA pour les appareils de tous les jours comme les t\u00e9l\u00e9commandes de voiture et les torches. Les piles alcalines AA Energizer conservent leur autonomie jusqu\u2019\u00e0 7 ans si elles sont entrepos\u00e9es. Avec Energizer, l\u2019\u00e9nergie est pr\u00eate quand vous l\u2019\u00eates. La gamme alcaline Energizer comprend \u00e9galement des piles AAA, C, D et 9V. Il est donc facile de trouver une \u00e9nergie fiable dans le format dont vous avez besoin. Pour les piles rechargeables, choisissez la gamme Energizer Recharge, id\u00e9ale pour les appareils haute technologie.<\/p>\n","protected":false},"featured_media":0,"comment_status":"open","ping_status":"closed","template":"","meta":{"_acf_changed":false},"product_brand":[],"product_cat":[57],"product_tag":[],"class_list":{"0":"post-7199","1":"product","2":"type-product","3":"status-publish","5":"product_cat-alkaline-power","7":"first","8":"instock","9":"shipping-taxable","10":"product-type-simple"},"acf":[],"yoast_head":"<!-- This site is optimized with the Yoast SEO plugin v27.2 - https:\/\/yoast.com\/product\/yoast-seo-wordpress\/ -->\n<title>ENERGIZER\u00ae ALKALINE POWER - AA - Switzerland<\/title>\n<meta name=\"robots\" content=\"index, follow, max-snippet:-1, max-image-preview:large, max-video-preview:-1\" \/>\n<link rel=\"canonical\" href=\"https:\/\/energizer.com\/eu\/switzerland\/product\/energizer-alkaline-power-aa\/\" \/>\n<meta property=\"og:locale\" content=\"en_US\" \/>\n<meta property=\"og:type\" content=\"article\" \/>\n<meta property=\"og:title\" content=\"ENERGIZER\u00ae ALKALINE POWER - AA - Switzerland\" \/>\n<meta property=\"og:description\" content=\"Tirez le meilleur parti de vos appareils indispensables gr\u00e2ce \u00e0 l\u2019\u00e9nergie fiable et longue dur\u00e9e que vous exigez de piles Energizer. Faites le plein de piles pour lampes et jouets, ainsi que de piles pour montres, piles pour appareil photo et de piles pour t\u00e9l\u00e9commande. Cette pile alcaline est \u00e9galement un excellent choix si vous avez besoin d\u2019une pile alcaline AA pour les appareils de tous les jours comme les t\u00e9l\u00e9commandes de voiture et les torches. Les piles alcalines AA Energizer conservent leur autonomie jusqu\u2019\u00e0 7 ans si elles sont entrepos\u00e9es. Avec Energizer, l\u2019\u00e9nergie est pr\u00eate quand vous l\u2019\u00eates. La gamme alcaline Energizer comprend \u00e9galement des piles AAA, C, D et 9V. Il est donc facile de trouver une \u00e9nergie fiable dans le format dont vous avez besoin. Pour les piles rechargeables, choisissez la gamme Energizer Recharge, id\u00e9ale pour les appareils haute technologie.\" \/>\n<meta property=\"og:url\" content=\"https:\/\/energizer.com\/eu\/switzerland\/product\/energizer-alkaline-power-aa\/\" \/>\n<meta property=\"og:site_name\" content=\"Switzerland\" \/>\n<meta property=\"article:modified_time\" content=\"2024-12-30T05:06:05+00:00\" \/>\n<meta name=\"twitter:card\" content=\"summary_large_image\" \/>\n<script type=\"application\/ld+json\" class=\"yoast-schema-graph\">{\"@context\":\"https:\/\/schema.org\",\"@graph\":[{\"@type\":\"WebPage\",\"@id\":\"https:\/\/energizer.com\/eu\/switzerland\/product\/energizer-alkaline-power-aa\/\",\"url\":\"https:\/\/energizer.com\/eu\/switzerland\/product\/energizer-alkaline-power-aa\/\",\"name\":\"ENERGIZER\u00ae ALKALINE POWER - AA - Switzerland\",\"isPartOf\":{\"@id\":\"https:\/\/energizer.com\/eu\/switzerland\/#website\"},\"datePublished\":\"2024-06-03T05:16:27+00:00\",\"dateModified\":\"2024-12-30T05:06:05+00:00\",\"breadcrumb\":{\"@id\":\"https:\/\/energizer.com\/eu\/switzerland\/product\/energizer-alkaline-power-aa\/#breadcrumb\"},\"inLanguage\":\"en-US\",\"potentialAction\":[{\"@type\":\"ReadAction\",\"target\":[\"https:\/\/energizer.com\/eu\/switzerland\/product\/energizer-alkaline-power-aa\/\"]}]},{\"@type\":\"BreadcrumbList\",\"@id\":\"https:\/\/energizer.com\/eu\/switzerland\/product\/energizer-alkaline-power-aa\/#breadcrumb\",\"itemListElement\":[{\"@type\":\"ListItem\",\"position\":1,\"name\":\"Home\",\"item\":\"https:\/\/energizer.com\/eu\/switzerland\/\"},{\"@type\":\"ListItem\",\"position\":2,\"name\":\"ENERGIZER\u00ae ALKALINE POWER &#8211; AA\"}]},{\"@type\":\"WebSite\",\"@id\":\"https:\/\/energizer.com\/eu\/switzerland\/#website\",\"url\":\"https:\/\/energizer.com\/eu\/switzerland\/\",\"name\":\"Energizer Switzerland (FR)\",\"description\":\"\",\"publisher\":{\"@id\":\"https:\/\/energizer.com\/eu\/switzerland\/#organization\"},\"potentialAction\":[{\"@type\":\"SearchAction\",\"target\":{\"@type\":\"EntryPoint\",\"urlTemplate\":\"https:\/\/energizer.com\/eu\/switzerland\/?s={search_term_string}\"},\"query-input\":{\"@type\":\"PropertyValueSpecification\",\"valueRequired\":true,\"valueName\":\"search_term_string\"}}],\"inLanguage\":\"en-US\"},{\"@type\":\"Organization\",\"@id\":\"https:\/\/energizer.com\/eu\/switzerland\/#organization\",\"name\":\"Energizer Switzerland (FR)\",\"url\":\"https:\/\/energizer.com\/eu\/switzerland\/\",\"logo\":{\"@type\":\"ImageObject\",\"inLanguage\":\"en-US\",\"@id\":\"https:\/\/energizer.com\/eu\/switzerland\/#\/schema\/logo\/image\/\",\"url\":\"https:\/\/energizer.com\/eu\/switzerland\/wp-content\/uploads\/sites\/58\/2024\/04\/Energizer_brand.png\",\"contentUrl\":\"https:\/\/energizer.com\/eu\/switzerland\/wp-content\/uploads\/sites\/58\/2024\/04\/Energizer_brand.png\",\"width\":267,\"height\":100,\"caption\":\"Energizer Switzerland (FR)\"},\"image\":{\"@id\":\"https:\/\/energizer.com\/eu\/switzerland\/#\/schema\/logo\/image\/\"}}]}<\/script>\n<!-- \/ Yoast SEO plugin. -->","yoast_head_json":{"title":"ENERGIZER\u00ae ALKALINE POWER - AA - Switzerland","robots":{"index":"index","follow":"follow","max-snippet":"max-snippet:-1","max-image-preview":"max-image-preview:large","max-video-preview":"max-video-preview:-1"},"canonical":"https:\/\/energizer.com\/eu\/switzerland\/product\/energizer-alkaline-power-aa\/","og_locale":"en_US","og_type":"article","og_title":"ENERGIZER\u00ae ALKALINE POWER - AA - Switzerland","og_description":"Tirez le meilleur parti de vos appareils indispensables gr\u00e2ce \u00e0 l\u2019\u00e9nergie fiable et longue dur\u00e9e que vous exigez de piles Energizer. Faites le plein de piles pour lampes et jouets, ainsi que de piles pour montres, piles pour appareil photo et de piles pour t\u00e9l\u00e9commande. Cette pile alcaline est \u00e9galement un excellent choix si vous avez besoin d\u2019une pile alcaline AA pour les appareils de tous les jours comme les t\u00e9l\u00e9commandes de voiture et les torches. Les piles alcalines AA Energizer conservent leur autonomie jusqu\u2019\u00e0 7 ans si elles sont entrepos\u00e9es. Avec Energizer, l\u2019\u00e9nergie est pr\u00eate quand vous l\u2019\u00eates. La gamme alcaline Energizer comprend \u00e9galement des piles AAA, C, D et 9V. Il est donc facile de trouver une \u00e9nergie fiable dans le format dont vous avez besoin. Pour les piles rechargeables, choisissez la gamme Energizer Recharge, id\u00e9ale pour les appareils haute technologie.","og_url":"https:\/\/energizer.com\/eu\/switzerland\/product\/energizer-alkaline-power-aa\/","og_site_name":"Switzerland","article_modified_time":"2024-12-30T05:06:05+00:00","twitter_card":"summary_large_image","schema":{"@context":"https:\/\/schema.org","@graph":[{"@type":"WebPage","@id":"https:\/\/energizer.com\/eu\/switzerland\/product\/energizer-alkaline-power-aa\/","url":"https:\/\/energizer.com\/eu\/switzerland\/product\/energizer-alkaline-power-aa\/","name":"ENERGIZER\u00ae ALKALINE POWER - AA - Switzerland","isPartOf":{"@id":"https:\/\/energizer.com\/eu\/switzerland\/#website"},"datePublished":"2024-06-03T05:16:27+00:00","dateModified":"2024-12-30T05:06:05+00:00","breadcrumb":{"@id":"https:\/\/energizer.com\/eu\/switzerland\/product\/energizer-alkaline-power-aa\/#breadcrumb"},"inLanguage":"en-US","potentialAction":[{"@type":"ReadAction","target":["https:\/\/energizer.com\/eu\/switzerland\/product\/energizer-alkaline-power-aa\/"]}]},{"@type":"BreadcrumbList","@id":"https:\/\/energizer.com\/eu\/switzerland\/product\/energizer-alkaline-power-aa\/#breadcrumb","itemListElement":[{"@type":"ListItem","position":1,"name":"Home","item":"https:\/\/energizer.com\/eu\/switzerland\/"},{"@type":"ListItem","position":2,"name":"ENERGIZER\u00ae ALKALINE POWER &#8211; AA"}]},{"@type":"WebSite","@id":"https:\/\/energizer.com\/eu\/switzerland\/#website","url":"https:\/\/energizer.com\/eu\/switzerland\/","name":"Energizer Switzerland (FR)","description":"","publisher":{"@id":"https:\/\/energizer.com\/eu\/switzerland\/#organization"},"potentialAction":[{"@type":"SearchAction","target":{"@type":"EntryPoint","urlTemplate":"https:\/\/energizer.com\/eu\/switzerland\/?s={search_term_string}"},"query-input":{"@type":"PropertyValueSpecification","valueRequired":true,"valueName":"search_term_string"}}],"inLanguage":"en-US"},{"@type":"Organization","@id":"https:\/\/energizer.com\/eu\/switzerland\/#organization","name":"Energizer Switzerland (FR)","url":"https:\/\/energizer.com\/eu\/switzerland\/","logo":{"@type":"ImageObject","inLanguage":"en-US","@id":"https:\/\/energizer.com\/eu\/switzerland\/#\/schema\/logo\/image\/","url":"https:\/\/energizer.com\/eu\/switzerland\/wp-content\/uploads\/sites\/58\/2024\/04\/Energizer_brand.png","contentUrl":"https:\/\/energizer.com\/eu\/switzerland\/wp-content\/uploads\/sites\/58\/2024\/04\/Energizer_brand.png","width":267,"height":100,"caption":"Energizer Switzerland (FR)"},"image":{"@id":"https:\/\/energizer.com\/eu\/switzerland\/#\/schema\/logo\/image\/"}}]}},"_links":{"self":[{"href":"https:\/\/energizer.com\/eu\/switzerland\/wp-json\/wp\/v2\/product\/7199","targetHints":{"allow":["GET"]}}],"collection":[{"href":"https:\/\/energizer.com\/eu\/switzerland\/wp-json\/wp\/v2\/product"}],"about":[{"href":"https:\/\/energizer.com\/eu\/switzerland\/wp-json\/wp\/v2\/types\/product"}],"replies":[{"embeddable":true,"href":"https:\/\/energizer.com\/eu\/switzerland\/wp-json\/wp\/v2\/comments?post=7199"}],"version-history":[{"count":8,"href":"https:\/\/energizer.com\/eu\/switzerland\/wp-json\/wp\/v2\/product\/7199\/revisions"}],"predecessor-version":[{"id":9884,"href":"https:\/\/energizer.com\/eu\/switzerland\/wp-json\/wp\/v2\/product\/7199\/revisions\/9884"}],"wp:attachment":[{"href":"https:\/\/energizer.com\/eu\/switzerland\/wp-json\/wp\/v2\/media?parent=7199"}],"wp:term":[{"taxonomy":"product_brand","embeddable":true,"href":"https:\/\/energizer.com\/eu\/switzerland\/wp-json\/wp\/v2\/product_brand?post=7199"},{"taxonomy":"product_cat","embeddable":true,"href":"https:\/\/energizer.com\/eu\/switzerland\/wp-json\/wp\/v2\/product_cat?post=7199"},{"taxonomy":"product_tag","embeddable":true,"href":"https:\/\/energizer.com\/eu\/switzerland\/wp-json\/wp\/v2\/product_tag?post=7199"}],"curies":[{"name":"wp","href":"https:\/\/api.w.org\/{rel}","templated":true}]}}