{"id":7204,"date":"2024-06-03T05:16:27","date_gmt":"2024-06-03T05:16:27","guid":{"rendered":"https:\/\/23b13e8ab3.nxcli.io\/switzerland\/?post_type=product&#038;p=7204"},"modified":"2024-12-31T06:23:11","modified_gmt":"2024-12-31T06:23:11","slug":"energizer-max-9v","status":"publish","type":"product","link":"https:\/\/energizer.com\/eu\/switzerland\/product\/energizer-max-9v\/","title":{"rendered":"ENERGIZER\u00ae MAX &#8211; 9V"},"content":{"rendered":"<div class=\"jsx-3636891234 relative px-2.5 pb-2\">\n<div class=\"jsx-3636891234 comment-privacy-wrapper\">\n<ul>\n<li>\n<div class=\"jsx-3636891234 relative px-2.5 pb-2\">\n<div class=\"jsx-3636891234 comment-privacy-wrapper\">Pack de 1 pile alcaline Energizer Max 9V<\/div>\n<\/div>\n<\/li>\n<li>Une \u00e9nergie fiable : pile alcaline 9V Energizer pour vos appareils les plus sollicit\u00e9s, comme les d\u00e9tecteurs de fum\u00e9e, les t\u00e9l\u00e9commandes, les jouets et les sonnettes<\/li>\n<li>Qualit\u00e9: les piles Energizer Max 9V se conservent jusqu\u2019\u00e0 5 ans dans leur emballage, pour pouvoir les utiliser d\u00e8s que vous en avez besoin<\/li>\n<li>Emballage 100% recyclable: cet emballage est fabriqu\u00e9 \u00e0 partir de carton 100% recylclable<\/li>\n<\/ul>\n<\/div>\n<\/div>\n","protected":false},"excerpt":{"rendered":"<p>Tirez le meilleur parti de vos appareils indispensables gr\u00e2ce \u00e0 l&#8217;\u00e9nergie fiable et longue dur\u00e9e que vous exigez d&#8217;une pile Energizer. Faites le plein de piles pour d\u00e9tecteurs de fum\u00e9e et rasoirs \u00e9lectriques, ainsi que de piles pour sonnettes et t\u00e9l\u00e9commandes \u00e0 piles. Ce pack est \u00e9galement un excellent choix si vous avez besoin d&#8217;une pile fiable pour torche. Chaque pile alcaline 9V Energizer conserve son \u00e9nergie jusqu&#8217;\u00e0 5 ans lorsqu&#8217;elle est stock\u00e9e. Avec Energizer, l&#8217;\u00e9nergie est pr\u00eate quand vous l&#8217;\u00eates. La gamme de piles Energizer Max comprend \u00e9galement des piles AA, AAA, C et D. Il est donc facile de trouver une \u00e9nergie fiable dans le format dont vous avez besoin. Pour les piles rechargeables, choisissez la gamme Energizer Recharge, id\u00e9ale pour les appareils haute technologie.<\/p>\n<p>Energizer sait \u00e0 quel point il est important de prendre soin de notre plan\u00e8te et de ses espaces verts. C&#8217;est pourquoi ces batteries sont vendues dans des emballages 100 % recyclables et sans plastique* qui soutiennent une sylviculture responsable.<br \/>\nVeuillez noter que l&#8217;emballage de la batterie Energizer que vous recevez peut diff\u00e9rer de l&#8217;emballage illustr\u00e9, selon le stock. Merci de votre patience pendant notre p\u00e9riode de transition vers les emballages recyclables.<\/p>\n<p>* \u00c0 l&#8217;exception des scell\u00e9s de certains emballages<\/p>\n","protected":false},"featured_media":0,"comment_status":"open","ping_status":"closed","template":"","meta":{"_acf_changed":false},"product_brand":[],"product_cat":[26],"product_tag":[],"class_list":{"0":"post-7204","1":"product","2":"type-product","3":"status-publish","5":"product_cat-energizer-max","7":"first","8":"instock","9":"shipping-taxable","10":"product-type-simple"},"acf":[],"yoast_head":"<!-- This site is optimized with the Yoast SEO plugin v27.2 - https:\/\/yoast.com\/product\/yoast-seo-wordpress\/ -->\n<title>ENERGIZER\u00ae MAX - 9V - Switzerland<\/title>\n<meta name=\"robots\" content=\"index, follow, max-snippet:-1, max-image-preview:large, max-video-preview:-1\" \/>\n<link rel=\"canonical\" href=\"https:\/\/energizer.com\/eu\/switzerland\/product\/energizer-max-9v\/\" \/>\n<meta property=\"og:locale\" content=\"en_US\" \/>\n<meta property=\"og:type\" content=\"article\" \/>\n<meta property=\"og:title\" content=\"ENERGIZER\u00ae MAX - 9V - Switzerland\" \/>\n<meta property=\"og:description\" content=\"Tirez le meilleur parti de vos appareils indispensables gr\u00e2ce \u00e0 l&#039;\u00e9nergie fiable et longue dur\u00e9e que vous exigez d&#039;une pile Energizer. Faites le plein de piles pour d\u00e9tecteurs de fum\u00e9e et rasoirs \u00e9lectriques, ainsi que de piles pour sonnettes et t\u00e9l\u00e9commandes \u00e0 piles. Ce pack est \u00e9galement un excellent choix si vous avez besoin d&#039;une pile fiable pour torche. Chaque pile alcaline 9V Energizer conserve son \u00e9nergie jusqu&#039;\u00e0 5 ans lorsqu&#039;elle est stock\u00e9e. Avec Energizer, l&#039;\u00e9nergie est pr\u00eate quand vous l&#039;\u00eates. La gamme de piles Energizer Max comprend \u00e9galement des piles AA, AAA, C et D. Il est donc facile de trouver une \u00e9nergie fiable dans le format dont vous avez besoin. Pour les piles rechargeables, choisissez la gamme Energizer Recharge, id\u00e9ale pour les appareils haute technologie.  Energizer sait \u00e0 quel point il est important de prendre soin de notre plan\u00e8te et de ses espaces verts. C&#039;est pourquoi ces batteries sont vendues dans des emballages 100 % recyclables et sans plastique* qui soutiennent une sylviculture responsable. Veuillez noter que l&#039;emballage de la batterie Energizer que vous recevez peut diff\u00e9rer de l&#039;emballage illustr\u00e9, selon le stock. Merci de votre patience pendant notre p\u00e9riode de transition vers les emballages recyclables.  * \u00c0 l&#039;exception des scell\u00e9s de certains emballages\" \/>\n<meta property=\"og:url\" content=\"https:\/\/energizer.com\/eu\/switzerland\/product\/energizer-max-9v\/\" \/>\n<meta property=\"og:site_name\" content=\"Switzerland\" \/>\n<meta property=\"article:modified_time\" content=\"2024-12-31T06:23:11+00:00\" \/>\n<meta name=\"twitter:card\" content=\"summary_large_image\" \/>\n<script type=\"application\/ld+json\" class=\"yoast-schema-graph\">{\"@context\":\"https:\/\/schema.org\",\"@graph\":[{\"@type\":\"WebPage\",\"@id\":\"https:\/\/energizer.com\/eu\/switzerland\/product\/energizer-max-9v\/\",\"url\":\"https:\/\/energizer.com\/eu\/switzerland\/product\/energizer-max-9v\/\",\"name\":\"ENERGIZER\u00ae MAX - 9V - Switzerland\",\"isPartOf\":{\"@id\":\"https:\/\/energizer.com\/eu\/switzerland\/#website\"},\"datePublished\":\"2024-06-03T05:16:27+00:00\",\"dateModified\":\"2024-12-31T06:23:11+00:00\",\"breadcrumb\":{\"@id\":\"https:\/\/energizer.com\/eu\/switzerland\/product\/energizer-max-9v\/#breadcrumb\"},\"inLanguage\":\"en-US\",\"potentialAction\":[{\"@type\":\"ReadAction\",\"target\":[\"https:\/\/energizer.com\/eu\/switzerland\/product\/energizer-max-9v\/\"]}]},{\"@type\":\"BreadcrumbList\",\"@id\":\"https:\/\/energizer.com\/eu\/switzerland\/product\/energizer-max-9v\/#breadcrumb\",\"itemListElement\":[{\"@type\":\"ListItem\",\"position\":1,\"name\":\"Home\",\"item\":\"https:\/\/energizer.com\/eu\/switzerland\/\"},{\"@type\":\"ListItem\",\"position\":2,\"name\":\"ENERGIZER\u00ae MAX &#8211; 9V\"}]},{\"@type\":\"WebSite\",\"@id\":\"https:\/\/energizer.com\/eu\/switzerland\/#website\",\"url\":\"https:\/\/energizer.com\/eu\/switzerland\/\",\"name\":\"Energizer Switzerland (FR)\",\"description\":\"\",\"publisher\":{\"@id\":\"https:\/\/energizer.com\/eu\/switzerland\/#organization\"},\"potentialAction\":[{\"@type\":\"SearchAction\",\"target\":{\"@type\":\"EntryPoint\",\"urlTemplate\":\"https:\/\/energizer.com\/eu\/switzerland\/?s={search_term_string}\"},\"query-input\":{\"@type\":\"PropertyValueSpecification\",\"valueRequired\":true,\"valueName\":\"search_term_string\"}}],\"inLanguage\":\"en-US\"},{\"@type\":\"Organization\",\"@id\":\"https:\/\/energizer.com\/eu\/switzerland\/#organization\",\"name\":\"Energizer Switzerland (FR)\",\"url\":\"https:\/\/energizer.com\/eu\/switzerland\/\",\"logo\":{\"@type\":\"ImageObject\",\"inLanguage\":\"en-US\",\"@id\":\"https:\/\/energizer.com\/eu\/switzerland\/#\/schema\/logo\/image\/\",\"url\":\"https:\/\/energizer.com\/eu\/switzerland\/wp-content\/uploads\/sites\/58\/2024\/04\/Energizer_brand.png\",\"contentUrl\":\"https:\/\/energizer.com\/eu\/switzerland\/wp-content\/uploads\/sites\/58\/2024\/04\/Energizer_brand.png\",\"width\":267,\"height\":100,\"caption\":\"Energizer Switzerland (FR)\"},\"image\":{\"@id\":\"https:\/\/energizer.com\/eu\/switzerland\/#\/schema\/logo\/image\/\"}}]}<\/script>\n<!-- \/ Yoast SEO plugin. -->","yoast_head_json":{"title":"ENERGIZER\u00ae MAX - 9V - Switzerland","robots":{"index":"index","follow":"follow","max-snippet":"max-snippet:-1","max-image-preview":"max-image-preview:large","max-video-preview":"max-video-preview:-1"},"canonical":"https:\/\/energizer.com\/eu\/switzerland\/product\/energizer-max-9v\/","og_locale":"en_US","og_type":"article","og_title":"ENERGIZER\u00ae MAX - 9V - Switzerland","og_description":"Tirez le meilleur parti de vos appareils indispensables gr\u00e2ce \u00e0 l'\u00e9nergie fiable et longue dur\u00e9e que vous exigez d'une pile Energizer. Faites le plein de piles pour d\u00e9tecteurs de fum\u00e9e et rasoirs \u00e9lectriques, ainsi que de piles pour sonnettes et t\u00e9l\u00e9commandes \u00e0 piles. Ce pack est \u00e9galement un excellent choix si vous avez besoin d'une pile fiable pour torche. Chaque pile alcaline 9V Energizer conserve son \u00e9nergie jusqu'\u00e0 5 ans lorsqu'elle est stock\u00e9e. Avec Energizer, l'\u00e9nergie est pr\u00eate quand vous l'\u00eates. La gamme de piles Energizer Max comprend \u00e9galement des piles AA, AAA, C et D. Il est donc facile de trouver une \u00e9nergie fiable dans le format dont vous avez besoin. Pour les piles rechargeables, choisissez la gamme Energizer Recharge, id\u00e9ale pour les appareils haute technologie.  Energizer sait \u00e0 quel point il est important de prendre soin de notre plan\u00e8te et de ses espaces verts. C'est pourquoi ces batteries sont vendues dans des emballages 100 % recyclables et sans plastique* qui soutiennent une sylviculture responsable. Veuillez noter que l'emballage de la batterie Energizer que vous recevez peut diff\u00e9rer de l'emballage illustr\u00e9, selon le stock. Merci de votre patience pendant notre p\u00e9riode de transition vers les emballages recyclables.  * \u00c0 l'exception des scell\u00e9s de certains emballages","og_url":"https:\/\/energizer.com\/eu\/switzerland\/product\/energizer-max-9v\/","og_site_name":"Switzerland","article_modified_time":"2024-12-31T06:23:11+00:00","twitter_card":"summary_large_image","schema":{"@context":"https:\/\/schema.org","@graph":[{"@type":"WebPage","@id":"https:\/\/energizer.com\/eu\/switzerland\/product\/energizer-max-9v\/","url":"https:\/\/energizer.com\/eu\/switzerland\/product\/energizer-max-9v\/","name":"ENERGIZER\u00ae MAX - 9V - Switzerland","isPartOf":{"@id":"https:\/\/energizer.com\/eu\/switzerland\/#website"},"datePublished":"2024-06-03T05:16:27+00:00","dateModified":"2024-12-31T06:23:11+00:00","breadcrumb":{"@id":"https:\/\/energizer.com\/eu\/switzerland\/product\/energizer-max-9v\/#breadcrumb"},"inLanguage":"en-US","potentialAction":[{"@type":"ReadAction","target":["https:\/\/energizer.com\/eu\/switzerland\/product\/energizer-max-9v\/"]}]},{"@type":"BreadcrumbList","@id":"https:\/\/energizer.com\/eu\/switzerland\/product\/energizer-max-9v\/#breadcrumb","itemListElement":[{"@type":"ListItem","position":1,"name":"Home","item":"https:\/\/energizer.com\/eu\/switzerland\/"},{"@type":"ListItem","position":2,"name":"ENERGIZER\u00ae MAX &#8211; 9V"}]},{"@type":"WebSite","@id":"https:\/\/energizer.com\/eu\/switzerland\/#website","url":"https:\/\/energizer.com\/eu\/switzerland\/","name":"Energizer Switzerland (FR)","description":"","publisher":{"@id":"https:\/\/energizer.com\/eu\/switzerland\/#organization"},"potentialAction":[{"@type":"SearchAction","target":{"@type":"EntryPoint","urlTemplate":"https:\/\/energizer.com\/eu\/switzerland\/?s={search_term_string}"},"query-input":{"@type":"PropertyValueSpecification","valueRequired":true,"valueName":"search_term_string"}}],"inLanguage":"en-US"},{"@type":"Organization","@id":"https:\/\/energizer.com\/eu\/switzerland\/#organization","name":"Energizer Switzerland (FR)","url":"https:\/\/energizer.com\/eu\/switzerland\/","logo":{"@type":"ImageObject","inLanguage":"en-US","@id":"https:\/\/energizer.com\/eu\/switzerland\/#\/schema\/logo\/image\/","url":"https:\/\/energizer.com\/eu\/switzerland\/wp-content\/uploads\/sites\/58\/2024\/04\/Energizer_brand.png","contentUrl":"https:\/\/energizer.com\/eu\/switzerland\/wp-content\/uploads\/sites\/58\/2024\/04\/Energizer_brand.png","width":267,"height":100,"caption":"Energizer Switzerland (FR)"},"image":{"@id":"https:\/\/energizer.com\/eu\/switzerland\/#\/schema\/logo\/image\/"}}]}},"_links":{"self":[{"href":"https:\/\/energizer.com\/eu\/switzerland\/wp-json\/wp\/v2\/product\/7204","targetHints":{"allow":["GET"]}}],"collection":[{"href":"https:\/\/energizer.com\/eu\/switzerland\/wp-json\/wp\/v2\/product"}],"about":[{"href":"https:\/\/energizer.com\/eu\/switzerland\/wp-json\/wp\/v2\/types\/product"}],"replies":[{"embeddable":true,"href":"https:\/\/energizer.com\/eu\/switzerland\/wp-json\/wp\/v2\/comments?post=7204"}],"version-history":[{"count":8,"href":"https:\/\/energizer.com\/eu\/switzerland\/wp-json\/wp\/v2\/product\/7204\/revisions"}],"predecessor-version":[{"id":10003,"href":"https:\/\/energizer.com\/eu\/switzerland\/wp-json\/wp\/v2\/product\/7204\/revisions\/10003"}],"wp:attachment":[{"href":"https:\/\/energizer.com\/eu\/switzerland\/wp-json\/wp\/v2\/media?parent=7204"}],"wp:term":[{"taxonomy":"product_brand","embeddable":true,"href":"https:\/\/energizer.com\/eu\/switzerland\/wp-json\/wp\/v2\/product_brand?post=7204"},{"taxonomy":"product_cat","embeddable":true,"href":"https:\/\/energizer.com\/eu\/switzerland\/wp-json\/wp\/v2\/product_cat?post=7204"},{"taxonomy":"product_tag","embeddable":true,"href":"https:\/\/energizer.com\/eu\/switzerland\/wp-json\/wp\/v2\/product_tag?post=7204"}],"curies":[{"name":"wp","href":"https:\/\/api.w.org\/{rel}","templated":true}]}}